{"id":508,"date":"2022-10-17T02:39:00","date_gmt":"2022-10-17T00:39:00","guid":{"rendered":"https:\/\/jourdainkobycheva.com\/?post_type=product&#038;p=508"},"modified":"2023-01-17T23:57:27","modified_gmt":"2023-01-17T22:57:27","slug":"photo-etude-n4","status":"publish","type":"product","link":"https:\/\/jourdainkobycheva.com\/es\/producto\/photo-etude-n4\/","title":{"rendered":"Estudio fotogr\u00e1fico n\u00b04"},"content":{"rendered":"<ul>\n<li><strong>Dimensiones<\/strong> 53\u00d780cm. Foto firmada y numerada.<\/li>\n<li>Impresi\u00f3n digital sobre aluminio blanco (Dibond)<\/li>\n<\/ul>","protected":false},"excerpt":{"rendered":"<p>La obra de la serie \u201cPintura de luz sobre fondo negro\u201d.<\/p>","protected":false},"featured_media":509,"template":"","meta":{"_et_pb_use_builder":"","_et_pb_old_content":"","_et_gb_content_width":""},"product_brand":[],"product_cat":[26],"product_tag":[],"class_list":{"0":"post-508","1":"product","2":"type-product","3":"status-publish","4":"has-post-thumbnail","6":"product_cat-nu-e-s","8":"first","9":"instock","10":"shipping-taxable","11":"purchasable","12":"product-type-simple"},"yoast_head":"<!-- This site is optimized with the Yoast SEO plugin v27.3 - https:\/\/yoast.com\/product\/yoast-seo-wordpress\/ -->\n<title>Photo Etude n\u00b04 - Polina Jourdain Kobycheva - Photographe<\/title>\n<meta name=\"description\" content=\"L&#039;\u0153uvre de la s\u00e9rie \u00ab Peinture de lumi\u00e8re sur le fond noir \u00bb. Photographie artistique nu f\u00e9minin. Photo noir et blanc pour la d\u00e9coration d&#039;int\u00e9rieur.\" \/>\n<meta name=\"robots\" content=\"index, follow, max-snippet:-1, max-image-preview:large, max-video-preview:-1\" \/>\n<link rel=\"canonical\" href=\"https:\/\/jourdainkobycheva.com\/es\/product\/photo-etude-n4\/\" \/>\n<meta property=\"og:locale\" content=\"es_ES\" \/>\n<meta property=\"og:type\" content=\"article\" \/>\n<meta property=\"og:title\" content=\"Photo Etude n\u00b04 - Polina Jourdain Kobycheva - Photographe\" \/>\n<meta property=\"og:description\" content=\"L&#039;\u0153uvre de la s\u00e9rie \u00ab Peinture de lumi\u00e8re sur le fond noir \u00bb. Photographie artistique nu f\u00e9minin. Photo noir et blanc pour la d\u00e9coration d&#039;int\u00e9rieur.\" \/>\n<meta property=\"og:url\" content=\"https:\/\/jourdainkobycheva.com\/es\/product\/photo-etude-n4\/\" \/>\n<meta property=\"og:site_name\" content=\"Polina Jourdain Kobycheva - Photographe\" \/>\n<meta property=\"article:modified_time\" content=\"2023-01-17T22:57:27+00:00\" \/>\n<meta property=\"og:image\" content=\"https:\/\/jourdainkobycheva.com\/wp-content\/uploads\/2022\/10\/Etude-\u2116-4-cat-scaled.jpg\" \/>\n\t<meta property=\"og:image:width\" content=\"1632\" \/>\n\t<meta property=\"og:image:height\" content=\"2560\" \/>\n\t<meta property=\"og:image:type\" content=\"image\/jpeg\" \/>\n<meta name=\"twitter:card\" content=\"summary_large_image\" \/>\n<meta name=\"twitter:label1\" content=\"Tiempo de lectura\" \/>\n\t<meta name=\"twitter:data1\" content=\"1 minuto\" \/>\n<script type=\"application\/ld+json\" class=\"yoast-schema-graph\">{\"@context\":\"https:\\\/\\\/schema.org\",\"@graph\":[{\"@type\":\"WebPage\",\"@id\":\"https:\\\/\\\/jourdainkobycheva.com\\\/en\\\/product\\\/photo-etude-n4\\\/\",\"url\":\"https:\\\/\\\/jourdainkobycheva.com\\\/en\\\/product\\\/photo-etude-n4\\\/\",\"name\":\"Photo Etude n\u00b04 - Polina Jourdain Kobycheva - Photographe\",\"isPartOf\":{\"@id\":\"https:\\\/\\\/jourdainkobycheva.com\\\/#website\"},\"primaryImageOfPage\":{\"@id\":\"https:\\\/\\\/jourdainkobycheva.com\\\/en\\\/product\\\/photo-etude-n4\\\/#primaryimage\"},\"image\":{\"@id\":\"https:\\\/\\\/jourdainkobycheva.com\\\/en\\\/product\\\/photo-etude-n4\\\/#primaryimage\"},\"thumbnailUrl\":\"https:\\\/\\\/jourdainkobycheva.com\\\/wp-content\\\/uploads\\\/2022\\\/10\\\/Etude-\u2116-4-cat-scaled.jpg\",\"datePublished\":\"2022-10-17T00:39:00+00:00\",\"dateModified\":\"2023-01-17T22:57:27+00:00\",\"description\":\"L'\u0153uvre de la s\u00e9rie \u00ab Peinture de lumi\u00e8re sur le fond noir \u00bb. Photographie artistique nu f\u00e9minin. Photo noir et blanc pour la d\u00e9coration d'int\u00e9rieur.\",\"breadcrumb\":{\"@id\":\"https:\\\/\\\/jourdainkobycheva.com\\\/en\\\/product\\\/photo-etude-n4\\\/#breadcrumb\"},\"inLanguage\":\"es\",\"potentialAction\":[{\"@type\":\"ReadAction\",\"target\":[\"https:\\\/\\\/jourdainkobycheva.com\\\/en\\\/product\\\/photo-etude-n4\\\/\"]}]},{\"@type\":\"ImageObject\",\"inLanguage\":\"es\",\"@id\":\"https:\\\/\\\/jourdainkobycheva.com\\\/en\\\/product\\\/photo-etude-n4\\\/#primaryimage\",\"url\":\"https:\\\/\\\/jourdainkobycheva.com\\\/wp-content\\\/uploads\\\/2022\\\/10\\\/Etude-\u2116-4-cat-scaled.jpg\",\"contentUrl\":\"https:\\\/\\\/jourdainkobycheva.com\\\/wp-content\\\/uploads\\\/2022\\\/10\\\/Etude-\u2116-4-cat-scaled.jpg\",\"width\":1632,\"height\":2560,\"caption\":\"photo nu f\u00e9minin noir et blanc\"},{\"@type\":\"BreadcrumbList\",\"@id\":\"https:\\\/\\\/jourdainkobycheva.com\\\/en\\\/product\\\/photo-etude-n4\\\/#breadcrumb\",\"itemListElement\":[{\"@type\":\"ListItem\",\"position\":1,\"name\":\"Accueil\",\"item\":\"https:\\\/\\\/jourdainkobycheva.com\\\/\"},{\"@type\":\"ListItem\",\"position\":2,\"name\":\"Boutique\",\"item\":\"http:\\\/\\\/jourdainkobycheva.com\\\/es\\\/boutique\\\/\"},{\"@type\":\"ListItem\",\"position\":3,\"name\":\"Photo Etude n\u00b04\"}]},{\"@type\":\"WebSite\",\"@id\":\"https:\\\/\\\/jourdainkobycheva.com\\\/#website\",\"url\":\"https:\\\/\\\/jourdainkobycheva.com\\\/\",\"name\":\"Polina Jourdain Kobycheva - Photographe\",\"description\":\"Photos pelote basque - Danse - Pays basque\",\"publisher\":{\"@id\":\"https:\\\/\\\/jourdainkobycheva.com\\\/#organization\"},\"potentialAction\":[{\"@type\":\"SearchAction\",\"target\":{\"@type\":\"EntryPoint\",\"urlTemplate\":\"https:\\\/\\\/jourdainkobycheva.com\\\/?s={search_term_string}\"},\"query-input\":{\"@type\":\"PropertyValueSpecification\",\"valueRequired\":true,\"valueName\":\"search_term_string\"}}],\"inLanguage\":\"es\"},{\"@type\":\"Organization\",\"@id\":\"https:\\\/\\\/jourdainkobycheva.com\\\/#organization\",\"name\":\"Polina Jourdain Kobycheva - Photographe\",\"url\":\"https:\\\/\\\/jourdainkobycheva.com\\\/\",\"logo\":{\"@type\":\"ImageObject\",\"inLanguage\":\"es\",\"@id\":\"https:\\\/\\\/jourdainkobycheva.com\\\/#\\\/schema\\\/logo\\\/image\\\/\",\"url\":\"https:\\\/\\\/jourdainkobycheva.com\\\/wp-content\\\/uploads\\\/2022\\\/10\\\/cropped-logo-polina-1-e1665473695267.png\",\"contentUrl\":\"https:\\\/\\\/jourdainkobycheva.com\\\/wp-content\\\/uploads\\\/2022\\\/10\\\/cropped-logo-polina-1-e1665473695267.png\",\"width\":363,\"height\":363,\"caption\":\"Polina Jourdain Kobycheva - Photographe\"},\"image\":{\"@id\":\"https:\\\/\\\/jourdainkobycheva.com\\\/#\\\/schema\\\/logo\\\/image\\\/\"}}]}<\/script>\n<!-- \/ Yoast SEO plugin. -->","yoast_head_json":{"title":"Photo Etude n\u00b04 - Polina Jourdain Kobycheva - Photographe","description":"L'\u0153uvre de la s\u00e9rie \u00ab Peinture de lumi\u00e8re sur le fond noir \u00bb. Photographie artistique nu f\u00e9minin. Photo noir et blanc pour la d\u00e9coration d'int\u00e9rieur.","robots":{"index":"index","follow":"follow","max-snippet":"max-snippet:-1","max-image-preview":"max-image-preview:large","max-video-preview":"max-video-preview:-1"},"canonical":"https:\/\/jourdainkobycheva.com\/es\/product\/photo-etude-n4\/","og_locale":"es_ES","og_type":"article","og_title":"Photo Etude n\u00b04 - Polina Jourdain Kobycheva - Photographe","og_description":"L'\u0153uvre de la s\u00e9rie \u00ab Peinture de lumi\u00e8re sur le fond noir \u00bb. Photographie artistique nu f\u00e9minin. Photo noir et blanc pour la d\u00e9coration d'int\u00e9rieur.","og_url":"https:\/\/jourdainkobycheva.com\/es\/product\/photo-etude-n4\/","og_site_name":"Polina Jourdain Kobycheva - Photographe","article_modified_time":"2023-01-17T22:57:27+00:00","og_image":[{"width":1632,"height":2560,"url":"https:\/\/jourdainkobycheva.com\/wp-content\/uploads\/2022\/10\/Etude-\u2116-4-cat-scaled.jpg","type":"image\/jpeg"}],"twitter_card":"summary_large_image","twitter_misc":{"Tiempo de lectura":"1 minuto"},"schema":{"@context":"https:\/\/schema.org","@graph":[{"@type":"WebPage","@id":"https:\/\/jourdainkobycheva.com\/en\/product\/photo-etude-n4\/","url":"https:\/\/jourdainkobycheva.com\/en\/product\/photo-etude-n4\/","name":"Photo Etude n\u00b04 - Polina Jourdain Kobycheva - Photographe","isPartOf":{"@id":"https:\/\/jourdainkobycheva.com\/#website"},"primaryImageOfPage":{"@id":"https:\/\/jourdainkobycheva.com\/en\/product\/photo-etude-n4\/#primaryimage"},"image":{"@id":"https:\/\/jourdainkobycheva.com\/en\/product\/photo-etude-n4\/#primaryimage"},"thumbnailUrl":"https:\/\/jourdainkobycheva.com\/wp-content\/uploads\/2022\/10\/Etude-\u2116-4-cat-scaled.jpg","datePublished":"2022-10-17T00:39:00+00:00","dateModified":"2023-01-17T22:57:27+00:00","description":"L'\u0153uvre de la s\u00e9rie \u00ab Peinture de lumi\u00e8re sur le fond noir \u00bb. Photographie artistique nu f\u00e9minin. Photo noir et blanc pour la d\u00e9coration d'int\u00e9rieur.","breadcrumb":{"@id":"https:\/\/jourdainkobycheva.com\/en\/product\/photo-etude-n4\/#breadcrumb"},"inLanguage":"es","potentialAction":[{"@type":"ReadAction","target":["https:\/\/jourdainkobycheva.com\/en\/product\/photo-etude-n4\/"]}]},{"@type":"ImageObject","inLanguage":"es","@id":"https:\/\/jourdainkobycheva.com\/en\/product\/photo-etude-n4\/#primaryimage","url":"https:\/\/jourdainkobycheva.com\/wp-content\/uploads\/2022\/10\/Etude-\u2116-4-cat-scaled.jpg","contentUrl":"https:\/\/jourdainkobycheva.com\/wp-content\/uploads\/2022\/10\/Etude-\u2116-4-cat-scaled.jpg","width":1632,"height":2560,"caption":"photo nu f\u00e9minin noir et blanc"},{"@type":"BreadcrumbList","@id":"https:\/\/jourdainkobycheva.com\/en\/product\/photo-etude-n4\/#breadcrumb","itemListElement":[{"@type":"ListItem","position":1,"name":"Accueil","item":"https:\/\/jourdainkobycheva.com\/"},{"@type":"ListItem","position":2,"name":"Boutique","item":"http:\/\/jourdainkobycheva.com\/es\/boutique\/"},{"@type":"ListItem","position":3,"name":"Photo Etude n\u00b04"}]},{"@type":"WebSite","@id":"https:\/\/jourdainkobycheva.com\/#website","url":"https:\/\/jourdainkobycheva.com\/","name":"Polina Jourdain Kobycheva - Photographe","description":"Photos pelote basque - Danse - Pays basque","publisher":{"@id":"https:\/\/jourdainkobycheva.com\/#organization"},"potentialAction":[{"@type":"SearchAction","target":{"@type":"EntryPoint","urlTemplate":"https:\/\/jourdainkobycheva.com\/?s={search_term_string}"},"query-input":{"@type":"PropertyValueSpecification","valueRequired":true,"valueName":"search_term_string"}}],"inLanguage":"es"},{"@type":"Organization","@id":"https:\/\/jourdainkobycheva.com\/#organization","name":"Polina Jourdain Kobycheva - Photographe","url":"https:\/\/jourdainkobycheva.com\/","logo":{"@type":"ImageObject","inLanguage":"es","@id":"https:\/\/jourdainkobycheva.com\/#\/schema\/logo\/image\/","url":"https:\/\/jourdainkobycheva.com\/wp-content\/uploads\/2022\/10\/cropped-logo-polina-1-e1665473695267.png","contentUrl":"https:\/\/jourdainkobycheva.com\/wp-content\/uploads\/2022\/10\/cropped-logo-polina-1-e1665473695267.png","width":363,"height":363,"caption":"Polina Jourdain Kobycheva - Photographe"},"image":{"@id":"https:\/\/jourdainkobycheva.com\/#\/schema\/logo\/image\/"}}]}},"jetpack_sharing_enabled":true,"_links":{"self":[{"href":"https:\/\/jourdainkobycheva.com\/es\/wp-json\/wp\/v2\/product\/508","targetHints":{"allow":["GET"]}}],"collection":[{"href":"https:\/\/jourdainkobycheva.com\/es\/wp-json\/wp\/v2\/product"}],"about":[{"href":"https:\/\/jourdainkobycheva.com\/es\/wp-json\/wp\/v2\/types\/product"}],"wp:featuredmedia":[{"embeddable":true,"href":"https:\/\/jourdainkobycheva.com\/es\/wp-json\/wp\/v2\/media\/509"}],"wp:attachment":[{"href":"https:\/\/jourdainkobycheva.com\/es\/wp-json\/wp\/v2\/media?parent=508"}],"wp:term":[{"taxonomy":"product_brand","embeddable":true,"href":"https:\/\/jourdainkobycheva.com\/es\/wp-json\/wp\/v2\/product_brand?post=508"},{"taxonomy":"product_cat","embeddable":true,"href":"https:\/\/jourdainkobycheva.com\/es\/wp-json\/wp\/v2\/product_cat?post=508"},{"taxonomy":"product_tag","embeddable":true,"href":"https:\/\/jourdainkobycheva.com\/es\/wp-json\/wp\/v2\/product_tag?post=508"}],"curies":[{"name":"wp","href":"https:\/\/api.w.org\/{rel}","templated":true}]}}