{"id":285,"date":"2022-10-11T11:33:10","date_gmt":"2022-10-11T09:33:10","guid":{"rendered":"http:\/\/jourdaa.cluster028.hosting.ovh.net\/?post_type=product&#038;p=285"},"modified":"2022-10-21T01:21:34","modified_gmt":"2022-10-20T23:21:34","slug":"photo-falling-shadows-n7","status":"publish","type":"product","link":"https:\/\/jourdainkobycheva.com\/es\/producto\/photo-falling-shadows-n7\/","title":{"rendered":"Foto Sombras que caen n\u00b07"},"content":{"rendered":"<p>Foto firmada y numerada.<br \/>\nL\u00e1mina 15\u00d723 cm. Con estructura de aluminio negro de 40\u00d750 cm con tapete.<br \/>\nImpresi\u00f3n digital sobre aluminio blanco (Dibond).<\/p>","protected":false},"excerpt":{"rendered":"<p data-hook=\"description\">\n<p class=\"_28cEs\" data-hook=\"description\">Foto de la serie La Arquitectura de las Sombras.<br \/>\nEl a\u00f1o de creaci\u00f3n es 2010.<\/p>","protected":false},"featured_media":287,"template":"","meta":{"_et_pb_use_builder":"","_et_pb_old_content":"","_et_gb_content_width":""},"product_brand":[],"product_cat":[25],"product_tag":[],"class_list":{"0":"post-285","1":"product","2":"type-product","3":"status-publish","4":"has-post-thumbnail","6":"product_cat-architecture","8":"first","9":"instock","10":"shipping-taxable","11":"purchasable","12":"product-type-variable"},"yoast_head":"<!-- This site is optimized with the Yoast SEO plugin v27.4 - https:\/\/yoast.com\/product\/yoast-seo-wordpress\/ -->\n<title>Photo Falling shadows n\u00b07 - Polina Jourdain Kobycheva - Photographe<\/title>\n<meta name=\"robots\" content=\"index, follow, max-snippet:-1, max-image-preview:large, max-video-preview:-1\" \/>\n<link rel=\"canonical\" href=\"http:\/\/jourdainkobycheva.com\/es\/producto\/photo-falling-shadows-n7\/\" \/>\n<meta property=\"og:locale\" content=\"es_ES\" \/>\n<meta property=\"og:type\" content=\"article\" \/>\n<meta property=\"og:title\" content=\"Photo Falling shadows n\u00b07 - Polina Jourdain Kobycheva - Photographe\" \/>\n<meta property=\"og:description\" content=\"Photo de la s\u00e9rie L&#039;Architecture des ombres. L&#039;ann\u00e9e de cr\u00e9ation est 2010.\" \/>\n<meta property=\"og:url\" content=\"http:\/\/jourdainkobycheva.com\/es\/producto\/photo-falling-shadows-n7\/\" \/>\n<meta property=\"og:site_name\" content=\"Polina Jourdain Kobycheva - Photographe\" \/>\n<meta property=\"article:modified_time\" content=\"2022-10-20T23:21:34+00:00\" \/>\n<meta property=\"og:image\" content=\"http:\/\/jourdainkobycheva.com\/wp-content\/uploads\/2022\/10\/Falling-shadows_7-scaled.jpg\" \/>\n\t<meta property=\"og:image:width\" content=\"2560\" \/>\n\t<meta property=\"og:image:height\" content=\"1707\" \/>\n\t<meta property=\"og:image:type\" content=\"image\/jpeg\" \/>\n<meta name=\"twitter:card\" content=\"summary_large_image\" \/>\n<script type=\"application\/ld+json\" class=\"yoast-schema-graph\">{\"@context\":\"https:\\\/\\\/schema.org\",\"@graph\":[{\"@type\":\"WebPage\",\"@id\":\"http:\\\/\\\/jourdainkobycheva.com\\\/produit\\\/photo-falling-shadows-n7\\\/\",\"url\":\"http:\\\/\\\/jourdainkobycheva.com\\\/produit\\\/photo-falling-shadows-n7\\\/\",\"name\":\"Photo Falling shadows n\u00b07 - Polina Jourdain Kobycheva - Photographe\",\"isPartOf\":{\"@id\":\"http:\\\/\\\/jourdainkobycheva.com\\\/#website\"},\"primaryImageOfPage\":{\"@id\":\"http:\\\/\\\/jourdainkobycheva.com\\\/produit\\\/photo-falling-shadows-n7\\\/#primaryimage\"},\"image\":{\"@id\":\"http:\\\/\\\/jourdainkobycheva.com\\\/produit\\\/photo-falling-shadows-n7\\\/#primaryimage\"},\"thumbnailUrl\":\"https:\\\/\\\/jourdainkobycheva.com\\\/wp-content\\\/uploads\\\/2022\\\/10\\\/Falling-shadows_7-scaled.jpg\",\"datePublished\":\"2022-10-11T09:33:10+00:00\",\"dateModified\":\"2022-10-20T23:21:34+00:00\",\"breadcrumb\":{\"@id\":\"http:\\\/\\\/jourdainkobycheva.com\\\/produit\\\/photo-falling-shadows-n7\\\/#breadcrumb\"},\"inLanguage\":\"es\",\"potentialAction\":[{\"@type\":\"ReadAction\",\"target\":[\"http:\\\/\\\/jourdainkobycheva.com\\\/produit\\\/photo-falling-shadows-n7\\\/\"]}]},{\"@type\":\"ImageObject\",\"inLanguage\":\"es\",\"@id\":\"http:\\\/\\\/jourdainkobycheva.com\\\/produit\\\/photo-falling-shadows-n7\\\/#primaryimage\",\"url\":\"https:\\\/\\\/jourdainkobycheva.com\\\/wp-content\\\/uploads\\\/2022\\\/10\\\/Falling-shadows_7-scaled.jpg\",\"contentUrl\":\"https:\\\/\\\/jourdainkobycheva.com\\\/wp-content\\\/uploads\\\/2022\\\/10\\\/Falling-shadows_7-scaled.jpg\",\"width\":2560,\"height\":1707,\"caption\":\"photo noir et blanc\"},{\"@type\":\"BreadcrumbList\",\"@id\":\"http:\\\/\\\/jourdainkobycheva.com\\\/produit\\\/photo-falling-shadows-n7\\\/#breadcrumb\",\"itemListElement\":[{\"@type\":\"ListItem\",\"position\":1,\"name\":\"Accueil\",\"item\":\"http:\\\/\\\/jourdainkobycheva.com\\\/\"},{\"@type\":\"ListItem\",\"position\":2,\"name\":\"Boutique\",\"item\":\"http:\\\/\\\/jourdainkobycheva.com\\\/boutique\\\/\"},{\"@type\":\"ListItem\",\"position\":3,\"name\":\"Photo Falling shadows n\u00b07\"}]},{\"@type\":\"WebSite\",\"@id\":\"http:\\\/\\\/jourdainkobycheva.com\\\/#website\",\"url\":\"http:\\\/\\\/jourdainkobycheva.com\\\/\",\"name\":\"Polina Jourdain Kobycheva - Photographe\",\"description\":\"Photos pelote basque - Danse - Pays basque\",\"publisher\":{\"@id\":\"http:\\\/\\\/jourdainkobycheva.com\\\/#organization\"},\"potentialAction\":[{\"@type\":\"SearchAction\",\"target\":{\"@type\":\"EntryPoint\",\"urlTemplate\":\"http:\\\/\\\/jourdainkobycheva.com\\\/?s={search_term_string}\"},\"query-input\":{\"@type\":\"PropertyValueSpecification\",\"valueRequired\":true,\"valueName\":\"search_term_string\"}}],\"inLanguage\":\"es\"},{\"@type\":\"Organization\",\"@id\":\"http:\\\/\\\/jourdainkobycheva.com\\\/#organization\",\"name\":\"Polina Jourdain Kobycheva - Photographe\",\"url\":\"http:\\\/\\\/jourdainkobycheva.com\\\/\",\"logo\":{\"@type\":\"ImageObject\",\"inLanguage\":\"es\",\"@id\":\"http:\\\/\\\/jourdainkobycheva.com\\\/#\\\/schema\\\/logo\\\/image\\\/\",\"url\":\"https:\\\/\\\/jourdainkobycheva.com\\\/wp-content\\\/uploads\\\/2022\\\/10\\\/cropped-logo-polina-1-e1665473695267.png\",\"contentUrl\":\"https:\\\/\\\/jourdainkobycheva.com\\\/wp-content\\\/uploads\\\/2022\\\/10\\\/cropped-logo-polina-1-e1665473695267.png\",\"width\":363,\"height\":363,\"caption\":\"Polina Jourdain Kobycheva - Photographe\"},\"image\":{\"@id\":\"http:\\\/\\\/jourdainkobycheva.com\\\/#\\\/schema\\\/logo\\\/image\\\/\"}}]}<\/script>\n<!-- \/ Yoast SEO plugin. -->","yoast_head_json":{"title":"Photo Falling shadows n\u00b07 - Polina Jourdain Kobycheva - Photographe","robots":{"index":"index","follow":"follow","max-snippet":"max-snippet:-1","max-image-preview":"max-image-preview:large","max-video-preview":"max-video-preview:-1"},"canonical":"http:\/\/jourdainkobycheva.com\/es\/producto\/photo-falling-shadows-n7\/","og_locale":"es_ES","og_type":"article","og_title":"Photo Falling shadows n\u00b07 - Polina Jourdain Kobycheva - Photographe","og_description":"Photo de la s\u00e9rie L'Architecture des ombres. L'ann\u00e9e de cr\u00e9ation est 2010.","og_url":"http:\/\/jourdainkobycheva.com\/es\/producto\/photo-falling-shadows-n7\/","og_site_name":"Polina Jourdain Kobycheva - Photographe","article_modified_time":"2022-10-20T23:21:34+00:00","og_image":[{"width":2560,"height":1707,"url":"http:\/\/jourdainkobycheva.com\/wp-content\/uploads\/2022\/10\/Falling-shadows_7-scaled.jpg","type":"image\/jpeg"}],"twitter_card":"summary_large_image","schema":{"@context":"https:\/\/schema.org","@graph":[{"@type":"WebPage","@id":"http:\/\/jourdainkobycheva.com\/produit\/photo-falling-shadows-n7\/","url":"http:\/\/jourdainkobycheva.com\/produit\/photo-falling-shadows-n7\/","name":"Photo Falling shadows n\u00b07 - Polina Jourdain Kobycheva - Photographe","isPartOf":{"@id":"http:\/\/jourdainkobycheva.com\/#website"},"primaryImageOfPage":{"@id":"http:\/\/jourdainkobycheva.com\/produit\/photo-falling-shadows-n7\/#primaryimage"},"image":{"@id":"http:\/\/jourdainkobycheva.com\/produit\/photo-falling-shadows-n7\/#primaryimage"},"thumbnailUrl":"https:\/\/jourdainkobycheva.com\/wp-content\/uploads\/2022\/10\/Falling-shadows_7-scaled.jpg","datePublished":"2022-10-11T09:33:10+00:00","dateModified":"2022-10-20T23:21:34+00:00","breadcrumb":{"@id":"http:\/\/jourdainkobycheva.com\/produit\/photo-falling-shadows-n7\/#breadcrumb"},"inLanguage":"es","potentialAction":[{"@type":"ReadAction","target":["http:\/\/jourdainkobycheva.com\/produit\/photo-falling-shadows-n7\/"]}]},{"@type":"ImageObject","inLanguage":"es","@id":"http:\/\/jourdainkobycheva.com\/produit\/photo-falling-shadows-n7\/#primaryimage","url":"https:\/\/jourdainkobycheva.com\/wp-content\/uploads\/2022\/10\/Falling-shadows_7-scaled.jpg","contentUrl":"https:\/\/jourdainkobycheva.com\/wp-content\/uploads\/2022\/10\/Falling-shadows_7-scaled.jpg","width":2560,"height":1707,"caption":"photo noir et blanc"},{"@type":"BreadcrumbList","@id":"http:\/\/jourdainkobycheva.com\/produit\/photo-falling-shadows-n7\/#breadcrumb","itemListElement":[{"@type":"ListItem","position":1,"name":"Accueil","item":"http:\/\/jourdainkobycheva.com\/"},{"@type":"ListItem","position":2,"name":"Boutique","item":"http:\/\/jourdainkobycheva.com\/boutique\/"},{"@type":"ListItem","position":3,"name":"Photo Falling shadows n\u00b07"}]},{"@type":"WebSite","@id":"http:\/\/jourdainkobycheva.com\/#website","url":"http:\/\/jourdainkobycheva.com\/","name":"Polina Jourdain Kobycheva - Photographe","description":"Photos pelote basque - Danse - Pays basque","publisher":{"@id":"http:\/\/jourdainkobycheva.com\/#organization"},"potentialAction":[{"@type":"SearchAction","target":{"@type":"EntryPoint","urlTemplate":"http:\/\/jourdainkobycheva.com\/?s={search_term_string}"},"query-input":{"@type":"PropertyValueSpecification","valueRequired":true,"valueName":"search_term_string"}}],"inLanguage":"es"},{"@type":"Organization","@id":"http:\/\/jourdainkobycheva.com\/#organization","name":"Polina Jourdain Kobycheva - Photographe","url":"http:\/\/jourdainkobycheva.com\/","logo":{"@type":"ImageObject","inLanguage":"es","@id":"http:\/\/jourdainkobycheva.com\/#\/schema\/logo\/image\/","url":"https:\/\/jourdainkobycheva.com\/wp-content\/uploads\/2022\/10\/cropped-logo-polina-1-e1665473695267.png","contentUrl":"https:\/\/jourdainkobycheva.com\/wp-content\/uploads\/2022\/10\/cropped-logo-polina-1-e1665473695267.png","width":363,"height":363,"caption":"Polina Jourdain Kobycheva - Photographe"},"image":{"@id":"http:\/\/jourdainkobycheva.com\/#\/schema\/logo\/image\/"}}]}},"jetpack_sharing_enabled":true,"_links":{"self":[{"href":"https:\/\/jourdainkobycheva.com\/es\/wp-json\/wp\/v2\/product\/285","targetHints":{"allow":["GET"]}}],"collection":[{"href":"https:\/\/jourdainkobycheva.com\/es\/wp-json\/wp\/v2\/product"}],"about":[{"href":"https:\/\/jourdainkobycheva.com\/es\/wp-json\/wp\/v2\/types\/product"}],"wp:featuredmedia":[{"embeddable":true,"href":"https:\/\/jourdainkobycheva.com\/es\/wp-json\/wp\/v2\/media\/287"}],"wp:attachment":[{"href":"https:\/\/jourdainkobycheva.com\/es\/wp-json\/wp\/v2\/media?parent=285"}],"wp:term":[{"taxonomy":"product_brand","embeddable":true,"href":"https:\/\/jourdainkobycheva.com\/es\/wp-json\/wp\/v2\/product_brand?post=285"},{"taxonomy":"product_cat","embeddable":true,"href":"https:\/\/jourdainkobycheva.com\/es\/wp-json\/wp\/v2\/product_cat?post=285"},{"taxonomy":"product_tag","embeddable":true,"href":"https:\/\/jourdainkobycheva.com\/es\/wp-json\/wp\/v2\/product_tag?post=285"}],"curies":[{"name":"wp","href":"https:\/\/api.w.org\/{rel}","templated":true}]}}