{"id":177,"date":"2022-10-10T23:12:47","date_gmt":"2022-10-10T21:12:47","guid":{"rendered":"http:\/\/jourdaa.cluster028.hosting.ovh.net\/?post_type=product&#038;p=177"},"modified":"2022-10-18T03:13:53","modified_gmt":"2022-10-18T01:13:53","slug":"photo-cesta-punta-n27","status":"publish","type":"product","link":"https:\/\/jourdainkobycheva.com\/es\/producto\/photo-cesta-punta-n27\/","title":{"rendered":"Foto Cesta Punta n\u00b027"},"content":{"rendered":"<ul>\n<li>Foto firmada y numerada.<\/li>\n<li>Impresi\u00f3n digital sobre aluminio blanco (Dibond)<\/li>\n<\/ul>","protected":false},"excerpt":{"rendered":"<div class=\"_1FTz3 fggS- cell\">\n<section class=\"_2RbVQ\" data-hook=\"description-wrapper\">\n<div class=\"_3nbVj\">\n<div class=\"_3cRjW\" data-hook=\"content-wrapper\">\n<p>&nbsp;<\/p>\n<p>Foto n\u00b027 de la colecci\u00f3n Cesta Punta.<br \/>\nRealizado durante las competiciones del Jai Alai d\u2019Hossegor en 2020.<\/p>\n<\/div>\n<\/div>\n<\/section>\n<\/div>","protected":false},"featured_media":178,"template":"","meta":{"_et_pb_use_builder":"","_et_pb_old_content":"","_et_gb_content_width":""},"product_brand":[],"product_cat":[21],"product_tag":[],"class_list":{"0":"post-177","1":"product","2":"type-product","3":"status-publish","4":"has-post-thumbnail","6":"product_cat-pelote-basque","8":"first","9":"instock","10":"shipping-taxable","11":"purchasable","12":"product-type-variable"},"yoast_head":"<!-- This site is optimized with the Yoast SEO plugin v27.3 - https:\/\/yoast.com\/product\/yoast-seo-wordpress\/ -->\n<title>Photo Cesta Punta n\u00b027 - Polina Jourdain Kobycheva - Photographe<\/title>\n<meta name=\"robots\" content=\"index, follow, max-snippet:-1, max-image-preview:large, max-video-preview:-1\" \/>\n<link rel=\"canonical\" href=\"https:\/\/jourdainkobycheva.com\/es\/producto\/photo-cesta-punta-n27\/\" \/>\n<meta property=\"og:locale\" content=\"es_ES\" \/>\n<meta property=\"og:type\" content=\"article\" \/>\n<meta property=\"og:title\" content=\"Photo Cesta Punta n\u00b027 - Polina Jourdain Kobycheva - Photographe\" \/>\n<meta property=\"og:description\" content=\"&nbsp;  Photo n\u00b027 de la collection Cesta Punta. R\u00e9alis\u00e9e pendant les competitions \u00e0 Jai Alai d&#039;Hossegor en 2020.\" \/>\n<meta property=\"og:url\" content=\"https:\/\/jourdainkobycheva.com\/es\/producto\/photo-cesta-punta-n27\/\" \/>\n<meta property=\"og:site_name\" content=\"Polina Jourdain Kobycheva - Photographe\" \/>\n<meta property=\"article:modified_time\" content=\"2022-10-18T01:13:53+00:00\" \/>\n<meta property=\"og:image\" content=\"https:\/\/jourdainkobycheva.com\/wp-content\/uploads\/2022\/10\/Cesta-Punta-N-27-_Hossegor-_261A6866_-copy-scaled.jpg\" \/>\n\t<meta property=\"og:image:width\" content=\"2560\" \/>\n\t<meta property=\"og:image:height\" content=\"1707\" \/>\n\t<meta property=\"og:image:type\" content=\"image\/jpeg\" \/>\n<meta name=\"twitter:card\" content=\"summary_large_image\" \/>\n<script type=\"application\/ld+json\" class=\"yoast-schema-graph\">{\"@context\":\"https:\\\/\\\/schema.org\",\"@graph\":[{\"@type\":\"WebPage\",\"@id\":\"https:\\\/\\\/jourdainkobycheva.com\\\/es\\\/producto\\\/photo-cesta-punta-n27\\\/\",\"url\":\"https:\\\/\\\/jourdainkobycheva.com\\\/es\\\/producto\\\/photo-cesta-punta-n27\\\/\",\"name\":\"Photo Cesta Punta n\u00b027 - Polina Jourdain Kobycheva - Photographe\",\"isPartOf\":{\"@id\":\"https:\\\/\\\/jourdainkobycheva.com\\\/#website\"},\"primaryImageOfPage\":{\"@id\":\"https:\\\/\\\/jourdainkobycheva.com\\\/es\\\/producto\\\/photo-cesta-punta-n27\\\/#primaryimage\"},\"image\":{\"@id\":\"https:\\\/\\\/jourdainkobycheva.com\\\/es\\\/producto\\\/photo-cesta-punta-n27\\\/#primaryimage\"},\"thumbnailUrl\":\"https:\\\/\\\/jourdainkobycheva.com\\\/wp-content\\\/uploads\\\/2022\\\/10\\\/Cesta-Punta-N-27-_Hossegor-_261A6866_-copy-scaled.jpg\",\"datePublished\":\"2022-10-10T21:12:47+00:00\",\"dateModified\":\"2022-10-18T01:13:53+00:00\",\"breadcrumb\":{\"@id\":\"https:\\\/\\\/jourdainkobycheva.com\\\/es\\\/producto\\\/photo-cesta-punta-n27\\\/#breadcrumb\"},\"inLanguage\":\"es\",\"potentialAction\":[{\"@type\":\"ReadAction\",\"target\":[\"https:\\\/\\\/jourdainkobycheva.com\\\/es\\\/producto\\\/photo-cesta-punta-n27\\\/\"]}]},{\"@type\":\"ImageObject\",\"inLanguage\":\"es\",\"@id\":\"https:\\\/\\\/jourdainkobycheva.com\\\/es\\\/producto\\\/photo-cesta-punta-n27\\\/#primaryimage\",\"url\":\"https:\\\/\\\/jourdainkobycheva.com\\\/wp-content\\\/uploads\\\/2022\\\/10\\\/Cesta-Punta-N-27-_Hossegor-_261A6866_-copy-scaled.jpg\",\"contentUrl\":\"https:\\\/\\\/jourdainkobycheva.com\\\/wp-content\\\/uploads\\\/2022\\\/10\\\/Cesta-Punta-N-27-_Hossegor-_261A6866_-copy-scaled.jpg\",\"width\":2560,\"height\":1707},{\"@type\":\"BreadcrumbList\",\"@id\":\"https:\\\/\\\/jourdainkobycheva.com\\\/es\\\/producto\\\/photo-cesta-punta-n27\\\/#breadcrumb\",\"itemListElement\":[{\"@type\":\"ListItem\",\"position\":1,\"name\":\"Accueil\",\"item\":\"https:\\\/\\\/jourdainkobycheva.com\\\/\"},{\"@type\":\"ListItem\",\"position\":2,\"name\":\"Boutique\",\"item\":\"http:\\\/\\\/jourdainkobycheva.com\\\/es\\\/boutique\\\/\"},{\"@type\":\"ListItem\",\"position\":3,\"name\":\"Photo Cesta Punta n\u00b027\"}]},{\"@type\":\"WebSite\",\"@id\":\"https:\\\/\\\/jourdainkobycheva.com\\\/#website\",\"url\":\"https:\\\/\\\/jourdainkobycheva.com\\\/\",\"name\":\"Polina Jourdain Kobycheva - Photographe\",\"description\":\"Photos pelote basque - Danse - Pays basque\",\"publisher\":{\"@id\":\"https:\\\/\\\/jourdainkobycheva.com\\\/#organization\"},\"potentialAction\":[{\"@type\":\"SearchAction\",\"target\":{\"@type\":\"EntryPoint\",\"urlTemplate\":\"https:\\\/\\\/jourdainkobycheva.com\\\/?s={search_term_string}\"},\"query-input\":{\"@type\":\"PropertyValueSpecification\",\"valueRequired\":true,\"valueName\":\"search_term_string\"}}],\"inLanguage\":\"es\"},{\"@type\":\"Organization\",\"@id\":\"https:\\\/\\\/jourdainkobycheva.com\\\/#organization\",\"name\":\"Polina Jourdain Kobycheva - Photographe\",\"url\":\"https:\\\/\\\/jourdainkobycheva.com\\\/\",\"logo\":{\"@type\":\"ImageObject\",\"inLanguage\":\"es\",\"@id\":\"https:\\\/\\\/jourdainkobycheva.com\\\/#\\\/schema\\\/logo\\\/image\\\/\",\"url\":\"https:\\\/\\\/jourdainkobycheva.com\\\/wp-content\\\/uploads\\\/2022\\\/10\\\/cropped-logo-polina-1-e1665473695267.png\",\"contentUrl\":\"https:\\\/\\\/jourdainkobycheva.com\\\/wp-content\\\/uploads\\\/2022\\\/10\\\/cropped-logo-polina-1-e1665473695267.png\",\"width\":363,\"height\":363,\"caption\":\"Polina Jourdain Kobycheva - Photographe\"},\"image\":{\"@id\":\"https:\\\/\\\/jourdainkobycheva.com\\\/#\\\/schema\\\/logo\\\/image\\\/\"}}]}<\/script>\n<!-- \/ Yoast SEO plugin. -->","yoast_head_json":{"title":"Photo Cesta Punta n\u00b027 - Polina Jourdain Kobycheva - Photographe","robots":{"index":"index","follow":"follow","max-snippet":"max-snippet:-1","max-image-preview":"max-image-preview:large","max-video-preview":"max-video-preview:-1"},"canonical":"https:\/\/jourdainkobycheva.com\/es\/producto\/photo-cesta-punta-n27\/","og_locale":"es_ES","og_type":"article","og_title":"Photo Cesta Punta n\u00b027 - Polina Jourdain Kobycheva - Photographe","og_description":"&nbsp;  Photo n\u00b027 de la collection Cesta Punta. R\u00e9alis\u00e9e pendant les competitions \u00e0 Jai Alai d'Hossegor en 2020.","og_url":"https:\/\/jourdainkobycheva.com\/es\/producto\/photo-cesta-punta-n27\/","og_site_name":"Polina Jourdain Kobycheva - Photographe","article_modified_time":"2022-10-18T01:13:53+00:00","og_image":[{"width":2560,"height":1707,"url":"https:\/\/jourdainkobycheva.com\/wp-content\/uploads\/2022\/10\/Cesta-Punta-N-27-_Hossegor-_261A6866_-copy-scaled.jpg","type":"image\/jpeg"}],"twitter_card":"summary_large_image","schema":{"@context":"https:\/\/schema.org","@graph":[{"@type":"WebPage","@id":"https:\/\/jourdainkobycheva.com\/es\/producto\/photo-cesta-punta-n27\/","url":"https:\/\/jourdainkobycheva.com\/es\/producto\/photo-cesta-punta-n27\/","name":"Photo Cesta Punta n\u00b027 - Polina Jourdain Kobycheva - Photographe","isPartOf":{"@id":"https:\/\/jourdainkobycheva.com\/#website"},"primaryImageOfPage":{"@id":"https:\/\/jourdainkobycheva.com\/es\/producto\/photo-cesta-punta-n27\/#primaryimage"},"image":{"@id":"https:\/\/jourdainkobycheva.com\/es\/producto\/photo-cesta-punta-n27\/#primaryimage"},"thumbnailUrl":"https:\/\/jourdainkobycheva.com\/wp-content\/uploads\/2022\/10\/Cesta-Punta-N-27-_Hossegor-_261A6866_-copy-scaled.jpg","datePublished":"2022-10-10T21:12:47+00:00","dateModified":"2022-10-18T01:13:53+00:00","breadcrumb":{"@id":"https:\/\/jourdainkobycheva.com\/es\/producto\/photo-cesta-punta-n27\/#breadcrumb"},"inLanguage":"es","potentialAction":[{"@type":"ReadAction","target":["https:\/\/jourdainkobycheva.com\/es\/producto\/photo-cesta-punta-n27\/"]}]},{"@type":"ImageObject","inLanguage":"es","@id":"https:\/\/jourdainkobycheva.com\/es\/producto\/photo-cesta-punta-n27\/#primaryimage","url":"https:\/\/jourdainkobycheva.com\/wp-content\/uploads\/2022\/10\/Cesta-Punta-N-27-_Hossegor-_261A6866_-copy-scaled.jpg","contentUrl":"https:\/\/jourdainkobycheva.com\/wp-content\/uploads\/2022\/10\/Cesta-Punta-N-27-_Hossegor-_261A6866_-copy-scaled.jpg","width":2560,"height":1707},{"@type":"BreadcrumbList","@id":"https:\/\/jourdainkobycheva.com\/es\/producto\/photo-cesta-punta-n27\/#breadcrumb","itemListElement":[{"@type":"ListItem","position":1,"name":"Accueil","item":"https:\/\/jourdainkobycheva.com\/"},{"@type":"ListItem","position":2,"name":"Boutique","item":"http:\/\/jourdainkobycheva.com\/es\/boutique\/"},{"@type":"ListItem","position":3,"name":"Photo Cesta Punta n\u00b027"}]},{"@type":"WebSite","@id":"https:\/\/jourdainkobycheva.com\/#website","url":"https:\/\/jourdainkobycheva.com\/","name":"Polina Jourdain Kobycheva - Photographe","description":"Photos pelote basque - Danse - Pays basque","publisher":{"@id":"https:\/\/jourdainkobycheva.com\/#organization"},"potentialAction":[{"@type":"SearchAction","target":{"@type":"EntryPoint","urlTemplate":"https:\/\/jourdainkobycheva.com\/?s={search_term_string}"},"query-input":{"@type":"PropertyValueSpecification","valueRequired":true,"valueName":"search_term_string"}}],"inLanguage":"es"},{"@type":"Organization","@id":"https:\/\/jourdainkobycheva.com\/#organization","name":"Polina Jourdain Kobycheva - Photographe","url":"https:\/\/jourdainkobycheva.com\/","logo":{"@type":"ImageObject","inLanguage":"es","@id":"https:\/\/jourdainkobycheva.com\/#\/schema\/logo\/image\/","url":"https:\/\/jourdainkobycheva.com\/wp-content\/uploads\/2022\/10\/cropped-logo-polina-1-e1665473695267.png","contentUrl":"https:\/\/jourdainkobycheva.com\/wp-content\/uploads\/2022\/10\/cropped-logo-polina-1-e1665473695267.png","width":363,"height":363,"caption":"Polina Jourdain Kobycheva - Photographe"},"image":{"@id":"https:\/\/jourdainkobycheva.com\/#\/schema\/logo\/image\/"}}]}},"jetpack_sharing_enabled":true,"_links":{"self":[{"href":"https:\/\/jourdainkobycheva.com\/es\/wp-json\/wp\/v2\/product\/177","targetHints":{"allow":["GET"]}}],"collection":[{"href":"https:\/\/jourdainkobycheva.com\/es\/wp-json\/wp\/v2\/product"}],"about":[{"href":"https:\/\/jourdainkobycheva.com\/es\/wp-json\/wp\/v2\/types\/product"}],"wp:featuredmedia":[{"embeddable":true,"href":"https:\/\/jourdainkobycheva.com\/es\/wp-json\/wp\/v2\/media\/178"}],"wp:attachment":[{"href":"https:\/\/jourdainkobycheva.com\/es\/wp-json\/wp\/v2\/media?parent=177"}],"wp:term":[{"taxonomy":"product_brand","embeddable":true,"href":"https:\/\/jourdainkobycheva.com\/es\/wp-json\/wp\/v2\/product_brand?post=177"},{"taxonomy":"product_cat","embeddable":true,"href":"https:\/\/jourdainkobycheva.com\/es\/wp-json\/wp\/v2\/product_cat?post=177"},{"taxonomy":"product_tag","embeddable":true,"href":"https:\/\/jourdainkobycheva.com\/es\/wp-json\/wp\/v2\/product_tag?post=177"}],"curies":[{"name":"wp","href":"https:\/\/api.w.org\/{rel}","templated":true}]}}