{"id":3,"date":"2022-09-29T12:26:21","date_gmt":"2022-09-29T10:26:21","guid":{"rendered":"http:\/\/jourdainkobycheva.com\/?page_id=3"},"modified":"2022-10-14T09:50:39","modified_gmt":"2022-10-14T07:50:39","slug":"politique-de-confidentialite","status":"publish","type":"page","link":"https:\/\/jourdainkobycheva.com\/es\/politique-de-confidentialite\/","title":{"rendered":"pol\u00edtica de confidencialidad"},"content":{"rendered":"<p><strong>1. Recopilaci\u00f3n de informaci\u00f3n<\/strong><\/p>\n\n\n\n<p>Recopilamos informaci\u00f3n cuando se registra en nuestro sitio, inicia sesi\u00f3n en su cuenta, realiza una compra, participa en un concurso y\/o cierra sesi\u00f3n. La informaci\u00f3n recopilada incluye su nombre, direcci\u00f3n de correo electr\u00f3nico, n\u00famero de tel\u00e9fono y\/o tarjeta de cr\u00e9dito.<\/p>\n\n\n\n<p>Adem\u00e1s, recibimos y registramos autom\u00e1ticamente informaci\u00f3n de su computadora y navegador, incluida su direcci\u00f3n IP, software y hardware, y la p\u00e1gina que solicita.<\/p>\n\n\n\n<p><strong>2. Uso de la informaci\u00f3n<\/strong><\/p>\n\n\n\n<p>Cualquier informaci\u00f3n que recopilemos de usted puede usarse para:<\/p>\n\n\n\n<ul class=\"wp-block-list\"><li>Personalice su experiencia y satisfaga sus necesidades individuales<\/li><li>Proporcionar contenido publicitario personalizado.<\/li><li>Mejorar nuestro sitio web<\/li><li>Mejore el servicio al cliente y sus necesidades de soporte<\/li><li>Contactarte por correo electr\u00f3nico<\/li><li>Administrar un concurso, promoci\u00f3n o encuesta<\/li><\/ul>\n\n\n\n<p><strong>3. Privacidad del comercio online<\/strong><\/p>\n\n\n\n<p>Somos los \u00fanicos propietarios de la informaci\u00f3n recopilada en este sitio. Su informaci\u00f3n personal no ser\u00e1 vendida, intercambiada, transferida ni entregada a ninguna otra empresa por ning\u00fan motivo, sin su consentimiento, salvo que sea necesario para cumplir con una solicitud y\/o transacci\u00f3n, por ejemplo, para enviar un pedido.<\/p>\n\n\n\n<p><strong>4. Divulgaci\u00f3n a terceros<\/strong><\/p>\n\n\n\n<p>No vendemos, comercializamos ni transferimos de otro modo su informaci\u00f3n de identificaci\u00f3n personal a terceros. Esto no incluye a terceros de confianza que nos ayudan a operar nuestro sitio web o realizar nuestro negocio, siempre que dichas partes acepten mantener esta informaci\u00f3n confidencial.<\/p>\n\n\n\n<p>Creemos que es necesario compartir informaci\u00f3n para investigar, prevenir o tomar medidas con respecto a actividades ilegales, sospechas de fraude, situaciones que involucran amenazas potenciales a la seguridad f\u00edsica de cualquier persona, violaciones de nuestros t\u00e9rminos de uso o cuando la ley nos exige. para hacerlo.<\/p>\n\n\n\n<p>Sin embargo, se puede proporcionar informaci\u00f3n no privada a otras partes para fines de marketing, publicidad u otros usos.<\/p>\n\n\n\n<p><strong>5. Protecci\u00f3n de la informaci\u00f3n<\/strong><\/p>\n\n\n\n<p>Implementamos una variedad de medidas de seguridad para mantener segura su informaci\u00f3n personal. Utilizamos cifrado de \u00faltima generaci\u00f3n para proteger la informaci\u00f3n confidencial transmitida en l\u00ednea. Tambi\u00e9n protegemos su informaci\u00f3n fuera de l\u00ednea. Las computadoras y servidores utilizados para almacenar informaci\u00f3n de identificaci\u00f3n personal se mantienen en un entorno seguro.<\/p>\n\n\n\n<p>\u00bfUtilizamos cookies?<\/p>\n\n\n\n<p>S\u00ed. Nuestras cookies mejoran el acceso a nuestro sitio e identifican a los visitantes recurrentes. Adem\u00e1s, nuestras cookies mejoran la experiencia del usuario al rastrear y orientar sus intereses. Sin embargo, este uso de cookies no est\u00e1 vinculado de ninguna manera a ninguna informaci\u00f3n de identificaci\u00f3n personal en nuestro sitio.<\/p>\n\n\n\n<p><strong>6. Darse de baja<\/strong><\/p>\n\n\n\n<p>Utilizamos la direcci\u00f3n de correo electr\u00f3nico que usted proporciona para enviarle informaci\u00f3n y actualizaciones relacionadas con su pedido, noticias ocasionales de la empresa, informaci\u00f3n relacionada con el producto, etc. Si en alg\u00fan momento desea cancelar su suscripci\u00f3n para no recibir correos electr\u00f3nicos, se incluyen instrucciones detalladas para cancelar la suscripci\u00f3n en la parte inferior de cada correo electr\u00f3nico.<\/p>\n\n\n\n<p><strong>7. Consentimiento<\/strong><br>Al utilizar nuestro sitio, usted acepta nuestra pol\u00edtica de privacidad.<\/p>","protected":false},"excerpt":{"rendered":"<p>1. Collecte de l\u2019information Nous recueillons des informations lorsque vous vous inscrivez sur notre site, lorsque vous vous connectez \u00e0 votre compte, faites un achat, participez \u00e0 un concours, et \/ ou lorsque vous vous d\u00e9connectez. Les informations recueillies incluent votre nom, votre adresse e-mail, num\u00e9ro de t\u00e9l\u00e9phone, et \/ ou carte de cr\u00e9dit. En [&hellip;]<\/p>\n","protected":false},"author":1,"featured_media":0,"parent":0,"menu_order":0,"comment_status":"closed","ping_status":"open","template":"","meta":{"_et_pb_use_builder":"","_et_pb_old_content":"","_et_gb_content_width":"1080","footnotes":""},"class_list":["post-3","page","type-page","status-publish","hentry"],"yoast_head":"<!-- This site is optimized with the Yoast SEO plugin v27.4 - https:\/\/yoast.com\/product\/yoast-seo-wordpress\/ -->\n<title>Politique de confidentialit\u00e9 - Polina Jourdain Kobycheva - Photographe<\/title>\n<meta name=\"robots\" content=\"index, follow, max-snippet:-1, max-image-preview:large, max-video-preview:-1\" \/>\n<link rel=\"canonical\" href=\"http:\/\/jourdainkobycheva.com\/es\/politique-de-confidentialite\/\" \/>\n<meta property=\"og:locale\" content=\"es_ES\" \/>\n<meta property=\"og:type\" content=\"article\" \/>\n<meta property=\"og:title\" content=\"Politique de confidentialit\u00e9 - Polina Jourdain Kobycheva - Photographe\" \/>\n<meta property=\"og:description\" content=\"1. Collecte de l\u2019information Nous recueillons des informations lorsque vous vous inscrivez sur notre site, lorsque vous vous connectez \u00e0 votre compte, faites un achat, participez \u00e0 un concours, et \/ ou lorsque vous vous d\u00e9connectez. Les informations recueillies incluent votre nom, votre adresse e-mail, num\u00e9ro de t\u00e9l\u00e9phone, et \/ ou carte de cr\u00e9dit. En [&hellip;]\" \/>\n<meta property=\"og:url\" content=\"http:\/\/jourdainkobycheva.com\/es\/politique-de-confidentialite\/\" \/>\n<meta property=\"og:site_name\" content=\"Polina Jourdain Kobycheva - Photographe\" \/>\n<meta property=\"article:modified_time\" content=\"2022-10-14T07:50:39+00:00\" \/>\n<meta name=\"twitter:card\" content=\"summary_large_image\" \/>\n<meta name=\"twitter:label1\" content=\"Tiempo de lectura\" \/>\n\t<meta name=\"twitter:data1\" content=\"3 minutos\" \/>\n<script type=\"application\/ld+json\" class=\"yoast-schema-graph\">{\"@context\":\"https:\\\/\\\/schema.org\",\"@graph\":[{\"@type\":\"WebPage\",\"@id\":\"http:\\\/\\\/jourdainkobycheva.com\\\/en\\\/politique-de-confidentialite\\\/\",\"url\":\"http:\\\/\\\/jourdainkobycheva.com\\\/en\\\/politique-de-confidentialite\\\/\",\"name\":\"Politique de confidentialit\u00e9 - Polina Jourdain Kobycheva - Photographe\",\"isPartOf\":{\"@id\":\"https:\\\/\\\/jourdainkobycheva.com\\\/en\\\/#website\"},\"datePublished\":\"2022-09-29T10:26:21+00:00\",\"dateModified\":\"2022-10-14T07:50:39+00:00\",\"breadcrumb\":{\"@id\":\"http:\\\/\\\/jourdainkobycheva.com\\\/en\\\/politique-de-confidentialite\\\/#breadcrumb\"},\"inLanguage\":\"es\",\"potentialAction\":[{\"@type\":\"ReadAction\",\"target\":[\"http:\\\/\\\/jourdainkobycheva.com\\\/en\\\/politique-de-confidentialite\\\/\"]}]},{\"@type\":\"BreadcrumbList\",\"@id\":\"http:\\\/\\\/jourdainkobycheva.com\\\/en\\\/politique-de-confidentialite\\\/#breadcrumb\",\"itemListElement\":[{\"@type\":\"ListItem\",\"position\":1,\"name\":\"Accueil\",\"item\":\"https:\\\/\\\/jourdainkobycheva.com\\\/en\\\/\"},{\"@type\":\"ListItem\",\"position\":2,\"name\":\"Politique de confidentialit\u00e9\"}]},{\"@type\":\"WebSite\",\"@id\":\"https:\\\/\\\/jourdainkobycheva.com\\\/en\\\/#website\",\"url\":\"https:\\\/\\\/jourdainkobycheva.com\\\/en\\\/\",\"name\":\"Polina Jourdain Kobycheva - Photographe\",\"description\":\"Photos pelote basque - Danse - Pays basque\",\"publisher\":{\"@id\":\"https:\\\/\\\/jourdainkobycheva.com\\\/en\\\/#organization\"},\"potentialAction\":[{\"@type\":\"SearchAction\",\"target\":{\"@type\":\"EntryPoint\",\"urlTemplate\":\"https:\\\/\\\/jourdainkobycheva.com\\\/en\\\/?s={search_term_string}\"},\"query-input\":{\"@type\":\"PropertyValueSpecification\",\"valueRequired\":true,\"valueName\":\"search_term_string\"}}],\"inLanguage\":\"es\"},{\"@type\":\"Organization\",\"@id\":\"https:\\\/\\\/jourdainkobycheva.com\\\/en\\\/#organization\",\"name\":\"Polina Jourdain Kobycheva - Photographe\",\"url\":\"https:\\\/\\\/jourdainkobycheva.com\\\/en\\\/\",\"logo\":{\"@type\":\"ImageObject\",\"inLanguage\":\"es\",\"@id\":\"https:\\\/\\\/jourdainkobycheva.com\\\/en\\\/#\\\/schema\\\/logo\\\/image\\\/\",\"url\":\"https:\\\/\\\/jourdainkobycheva.com\\\/wp-content\\\/uploads\\\/2022\\\/10\\\/cropped-logo-polina-1-e1665473695267.png\",\"contentUrl\":\"https:\\\/\\\/jourdainkobycheva.com\\\/wp-content\\\/uploads\\\/2022\\\/10\\\/cropped-logo-polina-1-e1665473695267.png\",\"width\":363,\"height\":363,\"caption\":\"Polina Jourdain Kobycheva - Photographe\"},\"image\":{\"@id\":\"https:\\\/\\\/jourdainkobycheva.com\\\/en\\\/#\\\/schema\\\/logo\\\/image\\\/\"}}]}<\/script>\n<!-- \/ Yoast SEO plugin. -->","yoast_head_json":{"title":"Politique de confidentialit\u00e9 - Polina Jourdain Kobycheva - Photographe","robots":{"index":"index","follow":"follow","max-snippet":"max-snippet:-1","max-image-preview":"max-image-preview:large","max-video-preview":"max-video-preview:-1"},"canonical":"http:\/\/jourdainkobycheva.com\/es\/politique-de-confidentialite\/","og_locale":"es_ES","og_type":"article","og_title":"Politique de confidentialit\u00e9 - Polina Jourdain Kobycheva - Photographe","og_description":"1. Collecte de l\u2019information Nous recueillons des informations lorsque vous vous inscrivez sur notre site, lorsque vous vous connectez \u00e0 votre compte, faites un achat, participez \u00e0 un concours, et \/ ou lorsque vous vous d\u00e9connectez. Les informations recueillies incluent votre nom, votre adresse e-mail, num\u00e9ro de t\u00e9l\u00e9phone, et \/ ou carte de cr\u00e9dit. En [&hellip;]","og_url":"http:\/\/jourdainkobycheva.com\/es\/politique-de-confidentialite\/","og_site_name":"Polina Jourdain Kobycheva - Photographe","article_modified_time":"2022-10-14T07:50:39+00:00","twitter_card":"summary_large_image","twitter_misc":{"Tiempo de lectura":"3 minutos"},"schema":{"@context":"https:\/\/schema.org","@graph":[{"@type":"WebPage","@id":"http:\/\/jourdainkobycheva.com\/en\/politique-de-confidentialite\/","url":"http:\/\/jourdainkobycheva.com\/en\/politique-de-confidentialite\/","name":"Politique de confidentialit\u00e9 - Polina Jourdain Kobycheva - Photographe","isPartOf":{"@id":"https:\/\/jourdainkobycheva.com\/en\/#website"},"datePublished":"2022-09-29T10:26:21+00:00","dateModified":"2022-10-14T07:50:39+00:00","breadcrumb":{"@id":"http:\/\/jourdainkobycheva.com\/en\/politique-de-confidentialite\/#breadcrumb"},"inLanguage":"es","potentialAction":[{"@type":"ReadAction","target":["http:\/\/jourdainkobycheva.com\/en\/politique-de-confidentialite\/"]}]},{"@type":"BreadcrumbList","@id":"http:\/\/jourdainkobycheva.com\/en\/politique-de-confidentialite\/#breadcrumb","itemListElement":[{"@type":"ListItem","position":1,"name":"Accueil","item":"https:\/\/jourdainkobycheva.com\/en\/"},{"@type":"ListItem","position":2,"name":"Politique de confidentialit\u00e9"}]},{"@type":"WebSite","@id":"https:\/\/jourdainkobycheva.com\/en\/#website","url":"https:\/\/jourdainkobycheva.com\/en\/","name":"Polina Jourdain Kobycheva - Photographe","description":"Photos pelote basque - Danse - Pays basque","publisher":{"@id":"https:\/\/jourdainkobycheva.com\/en\/#organization"},"potentialAction":[{"@type":"SearchAction","target":{"@type":"EntryPoint","urlTemplate":"https:\/\/jourdainkobycheva.com\/en\/?s={search_term_string}"},"query-input":{"@type":"PropertyValueSpecification","valueRequired":true,"valueName":"search_term_string"}}],"inLanguage":"es"},{"@type":"Organization","@id":"https:\/\/jourdainkobycheva.com\/en\/#organization","name":"Polina Jourdain Kobycheva - Photographe","url":"https:\/\/jourdainkobycheva.com\/en\/","logo":{"@type":"ImageObject","inLanguage":"es","@id":"https:\/\/jourdainkobycheva.com\/en\/#\/schema\/logo\/image\/","url":"https:\/\/jourdainkobycheva.com\/wp-content\/uploads\/2022\/10\/cropped-logo-polina-1-e1665473695267.png","contentUrl":"https:\/\/jourdainkobycheva.com\/wp-content\/uploads\/2022\/10\/cropped-logo-polina-1-e1665473695267.png","width":363,"height":363,"caption":"Polina Jourdain Kobycheva - Photographe"},"image":{"@id":"https:\/\/jourdainkobycheva.com\/en\/#\/schema\/logo\/image\/"}}]}},"jetpack_sharing_enabled":true,"_links":{"self":[{"href":"https:\/\/jourdainkobycheva.com\/es\/wp-json\/wp\/v2\/pages\/3","targetHints":{"allow":["GET"]}}],"collection":[{"href":"https:\/\/jourdainkobycheva.com\/es\/wp-json\/wp\/v2\/pages"}],"about":[{"href":"https:\/\/jourdainkobycheva.com\/es\/wp-json\/wp\/v2\/types\/page"}],"author":[{"embeddable":true,"href":"https:\/\/jourdainkobycheva.com\/es\/wp-json\/wp\/v2\/users\/1"}],"replies":[{"embeddable":true,"href":"https:\/\/jourdainkobycheva.com\/es\/wp-json\/wp\/v2\/comments?post=3"}],"version-history":[{"count":1,"href":"https:\/\/jourdainkobycheva.com\/es\/wp-json\/wp\/v2\/pages\/3\/revisions"}],"predecessor-version":[{"id":357,"href":"https:\/\/jourdainkobycheva.com\/es\/wp-json\/wp\/v2\/pages\/3\/revisions\/357"}],"wp:attachment":[{"href":"https:\/\/jourdainkobycheva.com\/es\/wp-json\/wp\/v2\/media?parent=3"}],"curies":[{"name":"wp","href":"https:\/\/api.w.org\/{rel}","templated":true}]}}