{"id":13,"date":"2022-10-05T15:07:38","date_gmt":"2022-10-05T13:07:38","guid":{"rendered":"http:\/\/jourdaa.cluster028.hosting.ovh.net\/?page_id=13"},"modified":"2023-11-06T12:09:05","modified_gmt":"2023-11-06T11:09:05","slug":"mes-univers","status":"publish","type":"page","link":"https:\/\/jourdainkobycheva.com\/es\/mes-univers\/","title":{"rendered":"mis universos"},"content":{"rendered":"<p>[et_pb_section fb_built=\u00a0\u00bb1&Prime; admin_label=\u00a0\u00bbGallery\u00a0\u00bb _builder_version=\u00a0\u00bb4.17.3&Prime; _module_preset=\u00a0\u00bbdefault\u00a0\u00bb background_color=\u00a0\u00bb#F6F5EE\u00a0\u00bb saved_tabs=\u00a0\u00bball\u00a0\u00bb locked=\u00a0\u00bboff\u00a0\u00bb collapsed=\u00a0\u00bboff\u00a0\u00bb global_colors_info=\u00a0\u00bb{}\u00a0\u00bb][et_pb_row _builder_version=\u00a0\u00bb4.17.3&Prime; _module_preset=\u00a0\u00bbdefault\u00a0\u00bb global_colors_info=\u00a0\u00bb{}\u00a0\u00bb][et_pb_column type=\u00a0\u00bb4_4&Prime; _builder_version=\u00a0\u00bb4.17.3&Prime; _module_preset=\u00a0\u00bbdefault\u00a0\u00bb global_colors_info=\u00a0\u00bb{}\u00a0\u00bb][et_pb_text _builder_version=\u00a0\u00bb4.18.0&Prime; _module_preset=\u00a0\u00bbe6504a1b-67eb-4b3d-b023-bcab277610b6&Prime; header_4_font=\u00a0\u00bbInter|700||on|||||\u00a0\u00bb header_4_text_color=\u00a0\u00bb#FF5A17&Prime; header_4_font_size=\u00a0\u00bb14px\u00a0\u00bb header_4_letter_spacing=\u00a0\u00bb1px\u00a0\u00bb header_4_line_height=\u00a0\u00bb1.4em\u00a0\u00bb custom_margin=\u00a0\u00bb||0px||false|false\u00a0\u00bb global_colors_info=\u00a0\u00bb{}\u00a0\u00bb]<\/p>\n<h4><span>\u00a0<\/span><span class=\"author notFaded\" data-width=\"\">Polina Jourdain-Kobycheva<\/span><\/h4>\n<p>[\/et_pb_text][et_pb_text _builder_version=\u00a0\u00bb4.18.0&Prime; _module_preset=\u00a0\u00bbc16985e1-e0d6-4022-964d-e2bfc04fa633&Prime; header_font=\u00a0\u00bbInter|700|||||||\u00a0\u00bb header_text_color=\u00a0\u00bb#000000&Prime; header_font_size=\u00a0\u00bb75px\u00a0\u00bb header_line_height=\u00a0\u00bb1.2em\u00a0\u00bb header_font_size_tablet=\u00a0\u00bb40px\u00a0\u00bb header_font_size_phone=\u00a0\u00bb24px\u00a0\u00bb header_font_size_last_edited=\u00a0\u00bbon|desktop\u00a0\u00bb global_colors_info=\u00a0\u00bb{}\u00a0\u00bb]<\/p>\n<h1>MES UNIVERS<\/h1>\n<p>[\/et_pb_text][\/et_pb_column][\/et_pb_row][et_pb_row _builder_version=\u00a0\u00bb4.18.0&Prime; _module_preset=\u00a0\u00bbdefault\u00a0\u00bb max_width=\u00a0\u00bb90%\u00a0\u00bb global_colors_info=\u00a0\u00bb{}\u00a0\u00bb][et_pb_column type=\u00a0\u00bb4_4&Prime; _builder_version=\u00a0\u00bb4.18.0&Prime; _module_preset=\u00a0\u00bbdefault\u00a0\u00bb global_colors_info=\u00a0\u00bb{}\u00a0\u00bb][et_pb_text _builder_version=\u00a0\u00bb4.18.0&Prime; _module_preset=\u00a0\u00bbe6504a1b-67eb-4b3d-b023-bcab277610b6&Prime; header_4_font=\u00a0\u00bbInter|700||on|||||\u00a0\u00bb header_4_text_color=\u00a0\u00bb#FF5A17&Prime; header_4_font_size=\u00a0\u00bb14px\u00a0\u00bb header_4_letter_spacing=\u00a0\u00bb1px\u00a0\u00bb header_4_line_height=\u00a0\u00bb1.4em\u00a0\u00bb custom_margin=\u00a0\u00bb||0px||false|false\u00a0\u00bb global_colors_info=\u00a0\u00bb{}\u00a0\u00bb]<\/p>\n<h4><span>PORTRAITS<\/span><\/h4>\n<p>[\/et_pb_text][et_pb_text _builder_version=\u00a0\u00bb4.19.4&Prime; _module_preset=\u00a0\u00bbdefault\u00a0\u00bb global_colors_info=\u00a0\u00bb{}\u00a0\u00bb]<\/p>\n<p>Les portraits, c\u2019est une approche vers l&rsquo;univers unique de chaque personne. C\u2019est d\u00e9couvrir chaque fois une plan\u00e8te m\u00e9connue. La beaut\u00e9, les traits du caract\u00e8re, tout peut ressortir sous un regard attentif. J\u2019essaie de m&rsquo;approcher de la personne le plus d\u00e9licatement possible afin qu&rsquo;elle ouvre son univers devant moi et que je puisse le mettre en valeur.<br \/>Je photographie des visages, des regards et des postures \u00e0 la fois amus\u00e9es et ironiques, s\u00e9rieuses et joueuses, comme pour relever un d\u00e9fi face \u00e0 la vague d\u2019anonymat qui \u00e9crase et uniformise les individus. Sur mes portraits, on per\u00e7oit \u00e9galement, les al\u00e9as du temps qui passe, qui use les corps et les esprits.<br \/>On y lit enfin, une joie profonde, une assurance, ainsi qu\u2019un plaisir de se sentir vivre, encore et encore.<\/p>\n<p>[\/et_pb_text][et_pb_gallery gallery_ids=\u00a0\u00bb437,434,440,435,448,804,806,800,802&Prime; gallery_orderby=\u00a0\u00bbrand\u00a0\u00bb show_title_and_caption=\u00a0\u00bboff\u00a0\u00bb show_pagination=\u00a0\u00bboff\u00a0\u00bb _builder_version=\u00a0\u00bb4.19.4&Prime; _module_preset=\u00a0\u00bbdefault\u00a0\u00bb custom_margin=\u00a0\u00bb-19px||-6px|||\u00a0\u00bb custom_padding=\u00a0\u00bb||2px|||\u00a0\u00bb global_colors_info=\u00a0\u00bb{}\u00a0\u00bb][\/et_pb_gallery][\/et_pb_column][\/et_pb_row][et_pb_row _builder_version=\u00a0\u00bb4.18.0&Prime; _module_preset=\u00a0\u00bbdefault\u00a0\u00bb max_width=\u00a0\u00bb90%\u00a0\u00bb custom_padding=\u00a0\u00bb13px|||||\u00a0\u00bb global_colors_info=\u00a0\u00bb{}\u00a0\u00bb][et_pb_column type=\u00a0\u00bb4_4&Prime; _builder_version=\u00a0\u00bb4.18.0&Prime; _module_preset=\u00a0\u00bbdefault\u00a0\u00bb global_colors_info=\u00a0\u00bb{}\u00a0\u00bb][et_pb_text _builder_version=\u00a0\u00bb4.18.0&Prime; _module_preset=\u00a0\u00bbe6504a1b-67eb-4b3d-b023-bcab277610b6&Prime; header_4_font=\u00a0\u00bbInter|700||on|||||\u00a0\u00bb header_4_text_color=\u00a0\u00bb#FF5A17&Prime; header_4_font_size=\u00a0\u00bb14px\u00a0\u00bb header_4_letter_spacing=\u00a0\u00bb1px\u00a0\u00bb header_4_line_height=\u00a0\u00bb1.4em\u00a0\u00bb custom_margin=\u00a0\u00bb30px||0px||false|false\u00a0\u00bb global_colors_info=\u00a0\u00bb{}\u00a0\u00bb]<\/p>\n<h4><span>L&rsquo;ABSOLU DELICAT<\/span><\/h4>\n<p>[\/et_pb_text][et_pb_text _builder_version=\u00a0\u00bb4.19.4&Prime; _module_preset=\u00a0\u00bbdefault\u00a0\u00bb global_colors_info=\u00a0\u00bb{}\u00a0\u00bb]<\/p>\n<p><span style=\"font-weight: 400;\">Je fus toujours enchant\u00e9e par la danse. Mais mon admiration pour la danse demeure toujours apr\u00e8s de nombreuses ann\u00e9es, elle a donn\u00e9 lieu \u00e0 une observation enthousiaste de la vie de la danse \u00e0 travers mon objectif. Au d\u00e9but, je cherchais le geste performant sur sc\u00e8ne, puis, de plus pr\u00e8s dans la salle de classe et dans le studio photo.\u00a0<br \/><\/span><span style=\"font-weight: 400;\">Mon int\u00e9r\u00eat est centr\u00e9 sur le danseur et son intime relation avec la naissance du mouvement. Je d\u00e9sire vous faire rentrer dans son univers pour saisir des instants secrets avec d\u00e9licatesse et humilit\u00e9. Les lignes du corps se r\u00e9v\u00e8lent po\u00e9sie et mouvement. Mais le travail quotidien, les r\u00e9p\u00e9titions, les instants de d\u00e9tente, ceux de concentration et enfin le couronnement par la sc\u00e8ne triomphante, ont enthousiasm\u00e9 tout autant ma d\u00e9marche artistique.<br \/><\/span><span style=\"font-weight: 400;\">Derri\u00e8re les gestes \u00e9l\u00e9gants se dissimule le travail routinier. L\u2019observateur non initi\u00e9 ne se doute pas qu\u2019un geste parfait a demand\u00e9 des centaines d\u2019ex\u00e9cutions. L\u2019opini\u00e2tret\u00e9 du danseur dans sa recherche naturelle de cet id\u00e9al se r\u00e9v\u00e8le\u00a0 \u00e0 travers des mouvements parfois imparfaits mais touchants par leur devenir.<br \/><\/span><span style=\"font-weight: 400;\">La beaut\u00e9 des lignes du corps des danseurs trace des courbes harmonieuses et raffin\u00e9es qui ne sont pas sans rappeler les arabesques de la danse elle-m\u00eame. Avec force admiration pour leur silhouette et leur model\u00e9 du corps je d\u00e9sire transmettre l\u2019imm\u00e9diatet\u00e9 et la fragilit\u00e9 du moment, cr\u00e9ant le myst\u00e8re de la danse en tant qu\u2019\u00e9l\u00e9ment indissociable de la vie.<\/span><\/p>\n<p>[\/et_pb_text][et_pb_gallery gallery_ids=\u00a0\u00bb774,775,776,777,778&Prime; gallery_orderby=\u00a0\u00bbrand\u00a0\u00bb show_title_and_caption=\u00a0\u00bboff\u00a0\u00bb show_pagination=\u00a0\u00bboff\u00a0\u00bb _builder_version=\u00a0\u00bb4.18.0&Prime; _module_preset=\u00a0\u00bbdefault\u00a0\u00bb custom_padding=\u00a0\u00bb||1px|||\u00a0\u00bb box_shadow_style_image=\u00a0\u00bbpreset2&Prime; global_colors_info=\u00a0\u00bb{}\u00a0\u00bb][\/et_pb_gallery][\/et_pb_column][\/et_pb_row][et_pb_row _builder_version=\u00a0\u00bb4.18.0&Prime; _module_preset=\u00a0\u00bbdefault\u00a0\u00bb max_width=\u00a0\u00bb90%\u00a0\u00bb custom_margin=\u00a0\u00bb-39px|auto||auto||\u00a0\u00bb custom_padding=\u00a0\u00bb81px|||||\u00a0\u00bb global_colors_info=\u00a0\u00bb{}\u00a0\u00bb][et_pb_column type=\u00a0\u00bb4_4&Prime; _builder_version=\u00a0\u00bb4.18.0&Prime; _module_preset=\u00a0\u00bbdefault\u00a0\u00bb global_colors_info=\u00a0\u00bb{}\u00a0\u00bb][et_pb_text _builder_version=\u00a0\u00bb4.18.0&Prime; _module_preset=\u00a0\u00bbe6504a1b-67eb-4b3d-b023-bcab277610b6&Prime; header_4_font=\u00a0\u00bbInter|700||on|||||\u00a0\u00bb header_4_text_color=\u00a0\u00bb#FF5A17&Prime; header_4_font_size=\u00a0\u00bb14px\u00a0\u00bb header_4_letter_spacing=\u00a0\u00bb1px\u00a0\u00bb header_4_line_height=\u00a0\u00bb1.4em\u00a0\u00bb custom_margin=\u00a0\u00bb5px||0px||false|false\u00a0\u00bb global_colors_info=\u00a0\u00bb{}\u00a0\u00bb]<\/p>\n<h4><span>EN CORPS<\/span><\/h4>\n<p>[\/et_pb_text][et_pb_text _builder_version=\u00a0\u00bb4.19.4&Prime; _module_preset=\u00a0\u00bbdefault\u00a0\u00bb global_colors_info=\u00a0\u00bb{}\u00a0\u00bb]<\/p>\n<p><span style=\"font-weight: 400;\">Le projet sur la danse \u00ab En Corps. <\/span><i><span style=\"font-weight: 400;\">Que reste-t-il quand le corps du danseur n&rsquo;est plus performant\u00a0?<\/span><\/i><span style=\"font-weight: 400;\">\u00a0\u00bb, consacr\u00e9 aux anciens danseurs<\/span> <span style=\"font-weight: 400;\">a \u00e9t\u00e9 pr\u00e9sent\u00e9 pour la premiere fois Dans le cadre du festival de Temps aimer la danse 2018 \u00e0 Biarritz.<\/span><\/p>\n<p><span style=\"font-weight: 400;\">J\u2019ai commenc\u00e9 ce projet par photographier les anciens danseurs Jacques Alberca, n\u00e9 en 1942, et Gilles Schamber, n\u00e9 en 1960. Quel devenir pour le corps du danseur face aux ann\u00e9es qui passent ? Les photos disent une grande int\u00e9riorit\u00e9 du mouvement, t\u00e9moignent d\u2019un danseur qui fait le choix de l\u2019essentiel, lib\u00e9r\u00e9 de la performance, et paradoxalement moins soumis aux contraintes. Le temps qui passe est une opportunit\u00e9 de faire autrement. \u00ab Le point de vue de la danse occidentale \u00bb, dit Jacques Alberca, \u00ab passe encore par le prisme de la performance technique. Ce qui me questionne aujourd&rsquo;hui, c&rsquo;est le changement de point de vue, \u00e0 savoir, s&rsquo;orienter avec le temps vers des \u00e9tats de corps parlants, peu importe l&rsquo;\u00e2ge. \u00bb\u00a0<\/span><\/p>\n<p><span style=\"font-weight: 400;\">Pour moi le corps fait sens, sans anticiper sur la forme, je m\u2019arr\u00eate sur ce que produit le corps et non sur ce qu\u2019il risque de reproduire. A travers la repr\u00e9sentation du corps, je parle de l\u2019\u00e9volution du \u00ab\u00a0corps-histoire\u00a0\u00bb. Dans ce travail je propose une po\u00e9tique du corps et ses\u00a0mouvements pour faire de sa repr\u00e9sentation non seulement un objet, mais un outil de pens\u00e9e sur le monde. <\/span><\/p>\n<p>[\/et_pb_text][et_pb_gallery gallery_ids=\u00a0\u00bb770,771,772,773,769&Prime; gallery_orderby=\u00a0\u00bbrand\u00a0\u00bb show_title_and_caption=\u00a0\u00bboff\u00a0\u00bb show_pagination=\u00a0\u00bboff\u00a0\u00bb _builder_version=\u00a0\u00bb4.18.0&Prime; _module_preset=\u00a0\u00bbdefault\u00a0\u00bb custom_padding=\u00a0\u00bb||0px|||\u00a0\u00bb box_shadow_style_image=\u00a0\u00bbpreset2&Prime; global_colors_info=\u00a0\u00bb{}\u00a0\u00bb][\/et_pb_gallery][\/et_pb_column][\/et_pb_row][et_pb_row _builder_version=\u00a0\u00bb4.18.0&Prime; _module_preset=\u00a0\u00bbdefault\u00a0\u00bb max_width=\u00a0\u00bb90%\u00a0\u00bb custom_margin=\u00a0\u00bb-39px|auto||auto||\u00a0\u00bb custom_padding=\u00a0\u00bb81px|||||\u00a0\u00bb global_colors_info=\u00a0\u00bb{}\u00a0\u00bb][et_pb_column type=\u00a0\u00bb4_4&Prime; _builder_version=\u00a0\u00bb4.18.0&Prime; _module_preset=\u00a0\u00bbdefault\u00a0\u00bb global_colors_info=\u00a0\u00bb{}\u00a0\u00bb][et_pb_text _builder_version=\u00a0\u00bb4.18.0&Prime; _module_preset=\u00a0\u00bbe6504a1b-67eb-4b3d-b023-bcab277610b6&Prime; header_4_font=\u00a0\u00bbInter|700||on|||||\u00a0\u00bb header_4_text_color=\u00a0\u00bb#FF5A17&Prime; header_4_font_size=\u00a0\u00bb14px\u00a0\u00bb header_4_letter_spacing=\u00a0\u00bb1px\u00a0\u00bb header_4_line_height=\u00a0\u00bb1.4em\u00a0\u00bb custom_margin=\u00a0\u00bb18px||0px||false|false\u00a0\u00bb global_colors_info=\u00a0\u00bb{}\u00a0\u00bb]<\/p>\n<h4><span>ABSTRACTIONS EN VERRE<\/span><\/h4>\n<p>[\/et_pb_text][et_pb_text _builder_version=\u00a0\u00bb4.19.4&Prime; _module_preset=\u00a0\u00bbdefault\u00a0\u00bb global_colors_info=\u00a0\u00bb{}\u00a0\u00bb]<\/p>\n<p><span style=\"font-weight: 400;\">Ce projet est n\u00e9 dans les profondeurs de l&rsquo;atelier du sculpteur Serge Abril \u00e0 Biarritz. Ses petits objets, coll\u00e9s\u00a0 \u00e0 partir de fragments de verre, m&rsquo;ont attir\u00e9e par sa g\u00e9om\u00e9trie des lignes et la r\u00e9fraction des reflets de la lumi\u00e8re sur la surface, et m&rsquo;ont inspir\u00e9 pour la cr\u00e9ation d\u2019une s\u00e9rie de photographies.\u00a0<\/span><\/p>\n<p><span style=\"font-weight: 400;\">La beaut\u00e9 des lignes, la g\u00e9om\u00e9trie et les contrastes de lumi\u00e8re ont toujours \u00e9t\u00e9 mes principaux styles d&rsquo;expression. J\u2019aime le jeu de la lumi\u00e8re sur la surface des objets, les ombres profondes et les plans rapproch\u00e9s.<\/span><\/p>\n<p><span style=\"font-weight: 400;\">Il existe pour moi une fronti\u00e8re entre la plong\u00e9e dans les ombres et les explosions de lumi\u00e8re, une fronti\u00e8re o\u00f9 s&rsquo;actualise notre m\u00e9moire, o\u00f9 l&rsquo;image appara\u00eet et se construit reconnaissable \u00e0 la fois dans l&rsquo;espace et le temps.<\/span><\/p>\n<p>[\/et_pb_text][et_pb_gallery gallery_ids=\u00a0\u00bb784,783,782,780&Prime; show_title_and_caption=\u00a0\u00bboff\u00a0\u00bb show_pagination=\u00a0\u00bboff\u00a0\u00bb _builder_version=\u00a0\u00bb4.23&Prime; _module_preset=\u00a0\u00bbdefault\u00a0\u00bb custom_padding=\u00a0\u00bb||1px|||\u00a0\u00bb hover_enabled=\u00a0\u00bb0&Prime; box_shadow_style_image=\u00a0\u00bbpreset2&Prime; global_colors_info=\u00a0\u00bb{}\u00a0\u00bb sticky_enabled=\u00a0\u00bb0&Prime;][\/et_pb_gallery][\/et_pb_column][\/et_pb_row][\/et_pb_section]<\/p>\n","protected":false},"excerpt":{"rendered":"<p>\u00a0Polina Jourdain-KobychevaMES UNIVERSPORTRAITSLes portraits, c\u2019est une approche vers l&rsquo;univers unique de chaque personne. C\u2019est d\u00e9couvrir chaque fois une plan\u00e8te m\u00e9connue. La beaut\u00e9, les traits du caract\u00e8re, tout peut ressortir sous un regard attentif. J\u2019essaie de m&rsquo;approcher de la personne le plus d\u00e9licatement possible afin qu&rsquo;elle ouvre son univers devant moi et que je puisse le [&hellip;]<\/p>\n","protected":false},"author":1,"featured_media":0,"parent":0,"menu_order":0,"comment_status":"closed","ping_status":"closed","template":"","meta":{"_et_pb_use_builder":"on","_et_pb_old_content":"","_et_gb_content_width":"","footnotes":""},"class_list":["post-13","page","type-page","status-publish","hentry"],"yoast_head":"<!-- This site is optimized with the Yoast SEO plugin v27.4 - https:\/\/yoast.com\/product\/yoast-seo-wordpress\/ -->\n<title>Mes univers - Polina Jourdain Kobycheva - Photographe<\/title>\n<meta name=\"robots\" content=\"index, follow, max-snippet:-1, max-image-preview:large, max-video-preview:-1\" \/>\n<link rel=\"canonical\" href=\"https:\/\/jourdainkobycheva.com\/es\/mes-univers\/\" \/>\n<meta property=\"og:locale\" content=\"es_ES\" \/>\n<meta property=\"og:type\" content=\"article\" \/>\n<meta property=\"og:title\" content=\"Mes univers - Polina Jourdain Kobycheva - Photographe\" \/>\n<meta property=\"og:description\" content=\"\u00a0Polina Jourdain-KobychevaMES UNIVERSPORTRAITSLes portraits, c\u2019est une approche vers l&#039;univers unique de chaque personne. C\u2019est d\u00e9couvrir chaque fois une plan\u00e8te m\u00e9connue. La beaut\u00e9, les traits du caract\u00e8re, tout peut ressortir sous un regard attentif. J\u2019essaie de m&#039;approcher de la personne le plus d\u00e9licatement possible afin qu&#039;elle ouvre son univers devant moi et que je puisse le [&hellip;]\" \/>\n<meta property=\"og:url\" content=\"https:\/\/jourdainkobycheva.com\/es\/mes-univers\/\" \/>\n<meta property=\"og:site_name\" content=\"Polina Jourdain Kobycheva - Photographe\" \/>\n<meta property=\"article:modified_time\" content=\"2023-11-06T11:09:05+00:00\" \/>\n<meta name=\"twitter:card\" content=\"summary_large_image\" \/>\n<meta name=\"twitter:label1\" content=\"Tiempo de lectura\" \/>\n\t<meta name=\"twitter:data1\" content=\"8 minutos\" \/>\n<script type=\"application\/ld+json\" class=\"yoast-schema-graph\">{\"@context\":\"https:\\\/\\\/schema.org\",\"@graph\":[{\"@type\":\"WebPage\",\"@id\":\"https:\\\/\\\/jourdainkobycheva.com\\\/mes-univers\\\/\",\"url\":\"https:\\\/\\\/jourdainkobycheva.com\\\/mes-univers\\\/\",\"name\":\"Mes univers - Polina Jourdain Kobycheva - Photographe\",\"isPartOf\":{\"@id\":\"https:\\\/\\\/jourdainkobycheva.com\\\/en\\\/#website\"},\"datePublished\":\"2022-10-05T13:07:38+00:00\",\"dateModified\":\"2023-11-06T11:09:05+00:00\",\"breadcrumb\":{\"@id\":\"https:\\\/\\\/jourdainkobycheva.com\\\/mes-univers\\\/#breadcrumb\"},\"inLanguage\":\"es\",\"potentialAction\":[{\"@type\":\"ReadAction\",\"target\":[\"https:\\\/\\\/jourdainkobycheva.com\\\/mes-univers\\\/\"]}]},{\"@type\":\"BreadcrumbList\",\"@id\":\"https:\\\/\\\/jourdainkobycheva.com\\\/mes-univers\\\/#breadcrumb\",\"itemListElement\":[{\"@type\":\"ListItem\",\"position\":1,\"name\":\"Accueil\",\"item\":\"https:\\\/\\\/jourdainkobycheva.com\\\/en\\\/\"},{\"@type\":\"ListItem\",\"position\":2,\"name\":\"Mes univers\"}]},{\"@type\":\"WebSite\",\"@id\":\"https:\\\/\\\/jourdainkobycheva.com\\\/en\\\/#website\",\"url\":\"https:\\\/\\\/jourdainkobycheva.com\\\/en\\\/\",\"name\":\"Polina Jourdain Kobycheva - Photographe\",\"description\":\"Photos pelote basque - Danse - Pays basque\",\"publisher\":{\"@id\":\"https:\\\/\\\/jourdainkobycheva.com\\\/en\\\/#organization\"},\"potentialAction\":[{\"@type\":\"SearchAction\",\"target\":{\"@type\":\"EntryPoint\",\"urlTemplate\":\"https:\\\/\\\/jourdainkobycheva.com\\\/en\\\/?s={search_term_string}\"},\"query-input\":{\"@type\":\"PropertyValueSpecification\",\"valueRequired\":true,\"valueName\":\"search_term_string\"}}],\"inLanguage\":\"es\"},{\"@type\":\"Organization\",\"@id\":\"https:\\\/\\\/jourdainkobycheva.com\\\/en\\\/#organization\",\"name\":\"Polina Jourdain Kobycheva - Photographe\",\"url\":\"https:\\\/\\\/jourdainkobycheva.com\\\/en\\\/\",\"logo\":{\"@type\":\"ImageObject\",\"inLanguage\":\"es\",\"@id\":\"https:\\\/\\\/jourdainkobycheva.com\\\/en\\\/#\\\/schema\\\/logo\\\/image\\\/\",\"url\":\"https:\\\/\\\/jourdainkobycheva.com\\\/wp-content\\\/uploads\\\/2022\\\/10\\\/cropped-logo-polina-1-e1665473695267.png\",\"contentUrl\":\"https:\\\/\\\/jourdainkobycheva.com\\\/wp-content\\\/uploads\\\/2022\\\/10\\\/cropped-logo-polina-1-e1665473695267.png\",\"width\":363,\"height\":363,\"caption\":\"Polina Jourdain Kobycheva - Photographe\"},\"image\":{\"@id\":\"https:\\\/\\\/jourdainkobycheva.com\\\/en\\\/#\\\/schema\\\/logo\\\/image\\\/\"}}]}<\/script>\n<!-- \/ Yoast SEO plugin. -->","yoast_head_json":{"title":"Mes univers - Polina Jourdain Kobycheva - Photographe","robots":{"index":"index","follow":"follow","max-snippet":"max-snippet:-1","max-image-preview":"max-image-preview:large","max-video-preview":"max-video-preview:-1"},"canonical":"https:\/\/jourdainkobycheva.com\/es\/mes-univers\/","og_locale":"es_ES","og_type":"article","og_title":"Mes univers - Polina Jourdain Kobycheva - Photographe","og_description":"\u00a0Polina Jourdain-KobychevaMES UNIVERSPORTRAITSLes portraits, c\u2019est une approche vers l'univers unique de chaque personne. C\u2019est d\u00e9couvrir chaque fois une plan\u00e8te m\u00e9connue. La beaut\u00e9, les traits du caract\u00e8re, tout peut ressortir sous un regard attentif. J\u2019essaie de m'approcher de la personne le plus d\u00e9licatement possible afin qu'elle ouvre son univers devant moi et que je puisse le [&hellip;]","og_url":"https:\/\/jourdainkobycheva.com\/es\/mes-univers\/","og_site_name":"Polina Jourdain Kobycheva - Photographe","article_modified_time":"2023-11-06T11:09:05+00:00","twitter_card":"summary_large_image","twitter_misc":{"Tiempo de lectura":"8 minutos"},"schema":{"@context":"https:\/\/schema.org","@graph":[{"@type":"WebPage","@id":"https:\/\/jourdainkobycheva.com\/mes-univers\/","url":"https:\/\/jourdainkobycheva.com\/mes-univers\/","name":"Mes univers - Polina Jourdain Kobycheva - Photographe","isPartOf":{"@id":"https:\/\/jourdainkobycheva.com\/en\/#website"},"datePublished":"2022-10-05T13:07:38+00:00","dateModified":"2023-11-06T11:09:05+00:00","breadcrumb":{"@id":"https:\/\/jourdainkobycheva.com\/mes-univers\/#breadcrumb"},"inLanguage":"es","potentialAction":[{"@type":"ReadAction","target":["https:\/\/jourdainkobycheva.com\/mes-univers\/"]}]},{"@type":"BreadcrumbList","@id":"https:\/\/jourdainkobycheva.com\/mes-univers\/#breadcrumb","itemListElement":[{"@type":"ListItem","position":1,"name":"Accueil","item":"https:\/\/jourdainkobycheva.com\/en\/"},{"@type":"ListItem","position":2,"name":"Mes univers"}]},{"@type":"WebSite","@id":"https:\/\/jourdainkobycheva.com\/en\/#website","url":"https:\/\/jourdainkobycheva.com\/en\/","name":"Polina Jourdain Kobycheva - Photographe","description":"Photos pelote basque - Danse - Pays basque","publisher":{"@id":"https:\/\/jourdainkobycheva.com\/en\/#organization"},"potentialAction":[{"@type":"SearchAction","target":{"@type":"EntryPoint","urlTemplate":"https:\/\/jourdainkobycheva.com\/en\/?s={search_term_string}"},"query-input":{"@type":"PropertyValueSpecification","valueRequired":true,"valueName":"search_term_string"}}],"inLanguage":"es"},{"@type":"Organization","@id":"https:\/\/jourdainkobycheva.com\/en\/#organization","name":"Polina Jourdain Kobycheva - Photographe","url":"https:\/\/jourdainkobycheva.com\/en\/","logo":{"@type":"ImageObject","inLanguage":"es","@id":"https:\/\/jourdainkobycheva.com\/en\/#\/schema\/logo\/image\/","url":"https:\/\/jourdainkobycheva.com\/wp-content\/uploads\/2022\/10\/cropped-logo-polina-1-e1665473695267.png","contentUrl":"https:\/\/jourdainkobycheva.com\/wp-content\/uploads\/2022\/10\/cropped-logo-polina-1-e1665473695267.png","width":363,"height":363,"caption":"Polina Jourdain Kobycheva - Photographe"},"image":{"@id":"https:\/\/jourdainkobycheva.com\/en\/#\/schema\/logo\/image\/"}}]}},"jetpack_sharing_enabled":true,"_links":{"self":[{"href":"https:\/\/jourdainkobycheva.com\/es\/wp-json\/wp\/v2\/pages\/13","targetHints":{"allow":["GET"]}}],"collection":[{"href":"https:\/\/jourdainkobycheva.com\/es\/wp-json\/wp\/v2\/pages"}],"about":[{"href":"https:\/\/jourdainkobycheva.com\/es\/wp-json\/wp\/v2\/types\/page"}],"author":[{"embeddable":true,"href":"https:\/\/jourdainkobycheva.com\/es\/wp-json\/wp\/v2\/users\/1"}],"replies":[{"embeddable":true,"href":"https:\/\/jourdainkobycheva.com\/es\/wp-json\/wp\/v2\/comments?post=13"}],"version-history":[{"count":5,"href":"https:\/\/jourdainkobycheva.com\/es\/wp-json\/wp\/v2\/pages\/13\/revisions"}],"predecessor-version":[{"id":1319,"href":"https:\/\/jourdainkobycheva.com\/es\/wp-json\/wp\/v2\/pages\/13\/revisions\/1319"}],"wp:attachment":[{"href":"https:\/\/jourdainkobycheva.com\/es\/wp-json\/wp\/v2\/media?parent=13"}],"curies":[{"name":"wp","href":"https:\/\/api.w.org\/{rel}","templated":true}]}}