{"id":828,"date":"2022-10-19T10:29:21","date_gmt":"2022-10-19T08:29:21","guid":{"rendered":"https:\/\/jourdainkobycheva.com\/?post_type=product&#038;p=828"},"modified":"2022-10-19T10:40:40","modified_gmt":"2022-10-19T08:40:40","slug":"peinture-de-lumiere-sur-fond-noir","status":"publish","type":"product","link":"https:\/\/jourdainkobycheva.com\/en\/product\/peinture-de-lumiere-sur-fond-noir\/","title":{"rendered":"Light painting on black background"},"content":{"rendered":"<h5>Product Details<\/h5>\n<div id=\"detailBullets_feature_div\">\n<ul class=\"a-unordered-list a-nostyle a-vertical a-spacing-none detail-bullet-list\">\n<li><span class=\"a-list-item\"><span class=\"a-text-bold\">Related \u200f: \u200e\u00a0<\/span>72 pages<\/span><\/li>\n<li><span class=\"a-list-item\"><span class=\"a-text-bold\">ISBN-10 \u200f: \u200e\u00a0<\/span>2955748706<\/span><\/li>\n<li><span class=\"a-list-item\"><span class=\"a-text-bold\">ISBN-13 \u200f: \u200e\u00a0<\/span>978-2955748701<\/span><\/li>\n<li><span class=\"a-list-item\"><span class=\"a-text-bold\">Item weight \u200f: \u200e\u00a0<\/span>400g<\/span><\/li>\n<\/ul>\n<\/div>\n<div id=\"detailBullets_feature_div\"><\/div>","protected":false},"excerpt":{"rendered":"<h5><\/h5>\n<h5><\/h5>\n<h5><\/h5>\n<h5><\/h5>\n<p>In a period dominated by special effects in photography, Polina Jourdain-Kobycheva offers us a refreshing journey shrouded in black and white. From his nudes emerge abstract lines which magnify the body in a graphic design evoking charcoal drawings. Its vision is served by fine lines of light which reveal volume and shape. This book is accompanied by the poems of Didier Jourdain in a haiku style.<\/p>\n<h5><\/h5>\n<div id=\"detailBullets_feature_div\">\n<p>&nbsp;<\/p>\n<\/div>","protected":false},"featured_media":829,"template":"","meta":{"_et_pb_use_builder":"off","_et_pb_old_content":"Les \u00e2mes de la pelote (pilota arimak), ce sont les objets qui permettent \u00e0 ce sport d\u2019exister : pala, chistera, xare, gants de cuir et le plus embl\u00e9matique d\u2019entre tous, la balle, pilota, qui a donn\u00e9 son nom en signature.\r\n\r\nLes \u00e2mes de la pelote, ce sont aussi ces artisans qui cr\u00e9ent et permettent \u00e0 cette activit\u00e9 multi-s\u00e9culaire de se perp\u00e9tuer.\r\n\r\nLa photographe Polina Jourdain-Kobycheva est entr\u00e9e dans l\u2019intimit\u00e9 des ateliers pour nous raconter l\u2019histoire de ces hommes et de ces mat\u00e9riaux.\r\n\r\nTextes d\u2019Yves Carlier, \u00e9dition bilingue fran\u00e7ais \u2013 basque","_et_gb_content_width":""},"product_brand":[],"product_cat":[22],"product_tag":[],"class_list":{"0":"post-828","1":"product","2":"type-product","3":"status-publish","4":"has-post-thumbnail","6":"product_cat-editions","8":"first","9":"instock","10":"shipping-taxable","11":"purchasable","12":"product-type-simple"},"yoast_head":"<!-- This site is optimized with the Yoast SEO plugin v27.3 - https:\/\/yoast.com\/product\/yoast-seo-wordpress\/ -->\n<title>Peinture de lumi\u00e8re sur fond noir - Polina Jourdain Kobycheva - Photographe<\/title>\n<meta name=\"robots\" content=\"index, follow, max-snippet:-1, max-image-preview:large, max-video-preview:-1\" \/>\n<link rel=\"canonical\" href=\"https:\/\/jourdainkobycheva.com\/en\/product\/peinture-de-lumiere-sur-fond-noir\/\" \/>\n<meta property=\"og:locale\" content=\"en_US\" \/>\n<meta property=\"og:type\" content=\"article\" \/>\n<meta property=\"og:title\" content=\"Peinture de lumi\u00e8re sur fond noir - Polina Jourdain Kobycheva - Photographe\" \/>\n<meta property=\"og:description\" content=\"Dans une p\u00e9riode domin\u00e9e par les effets sp\u00e9ciaux en photographie, Polina Jourdain-Kobycheva nous offre un rafra\u00eechissant voyage nimb\u00e9 de noir et blanc. De ses nus \u00e9mergent des lignes abstraites qui magnifient le corps dans un graphisme \u00e9voquant les dessins au fusain. Sa vision est servie par de fins liser\u00e9s de lumi\u00e8re qui r\u00e9v\u00e8lent le volume et la forme. Ce livre est accompagn\u00e9 par les po\u00e9sies de Didier Jourdain dans un style ha\u00efku.    &nbsp;\" \/>\n<meta property=\"og:url\" content=\"https:\/\/jourdainkobycheva.com\/en\/product\/peinture-de-lumiere-sur-fond-noir\/\" \/>\n<meta property=\"og:site_name\" content=\"Polina Jourdain Kobycheva - Photographe\" \/>\n<meta property=\"article:modified_time\" content=\"2022-10-19T08:40:40+00:00\" \/>\n<meta property=\"og:image\" content=\"https:\/\/jourdainkobycheva.com\/wp-content\/uploads\/2022\/10\/Couverture-peinture-de-lumiere-1-scaled.jpg\" \/>\n\t<meta property=\"og:image:width\" content=\"2560\" \/>\n\t<meta property=\"og:image:height\" content=\"2444\" \/>\n\t<meta property=\"og:image:type\" content=\"image\/jpeg\" \/>\n<meta name=\"twitter:card\" content=\"summary_large_image\" \/>\n<script type=\"application\/ld+json\" class=\"yoast-schema-graph\">{\"@context\":\"https:\\\/\\\/schema.org\",\"@graph\":[{\"@type\":\"WebPage\",\"@id\":\"https:\\\/\\\/jourdainkobycheva.com\\\/en\\\/product\\\/peinture-de-lumiere-sur-fond-noir\\\/\",\"url\":\"https:\\\/\\\/jourdainkobycheva.com\\\/en\\\/product\\\/peinture-de-lumiere-sur-fond-noir\\\/\",\"name\":\"Peinture de lumi\u00e8re sur fond noir - Polina Jourdain Kobycheva - Photographe\",\"isPartOf\":{\"@id\":\"https:\\\/\\\/jourdainkobycheva.com\\\/#website\"},\"primaryImageOfPage\":{\"@id\":\"https:\\\/\\\/jourdainkobycheva.com\\\/en\\\/product\\\/peinture-de-lumiere-sur-fond-noir\\\/#primaryimage\"},\"image\":{\"@id\":\"https:\\\/\\\/jourdainkobycheva.com\\\/en\\\/product\\\/peinture-de-lumiere-sur-fond-noir\\\/#primaryimage\"},\"thumbnailUrl\":\"https:\\\/\\\/jourdainkobycheva.com\\\/wp-content\\\/uploads\\\/2022\\\/10\\\/Couverture-peinture-de-lumiere-1-scaled.jpg\",\"datePublished\":\"2022-10-19T08:29:21+00:00\",\"dateModified\":\"2022-10-19T08:40:40+00:00\",\"breadcrumb\":{\"@id\":\"https:\\\/\\\/jourdainkobycheva.com\\\/en\\\/product\\\/peinture-de-lumiere-sur-fond-noir\\\/#breadcrumb\"},\"inLanguage\":\"en-US\",\"potentialAction\":[{\"@type\":\"ReadAction\",\"target\":[\"https:\\\/\\\/jourdainkobycheva.com\\\/en\\\/product\\\/peinture-de-lumiere-sur-fond-noir\\\/\"]}]},{\"@type\":\"ImageObject\",\"inLanguage\":\"en-US\",\"@id\":\"https:\\\/\\\/jourdainkobycheva.com\\\/en\\\/product\\\/peinture-de-lumiere-sur-fond-noir\\\/#primaryimage\",\"url\":\"https:\\\/\\\/jourdainkobycheva.com\\\/wp-content\\\/uploads\\\/2022\\\/10\\\/Couverture-peinture-de-lumiere-1-scaled.jpg\",\"contentUrl\":\"https:\\\/\\\/jourdainkobycheva.com\\\/wp-content\\\/uploads\\\/2022\\\/10\\\/Couverture-peinture-de-lumiere-1-scaled.jpg\",\"width\":2560,\"height\":2444,\"caption\":\"Livre photo jourdain-kobycheva\"},{\"@type\":\"BreadcrumbList\",\"@id\":\"https:\\\/\\\/jourdainkobycheva.com\\\/en\\\/product\\\/peinture-de-lumiere-sur-fond-noir\\\/#breadcrumb\",\"itemListElement\":[{\"@type\":\"ListItem\",\"position\":1,\"name\":\"Accueil\",\"item\":\"https:\\\/\\\/jourdainkobycheva.com\\\/\"},{\"@type\":\"ListItem\",\"position\":2,\"name\":\"Boutique\",\"item\":\"http:\\\/\\\/jourdainkobycheva.com\\\/es\\\/boutique\\\/\"},{\"@type\":\"ListItem\",\"position\":3,\"name\":\"Peinture de lumi\u00e8re sur fond noir\"}]},{\"@type\":\"WebSite\",\"@id\":\"https:\\\/\\\/jourdainkobycheva.com\\\/#website\",\"url\":\"https:\\\/\\\/jourdainkobycheva.com\\\/\",\"name\":\"Polina Jourdain Kobycheva - Photographe\",\"description\":\"Photos pelote basque - Danse - Pays basque\",\"publisher\":{\"@id\":\"https:\\\/\\\/jourdainkobycheva.com\\\/#organization\"},\"potentialAction\":[{\"@type\":\"SearchAction\",\"target\":{\"@type\":\"EntryPoint\",\"urlTemplate\":\"https:\\\/\\\/jourdainkobycheva.com\\\/?s={search_term_string}\"},\"query-input\":{\"@type\":\"PropertyValueSpecification\",\"valueRequired\":true,\"valueName\":\"search_term_string\"}}],\"inLanguage\":\"en-US\"},{\"@type\":\"Organization\",\"@id\":\"https:\\\/\\\/jourdainkobycheva.com\\\/#organization\",\"name\":\"Polina Jourdain Kobycheva - Photographe\",\"url\":\"https:\\\/\\\/jourdainkobycheva.com\\\/\",\"logo\":{\"@type\":\"ImageObject\",\"inLanguage\":\"en-US\",\"@id\":\"https:\\\/\\\/jourdainkobycheva.com\\\/#\\\/schema\\\/logo\\\/image\\\/\",\"url\":\"https:\\\/\\\/jourdainkobycheva.com\\\/wp-content\\\/uploads\\\/2022\\\/10\\\/cropped-logo-polina-1-e1665473695267.png\",\"contentUrl\":\"https:\\\/\\\/jourdainkobycheva.com\\\/wp-content\\\/uploads\\\/2022\\\/10\\\/cropped-logo-polina-1-e1665473695267.png\",\"width\":363,\"height\":363,\"caption\":\"Polina Jourdain Kobycheva - Photographe\"},\"image\":{\"@id\":\"https:\\\/\\\/jourdainkobycheva.com\\\/#\\\/schema\\\/logo\\\/image\\\/\"}}]}<\/script>\n<!-- \/ Yoast SEO plugin. -->","yoast_head_json":{"title":"Peinture de lumi\u00e8re sur fond noir - Polina Jourdain Kobycheva - Photographe","robots":{"index":"index","follow":"follow","max-snippet":"max-snippet:-1","max-image-preview":"max-image-preview:large","max-video-preview":"max-video-preview:-1"},"canonical":"https:\/\/jourdainkobycheva.com\/en\/product\/peinture-de-lumiere-sur-fond-noir\/","og_locale":"en_US","og_type":"article","og_title":"Peinture de lumi\u00e8re sur fond noir - Polina Jourdain Kobycheva - Photographe","og_description":"Dans une p\u00e9riode domin\u00e9e par les effets sp\u00e9ciaux en photographie, Polina Jourdain-Kobycheva nous offre un rafra\u00eechissant voyage nimb\u00e9 de noir et blanc. De ses nus \u00e9mergent des lignes abstraites qui magnifient le corps dans un graphisme \u00e9voquant les dessins au fusain. Sa vision est servie par de fins liser\u00e9s de lumi\u00e8re qui r\u00e9v\u00e8lent le volume et la forme. Ce livre est accompagn\u00e9 par les po\u00e9sies de Didier Jourdain dans un style ha\u00efku.    &nbsp;","og_url":"https:\/\/jourdainkobycheva.com\/en\/product\/peinture-de-lumiere-sur-fond-noir\/","og_site_name":"Polina Jourdain Kobycheva - Photographe","article_modified_time":"2022-10-19T08:40:40+00:00","og_image":[{"width":2560,"height":2444,"url":"https:\/\/jourdainkobycheva.com\/wp-content\/uploads\/2022\/10\/Couverture-peinture-de-lumiere-1-scaled.jpg","type":"image\/jpeg"}],"twitter_card":"summary_large_image","schema":{"@context":"https:\/\/schema.org","@graph":[{"@type":"WebPage","@id":"https:\/\/jourdainkobycheva.com\/en\/product\/peinture-de-lumiere-sur-fond-noir\/","url":"https:\/\/jourdainkobycheva.com\/en\/product\/peinture-de-lumiere-sur-fond-noir\/","name":"Peinture de lumi\u00e8re sur fond noir - Polina Jourdain Kobycheva - Photographe","isPartOf":{"@id":"https:\/\/jourdainkobycheva.com\/#website"},"primaryImageOfPage":{"@id":"https:\/\/jourdainkobycheva.com\/en\/product\/peinture-de-lumiere-sur-fond-noir\/#primaryimage"},"image":{"@id":"https:\/\/jourdainkobycheva.com\/en\/product\/peinture-de-lumiere-sur-fond-noir\/#primaryimage"},"thumbnailUrl":"https:\/\/jourdainkobycheva.com\/wp-content\/uploads\/2022\/10\/Couverture-peinture-de-lumiere-1-scaled.jpg","datePublished":"2022-10-19T08:29:21+00:00","dateModified":"2022-10-19T08:40:40+00:00","breadcrumb":{"@id":"https:\/\/jourdainkobycheva.com\/en\/product\/peinture-de-lumiere-sur-fond-noir\/#breadcrumb"},"inLanguage":"en-US","potentialAction":[{"@type":"ReadAction","target":["https:\/\/jourdainkobycheva.com\/en\/product\/peinture-de-lumiere-sur-fond-noir\/"]}]},{"@type":"ImageObject","inLanguage":"en-US","@id":"https:\/\/jourdainkobycheva.com\/en\/product\/peinture-de-lumiere-sur-fond-noir\/#primaryimage","url":"https:\/\/jourdainkobycheva.com\/wp-content\/uploads\/2022\/10\/Couverture-peinture-de-lumiere-1-scaled.jpg","contentUrl":"https:\/\/jourdainkobycheva.com\/wp-content\/uploads\/2022\/10\/Couverture-peinture-de-lumiere-1-scaled.jpg","width":2560,"height":2444,"caption":"Livre photo jourdain-kobycheva"},{"@type":"BreadcrumbList","@id":"https:\/\/jourdainkobycheva.com\/en\/product\/peinture-de-lumiere-sur-fond-noir\/#breadcrumb","itemListElement":[{"@type":"ListItem","position":1,"name":"Accueil","item":"https:\/\/jourdainkobycheva.com\/"},{"@type":"ListItem","position":2,"name":"Boutique","item":"http:\/\/jourdainkobycheva.com\/es\/boutique\/"},{"@type":"ListItem","position":3,"name":"Peinture de lumi\u00e8re sur fond noir"}]},{"@type":"WebSite","@id":"https:\/\/jourdainkobycheva.com\/#website","url":"https:\/\/jourdainkobycheva.com\/","name":"Polina Jourdain Kobycheva - Photographer","description":"Photos pelote basque - Danse - Pays basque","publisher":{"@id":"https:\/\/jourdainkobycheva.com\/#organization"},"potentialAction":[{"@type":"SearchAction","target":{"@type":"EntryPoint","urlTemplate":"https:\/\/jourdainkobycheva.com\/?s={search_term_string}"},"query-input":{"@type":"PropertyValueSpecification","valueRequired":true,"valueName":"search_term_string"}}],"inLanguage":"en-US"},{"@type":"Organization","@id":"https:\/\/jourdainkobycheva.com\/#organization","name":"Polina Jourdain Kobycheva - Photographer","url":"https:\/\/jourdainkobycheva.com\/","logo":{"@type":"ImageObject","inLanguage":"en-US","@id":"https:\/\/jourdainkobycheva.com\/#\/schema\/logo\/image\/","url":"https:\/\/jourdainkobycheva.com\/wp-content\/uploads\/2022\/10\/cropped-logo-polina-1-e1665473695267.png","contentUrl":"https:\/\/jourdainkobycheva.com\/wp-content\/uploads\/2022\/10\/cropped-logo-polina-1-e1665473695267.png","width":363,"height":363,"caption":"Polina Jourdain Kobycheva - Photographe"},"image":{"@id":"https:\/\/jourdainkobycheva.com\/#\/schema\/logo\/image\/"}}]}},"jetpack_sharing_enabled":true,"_links":{"self":[{"href":"https:\/\/jourdainkobycheva.com\/en\/wp-json\/wp\/v2\/product\/828","targetHints":{"allow":["GET"]}}],"collection":[{"href":"https:\/\/jourdainkobycheva.com\/en\/wp-json\/wp\/v2\/product"}],"about":[{"href":"https:\/\/jourdainkobycheva.com\/en\/wp-json\/wp\/v2\/types\/product"}],"wp:featuredmedia":[{"embeddable":true,"href":"https:\/\/jourdainkobycheva.com\/en\/wp-json\/wp\/v2\/media\/829"}],"wp:attachment":[{"href":"https:\/\/jourdainkobycheva.com\/en\/wp-json\/wp\/v2\/media?parent=828"}],"wp:term":[{"taxonomy":"product_brand","embeddable":true,"href":"https:\/\/jourdainkobycheva.com\/en\/wp-json\/wp\/v2\/product_brand?post=828"},{"taxonomy":"product_cat","embeddable":true,"href":"https:\/\/jourdainkobycheva.com\/en\/wp-json\/wp\/v2\/product_cat?post=828"},{"taxonomy":"product_tag","embeddable":true,"href":"https:\/\/jourdainkobycheva.com\/en\/wp-json\/wp\/v2\/product_tag?post=828"}],"curies":[{"name":"wp","href":"https:\/\/api.w.org\/{rel}","templated":true}]}}