{"id":825,"date":"2022-10-19T10:23:40","date_gmt":"2022-10-19T08:23:40","guid":{"rendered":"https:\/\/jourdainkobycheva.com\/?post_type=product&#038;p=825"},"modified":"2022-10-19T10:38:41","modified_gmt":"2022-10-19T08:38:41","slug":"danse-labsolu-delicat","status":"publish","type":"product","link":"https:\/\/jourdainkobycheva.com\/en\/product\/danse-labsolu-delicat\/","title":{"rendered":"Dance. The delicate Absolute"},"content":{"rendered":"<h5>Product Details<\/h5>\n<div id=\"detailBullets_feature_div\">\n<ul class=\"a-unordered-list a-nostyle a-vertical a-spacing-none detail-bullet-list\">\n<li><span class=\"a-list-item\"><span class=\"a-text-bold\">Album \u200f : \u200e\u00a0<\/span>104 pages<\/span><\/li>\n<li><span class=\"a-list-item\"><span class=\"a-text-bold\">ISBN-10 \u200f: \u200e\u00a0<\/span>2955748714<\/span><\/li>\n<li><span class=\"a-list-item\"><span class=\"a-text-bold\">ISBN-13 \u200f: \u200e\u00a0<\/span>978-2955748718<\/span><\/li>\n<li><span class=\"a-list-item\"><span class=\"a-text-bold\">Item weight \u200f: \u200e\u00a0<\/span>550g<\/span><\/li>\n<\/ul>\n<\/div>","protected":false},"excerpt":{"rendered":"<h5><\/h5>\n<h5><\/h5>\n<p>This book is not a book about dance but about the dancer in his intimate dimension and his relationship to the birth of movement. The point of view of the author Polina Jourdain-Kobycheva awakens us, with delicacy and humility, to the secret world rich in nuances of the dancer. The silhouette and the modeling of the dancers&#039; bodies show us perfect lines tracing harmonious curves like dance tracing arabesques. Through the immediacy and fragility of the moment chosen by Polina Jourdain-Kobycheva, she delivers her message to us imbued with the mystery of life. This work is aimed at everyone, describing an idealized, refined world, which makes us dream. And Polina Jourdain-Kobycheva concludes: \u201cI took these photos to share my view of dance with the general public, hoping to appeal to those who discover it differently. \u00bb<\/p>\n<div id=\"detailBullets_feature_div\">\n<p>&nbsp;<\/p>\n<\/div>","protected":false},"featured_media":826,"template":"","meta":{"_et_pb_use_builder":"off","_et_pb_old_content":"Les \u00e2mes de la pelote (pilota arimak), ce sont les objets qui permettent \u00e0 ce sport d\u2019exister : pala, chistera, xare, gants de cuir et le plus embl\u00e9matique d\u2019entre tous, la balle, pilota, qui a donn\u00e9 son nom en signature.\r\n\r\nLes \u00e2mes de la pelote, ce sont aussi ces artisans qui cr\u00e9ent et permettent \u00e0 cette activit\u00e9 multi-s\u00e9culaire de se perp\u00e9tuer.\r\n\r\nLa photographe Polina Jourdain-Kobycheva est entr\u00e9e dans l\u2019intimit\u00e9 des ateliers pour nous raconter l\u2019histoire de ces hommes et de ces mat\u00e9riaux.\r\n\r\nTextes d\u2019Yves Carlier, \u00e9dition bilingue fran\u00e7ais \u2013 basque","_et_gb_content_width":""},"product_brand":[],"product_cat":[22],"product_tag":[],"class_list":{"0":"post-825","1":"product","2":"type-product","3":"status-publish","4":"has-post-thumbnail","6":"product_cat-editions","8":"first","9":"instock","10":"shipping-taxable","11":"purchasable","12":"product-type-simple"},"yoast_head":"<!-- This site is optimized with the Yoast SEO plugin v27.3 - https:\/\/yoast.com\/product\/yoast-seo-wordpress\/ -->\n<title>Danse. L&#039;Absolu d\u00e9licat - Polina Jourdain Kobycheva - Photographe<\/title>\n<meta name=\"robots\" content=\"index, follow, max-snippet:-1, max-image-preview:large, max-video-preview:-1\" \/>\n<link rel=\"canonical\" href=\"https:\/\/jourdainkobycheva.com\/en\/product\/danse-labsolu-delicat\/\" \/>\n<meta property=\"og:locale\" content=\"en_US\" \/>\n<meta property=\"og:type\" content=\"article\" \/>\n<meta property=\"og:title\" content=\"Danse. L&#039;Absolu d\u00e9licat - Polina Jourdain Kobycheva - Photographe\" \/>\n<meta property=\"og:description\" content=\"Ce livre n\u2019est pas un livre sur la danse mais sur le danseur dans sa dimension intime et sa relation \u00e0 la naissance du mouvement. Le point de vue de l\u2019auteur Polina Jourdain-Kobycheva nous \u00e9veille, avec d\u00e9licatesse et humilit\u00e9, au monde secret riche de nuances du danseur. La silhouette et le model\u00e9 du corps des danseurs nous donnent \u00e0 voir des lignes parfaites tra\u00e7ant des courbes harmonieuses comme la danse trace des arabesques. Par l\u2019imm\u00e9diatet\u00e9 et la fragilit\u00e9 du moment choisi par Polina Jourdain-Kobycheva, celle-ci nous livre son message empreint du myst\u00e8re de la vie. Cette \u0153uvre s\u2019adresse \u00e0 tous, d\u00e9crivant un monde id\u00e9alis\u00e9, \u00e9pur\u00e9, qui nous fait r\u00eaver. Et Polina Jourdain-Kobycheva de conclure: \u00ab J\u2019ai r\u00e9alis\u00e9 ces photos pour partager mon regard sur la danse avec le grand public en esp\u00e9rant s\u00e9duire ceux qui la d\u00e9couvre autrement. \u00bb   &nbsp;\" \/>\n<meta property=\"og:url\" content=\"https:\/\/jourdainkobycheva.com\/en\/product\/danse-labsolu-delicat\/\" \/>\n<meta property=\"og:site_name\" content=\"Polina Jourdain Kobycheva - Photographe\" \/>\n<meta property=\"article:modified_time\" content=\"2022-10-19T08:38:41+00:00\" \/>\n<meta property=\"og:image\" content=\"https:\/\/jourdainkobycheva.com\/wp-content\/uploads\/2022\/10\/Couverture-livre-Danse.-Labsolu-delicat-jpg-1-scaled.jpg\" \/>\n\t<meta property=\"og:image:width\" content=\"2454\" \/>\n\t<meta property=\"og:image:height\" content=\"2560\" \/>\n\t<meta property=\"og:image:type\" content=\"image\/jpeg\" \/>\n<meta name=\"twitter:card\" content=\"summary_large_image\" \/>\n<script type=\"application\/ld+json\" class=\"yoast-schema-graph\">{\"@context\":\"https:\\\/\\\/schema.org\",\"@graph\":[{\"@type\":\"WebPage\",\"@id\":\"https:\\\/\\\/jourdainkobycheva.com\\\/en\\\/product\\\/danse-labsolu-delicat\\\/\",\"url\":\"https:\\\/\\\/jourdainkobycheva.com\\\/en\\\/product\\\/danse-labsolu-delicat\\\/\",\"name\":\"Danse. L'Absolu d\u00e9licat - Polina Jourdain Kobycheva - Photographe\",\"isPartOf\":{\"@id\":\"https:\\\/\\\/jourdainkobycheva.com\\\/#website\"},\"primaryImageOfPage\":{\"@id\":\"https:\\\/\\\/jourdainkobycheva.com\\\/en\\\/product\\\/danse-labsolu-delicat\\\/#primaryimage\"},\"image\":{\"@id\":\"https:\\\/\\\/jourdainkobycheva.com\\\/en\\\/product\\\/danse-labsolu-delicat\\\/#primaryimage\"},\"thumbnailUrl\":\"https:\\\/\\\/jourdainkobycheva.com\\\/wp-content\\\/uploads\\\/2022\\\/10\\\/Couverture-livre-Danse.-Labsolu-delicat-jpg-1-scaled.jpg\",\"datePublished\":\"2022-10-19T08:23:40+00:00\",\"dateModified\":\"2022-10-19T08:38:41+00:00\",\"breadcrumb\":{\"@id\":\"https:\\\/\\\/jourdainkobycheva.com\\\/en\\\/product\\\/danse-labsolu-delicat\\\/#breadcrumb\"},\"inLanguage\":\"en-US\",\"potentialAction\":[{\"@type\":\"ReadAction\",\"target\":[\"https:\\\/\\\/jourdainkobycheva.com\\\/en\\\/product\\\/danse-labsolu-delicat\\\/\"]}]},{\"@type\":\"ImageObject\",\"inLanguage\":\"en-US\",\"@id\":\"https:\\\/\\\/jourdainkobycheva.com\\\/en\\\/product\\\/danse-labsolu-delicat\\\/#primaryimage\",\"url\":\"https:\\\/\\\/jourdainkobycheva.com\\\/wp-content\\\/uploads\\\/2022\\\/10\\\/Couverture-livre-Danse.-Labsolu-delicat-jpg-1-scaled.jpg\",\"contentUrl\":\"https:\\\/\\\/jourdainkobycheva.com\\\/wp-content\\\/uploads\\\/2022\\\/10\\\/Couverture-livre-Danse.-Labsolu-delicat-jpg-1-scaled.jpg\",\"width\":2454,\"height\":2560,\"caption\":\"Livre photo jourdain-kobycheva\"},{\"@type\":\"BreadcrumbList\",\"@id\":\"https:\\\/\\\/jourdainkobycheva.com\\\/en\\\/product\\\/danse-labsolu-delicat\\\/#breadcrumb\",\"itemListElement\":[{\"@type\":\"ListItem\",\"position\":1,\"name\":\"Accueil\",\"item\":\"https:\\\/\\\/jourdainkobycheva.com\\\/\"},{\"@type\":\"ListItem\",\"position\":2,\"name\":\"Boutique\",\"item\":\"http:\\\/\\\/jourdainkobycheva.com\\\/es\\\/boutique\\\/\"},{\"@type\":\"ListItem\",\"position\":3,\"name\":\"Danse. L&rsquo;Absolu d\u00e9licat\"}]},{\"@type\":\"WebSite\",\"@id\":\"https:\\\/\\\/jourdainkobycheva.com\\\/#website\",\"url\":\"https:\\\/\\\/jourdainkobycheva.com\\\/\",\"name\":\"Polina Jourdain Kobycheva - Photographe\",\"description\":\"Photos pelote basque - Danse - Pays basque\",\"publisher\":{\"@id\":\"https:\\\/\\\/jourdainkobycheva.com\\\/#organization\"},\"potentialAction\":[{\"@type\":\"SearchAction\",\"target\":{\"@type\":\"EntryPoint\",\"urlTemplate\":\"https:\\\/\\\/jourdainkobycheva.com\\\/?s={search_term_string}\"},\"query-input\":{\"@type\":\"PropertyValueSpecification\",\"valueRequired\":true,\"valueName\":\"search_term_string\"}}],\"inLanguage\":\"en-US\"},{\"@type\":\"Organization\",\"@id\":\"https:\\\/\\\/jourdainkobycheva.com\\\/#organization\",\"name\":\"Polina Jourdain Kobycheva - Photographe\",\"url\":\"https:\\\/\\\/jourdainkobycheva.com\\\/\",\"logo\":{\"@type\":\"ImageObject\",\"inLanguage\":\"en-US\",\"@id\":\"https:\\\/\\\/jourdainkobycheva.com\\\/#\\\/schema\\\/logo\\\/image\\\/\",\"url\":\"https:\\\/\\\/jourdainkobycheva.com\\\/wp-content\\\/uploads\\\/2022\\\/10\\\/cropped-logo-polina-1-e1665473695267.png\",\"contentUrl\":\"https:\\\/\\\/jourdainkobycheva.com\\\/wp-content\\\/uploads\\\/2022\\\/10\\\/cropped-logo-polina-1-e1665473695267.png\",\"width\":363,\"height\":363,\"caption\":\"Polina Jourdain Kobycheva - Photographe\"},\"image\":{\"@id\":\"https:\\\/\\\/jourdainkobycheva.com\\\/#\\\/schema\\\/logo\\\/image\\\/\"}}]}<\/script>\n<!-- \/ Yoast SEO plugin. -->","yoast_head_json":{"title":"Danse. L'Absolu d\u00e9licat - Polina Jourdain Kobycheva - Photographe","robots":{"index":"index","follow":"follow","max-snippet":"max-snippet:-1","max-image-preview":"max-image-preview:large","max-video-preview":"max-video-preview:-1"},"canonical":"https:\/\/jourdainkobycheva.com\/en\/product\/danse-labsolu-delicat\/","og_locale":"en_US","og_type":"article","og_title":"Danse. L'Absolu d\u00e9licat - Polina Jourdain Kobycheva - Photographe","og_description":"Ce livre n\u2019est pas un livre sur la danse mais sur le danseur dans sa dimension intime et sa relation \u00e0 la naissance du mouvement. Le point de vue de l\u2019auteur Polina Jourdain-Kobycheva nous \u00e9veille, avec d\u00e9licatesse et humilit\u00e9, au monde secret riche de nuances du danseur. La silhouette et le model\u00e9 du corps des danseurs nous donnent \u00e0 voir des lignes parfaites tra\u00e7ant des courbes harmonieuses comme la danse trace des arabesques. Par l\u2019imm\u00e9diatet\u00e9 et la fragilit\u00e9 du moment choisi par Polina Jourdain-Kobycheva, celle-ci nous livre son message empreint du myst\u00e8re de la vie. Cette \u0153uvre s\u2019adresse \u00e0 tous, d\u00e9crivant un monde id\u00e9alis\u00e9, \u00e9pur\u00e9, qui nous fait r\u00eaver. Et Polina Jourdain-Kobycheva de conclure: \u00ab J\u2019ai r\u00e9alis\u00e9 ces photos pour partager mon regard sur la danse avec le grand public en esp\u00e9rant s\u00e9duire ceux qui la d\u00e9couvre autrement. \u00bb   &nbsp;","og_url":"https:\/\/jourdainkobycheva.com\/en\/product\/danse-labsolu-delicat\/","og_site_name":"Polina Jourdain Kobycheva - Photographe","article_modified_time":"2022-10-19T08:38:41+00:00","og_image":[{"width":2454,"height":2560,"url":"https:\/\/jourdainkobycheva.com\/wp-content\/uploads\/2022\/10\/Couverture-livre-Danse.-Labsolu-delicat-jpg-1-scaled.jpg","type":"image\/jpeg"}],"twitter_card":"summary_large_image","schema":{"@context":"https:\/\/schema.org","@graph":[{"@type":"WebPage","@id":"https:\/\/jourdainkobycheva.com\/en\/product\/danse-labsolu-delicat\/","url":"https:\/\/jourdainkobycheva.com\/en\/product\/danse-labsolu-delicat\/","name":"Danse. L'Absolu d\u00e9licat - Polina Jourdain Kobycheva - Photographe","isPartOf":{"@id":"https:\/\/jourdainkobycheva.com\/#website"},"primaryImageOfPage":{"@id":"https:\/\/jourdainkobycheva.com\/en\/product\/danse-labsolu-delicat\/#primaryimage"},"image":{"@id":"https:\/\/jourdainkobycheva.com\/en\/product\/danse-labsolu-delicat\/#primaryimage"},"thumbnailUrl":"https:\/\/jourdainkobycheva.com\/wp-content\/uploads\/2022\/10\/Couverture-livre-Danse.-Labsolu-delicat-jpg-1-scaled.jpg","datePublished":"2022-10-19T08:23:40+00:00","dateModified":"2022-10-19T08:38:41+00:00","breadcrumb":{"@id":"https:\/\/jourdainkobycheva.com\/en\/product\/danse-labsolu-delicat\/#breadcrumb"},"inLanguage":"en-US","potentialAction":[{"@type":"ReadAction","target":["https:\/\/jourdainkobycheva.com\/en\/product\/danse-labsolu-delicat\/"]}]},{"@type":"ImageObject","inLanguage":"en-US","@id":"https:\/\/jourdainkobycheva.com\/en\/product\/danse-labsolu-delicat\/#primaryimage","url":"https:\/\/jourdainkobycheva.com\/wp-content\/uploads\/2022\/10\/Couverture-livre-Danse.-Labsolu-delicat-jpg-1-scaled.jpg","contentUrl":"https:\/\/jourdainkobycheva.com\/wp-content\/uploads\/2022\/10\/Couverture-livre-Danse.-Labsolu-delicat-jpg-1-scaled.jpg","width":2454,"height":2560,"caption":"Livre photo jourdain-kobycheva"},{"@type":"BreadcrumbList","@id":"https:\/\/jourdainkobycheva.com\/en\/product\/danse-labsolu-delicat\/#breadcrumb","itemListElement":[{"@type":"ListItem","position":1,"name":"Accueil","item":"https:\/\/jourdainkobycheva.com\/"},{"@type":"ListItem","position":2,"name":"Boutique","item":"http:\/\/jourdainkobycheva.com\/es\/boutique\/"},{"@type":"ListItem","position":3,"name":"Danse. L&rsquo;Absolu d\u00e9licat"}]},{"@type":"WebSite","@id":"https:\/\/jourdainkobycheva.com\/#website","url":"https:\/\/jourdainkobycheva.com\/","name":"Polina Jourdain Kobycheva - Photographer","description":"Photos pelote basque - Danse - Pays basque","publisher":{"@id":"https:\/\/jourdainkobycheva.com\/#organization"},"potentialAction":[{"@type":"SearchAction","target":{"@type":"EntryPoint","urlTemplate":"https:\/\/jourdainkobycheva.com\/?s={search_term_string}"},"query-input":{"@type":"PropertyValueSpecification","valueRequired":true,"valueName":"search_term_string"}}],"inLanguage":"en-US"},{"@type":"Organization","@id":"https:\/\/jourdainkobycheva.com\/#organization","name":"Polina Jourdain Kobycheva - Photographer","url":"https:\/\/jourdainkobycheva.com\/","logo":{"@type":"ImageObject","inLanguage":"en-US","@id":"https:\/\/jourdainkobycheva.com\/#\/schema\/logo\/image\/","url":"https:\/\/jourdainkobycheva.com\/wp-content\/uploads\/2022\/10\/cropped-logo-polina-1-e1665473695267.png","contentUrl":"https:\/\/jourdainkobycheva.com\/wp-content\/uploads\/2022\/10\/cropped-logo-polina-1-e1665473695267.png","width":363,"height":363,"caption":"Polina Jourdain Kobycheva - Photographe"},"image":{"@id":"https:\/\/jourdainkobycheva.com\/#\/schema\/logo\/image\/"}}]}},"jetpack_sharing_enabled":true,"_links":{"self":[{"href":"https:\/\/jourdainkobycheva.com\/en\/wp-json\/wp\/v2\/product\/825","targetHints":{"allow":["GET"]}}],"collection":[{"href":"https:\/\/jourdainkobycheva.com\/en\/wp-json\/wp\/v2\/product"}],"about":[{"href":"https:\/\/jourdainkobycheva.com\/en\/wp-json\/wp\/v2\/types\/product"}],"wp:featuredmedia":[{"embeddable":true,"href":"https:\/\/jourdainkobycheva.com\/en\/wp-json\/wp\/v2\/media\/826"}],"wp:attachment":[{"href":"https:\/\/jourdainkobycheva.com\/en\/wp-json\/wp\/v2\/media?parent=825"}],"wp:term":[{"taxonomy":"product_brand","embeddable":true,"href":"https:\/\/jourdainkobycheva.com\/en\/wp-json\/wp\/v2\/product_brand?post=825"},{"taxonomy":"product_cat","embeddable":true,"href":"https:\/\/jourdainkobycheva.com\/en\/wp-json\/wp\/v2\/product_cat?post=825"},{"taxonomy":"product_tag","embeddable":true,"href":"https:\/\/jourdainkobycheva.com\/en\/wp-json\/wp\/v2\/product_tag?post=825"}],"curies":[{"name":"wp","href":"https:\/\/api.w.org\/{rel}","templated":true}]}}