{"id":503,"date":"2022-10-17T02:35:26","date_gmt":"2022-10-17T00:35:26","guid":{"rendered":"https:\/\/jourdainkobycheva.com\/?post_type=product&#038;p=503"},"modified":"2023-01-17T23:59:34","modified_gmt":"2023-01-17T22:59:34","slug":"photo-etude-n34","status":"publish","type":"product","link":"https:\/\/jourdainkobycheva.com\/en\/product\/photo-etude-n34\/","title":{"rendered":"Photo Study n\u00b034"},"content":{"rendered":"<ul>\n<li><strong>Dimensions<\/strong> 70\u00d770 cm. Photo signed, numbered.<\/li>\n<li>Digital printing on white aluminum (Dibond)<\/li>\n<\/ul>","protected":false},"excerpt":{"rendered":"<p>The work from the series \u201cPainting of light on the black background\u201d<\/p>","protected":false},"featured_media":504,"template":"","meta":{"_et_pb_use_builder":"","_et_pb_old_content":"","_et_gb_content_width":""},"product_brand":[],"product_cat":[26],"product_tag":[],"class_list":{"0":"post-503","1":"product","2":"type-product","3":"status-publish","4":"has-post-thumbnail","6":"product_cat-nu-e-s","8":"first","9":"instock","10":"shipping-taxable","11":"purchasable","12":"product-type-simple"},"yoast_head":"<!-- This site is optimized with the Yoast SEO plugin v27.3 - https:\/\/yoast.com\/product\/yoast-seo-wordpress\/ -->\n<title>Photo Etude n\u00b034 - Polina Jourdain Kobycheva - Photographe<\/title>\n<meta name=\"description\" content=\"L&#039;\u0153uvre de la s\u00e9rie \u00ab Peinture de lumi\u00e8re sur le fond noir \u00bb. Photographie artistique nu f\u00e9minin. Photo noir et blanc pour la d\u00e9coration d&#039;int\u00e9rieur.\" \/>\n<meta name=\"robots\" content=\"index, follow, max-snippet:-1, max-image-preview:large, max-video-preview:-1\" \/>\n<link rel=\"canonical\" href=\"http:\/\/jourdainkobycheva.com\/en\/product\/photo-etude-n34\/\" \/>\n<meta property=\"og:locale\" content=\"en_US\" \/>\n<meta property=\"og:type\" content=\"article\" \/>\n<meta property=\"og:title\" content=\"Photo Etude n\u00b034 - Polina Jourdain Kobycheva - Photographe\" \/>\n<meta property=\"og:description\" content=\"L&#039;\u0153uvre de la s\u00e9rie \u00ab Peinture de lumi\u00e8re sur le fond noir \u00bb. Photographie artistique nu f\u00e9minin. Photo noir et blanc pour la d\u00e9coration d&#039;int\u00e9rieur.\" \/>\n<meta property=\"og:url\" content=\"http:\/\/jourdainkobycheva.com\/en\/product\/photo-etude-n34\/\" \/>\n<meta property=\"og:site_name\" content=\"Polina Jourdain Kobycheva - Photographe\" \/>\n<meta property=\"article:modified_time\" content=\"2023-01-17T22:59:34+00:00\" \/>\n<meta property=\"og:image\" content=\"http:\/\/jourdainkobycheva.com\/wp-content\/uploads\/2022\/10\/Etude-\u2116-34-cat.jpg\" \/>\n\t<meta property=\"og:image:width\" content=\"2510\" \/>\n\t<meta property=\"og:image:height\" content=\"2510\" \/>\n\t<meta property=\"og:image:type\" content=\"image\/jpeg\" \/>\n<meta name=\"twitter:card\" content=\"summary_large_image\" \/>\n<meta name=\"twitter:label1\" content=\"Est. reading time\" \/>\n\t<meta name=\"twitter:data1\" content=\"1 minute\" \/>\n<script type=\"application\/ld+json\" class=\"yoast-schema-graph\">{\"@context\":\"https:\\\/\\\/schema.org\",\"@graph\":[{\"@type\":\"WebPage\",\"@id\":\"http:\\\/\\\/jourdainkobycheva.com\\\/produit\\\/photo-etude-n34\\\/\",\"url\":\"http:\\\/\\\/jourdainkobycheva.com\\\/produit\\\/photo-etude-n34\\\/\",\"name\":\"Photo Etude n\u00b034 - Polina Jourdain Kobycheva - Photographe\",\"isPartOf\":{\"@id\":\"https:\\\/\\\/jourdainkobycheva.com\\\/#website\"},\"primaryImageOfPage\":{\"@id\":\"http:\\\/\\\/jourdainkobycheva.com\\\/produit\\\/photo-etude-n34\\\/#primaryimage\"},\"image\":{\"@id\":\"http:\\\/\\\/jourdainkobycheva.com\\\/produit\\\/photo-etude-n34\\\/#primaryimage\"},\"thumbnailUrl\":\"https:\\\/\\\/jourdainkobycheva.com\\\/wp-content\\\/uploads\\\/2022\\\/10\\\/Etude-\u2116-34-cat.jpg\",\"datePublished\":\"2022-10-17T00:35:26+00:00\",\"dateModified\":\"2023-01-17T22:59:34+00:00\",\"description\":\"L'\u0153uvre de la s\u00e9rie \u00ab Peinture de lumi\u00e8re sur le fond noir \u00bb. Photographie artistique nu f\u00e9minin. Photo noir et blanc pour la d\u00e9coration d'int\u00e9rieur.\",\"breadcrumb\":{\"@id\":\"http:\\\/\\\/jourdainkobycheva.com\\\/produit\\\/photo-etude-n34\\\/#breadcrumb\"},\"inLanguage\":\"en-US\",\"potentialAction\":[{\"@type\":\"ReadAction\",\"target\":[\"http:\\\/\\\/jourdainkobycheva.com\\\/produit\\\/photo-etude-n34\\\/\"]}]},{\"@type\":\"ImageObject\",\"inLanguage\":\"en-US\",\"@id\":\"http:\\\/\\\/jourdainkobycheva.com\\\/produit\\\/photo-etude-n34\\\/#primaryimage\",\"url\":\"https:\\\/\\\/jourdainkobycheva.com\\\/wp-content\\\/uploads\\\/2022\\\/10\\\/Etude-\u2116-34-cat.jpg\",\"contentUrl\":\"https:\\\/\\\/jourdainkobycheva.com\\\/wp-content\\\/uploads\\\/2022\\\/10\\\/Etude-\u2116-34-cat.jpg\",\"width\":2510,\"height\":2510,\"caption\":\"photo nu f\u00e9minin noir et blanc\"},{\"@type\":\"BreadcrumbList\",\"@id\":\"http:\\\/\\\/jourdainkobycheva.com\\\/produit\\\/photo-etude-n34\\\/#breadcrumb\",\"itemListElement\":[{\"@type\":\"ListItem\",\"position\":1,\"name\":\"Accueil\",\"item\":\"https:\\\/\\\/jourdainkobycheva.com\\\/\"},{\"@type\":\"ListItem\",\"position\":2,\"name\":\"Boutique\",\"item\":\"http:\\\/\\\/jourdainkobycheva.com\\\/es\\\/boutique\\\/\"},{\"@type\":\"ListItem\",\"position\":3,\"name\":\"Photo Etude n\u00b034\"}]},{\"@type\":\"WebSite\",\"@id\":\"https:\\\/\\\/jourdainkobycheva.com\\\/#website\",\"url\":\"https:\\\/\\\/jourdainkobycheva.com\\\/\",\"name\":\"Polina Jourdain Kobycheva - Photographe\",\"description\":\"Photos pelote basque - Danse - Pays basque\",\"publisher\":{\"@id\":\"https:\\\/\\\/jourdainkobycheva.com\\\/#organization\"},\"potentialAction\":[{\"@type\":\"SearchAction\",\"target\":{\"@type\":\"EntryPoint\",\"urlTemplate\":\"https:\\\/\\\/jourdainkobycheva.com\\\/?s={search_term_string}\"},\"query-input\":{\"@type\":\"PropertyValueSpecification\",\"valueRequired\":true,\"valueName\":\"search_term_string\"}}],\"inLanguage\":\"en-US\"},{\"@type\":\"Organization\",\"@id\":\"https:\\\/\\\/jourdainkobycheva.com\\\/#organization\",\"name\":\"Polina Jourdain Kobycheva - Photographe\",\"url\":\"https:\\\/\\\/jourdainkobycheva.com\\\/\",\"logo\":{\"@type\":\"ImageObject\",\"inLanguage\":\"en-US\",\"@id\":\"https:\\\/\\\/jourdainkobycheva.com\\\/#\\\/schema\\\/logo\\\/image\\\/\",\"url\":\"https:\\\/\\\/jourdainkobycheva.com\\\/wp-content\\\/uploads\\\/2022\\\/10\\\/cropped-logo-polina-1-e1665473695267.png\",\"contentUrl\":\"https:\\\/\\\/jourdainkobycheva.com\\\/wp-content\\\/uploads\\\/2022\\\/10\\\/cropped-logo-polina-1-e1665473695267.png\",\"width\":363,\"height\":363,\"caption\":\"Polina Jourdain Kobycheva - Photographe\"},\"image\":{\"@id\":\"https:\\\/\\\/jourdainkobycheva.com\\\/#\\\/schema\\\/logo\\\/image\\\/\"}}]}<\/script>\n<!-- \/ Yoast SEO plugin. -->","yoast_head_json":{"title":"Photo Etude n\u00b034 - Polina Jourdain Kobycheva - Photographe","description":"L'\u0153uvre de la s\u00e9rie \u00ab Peinture de lumi\u00e8re sur le fond noir \u00bb. Photographie artistique nu f\u00e9minin. Photo noir et blanc pour la d\u00e9coration d'int\u00e9rieur.","robots":{"index":"index","follow":"follow","max-snippet":"max-snippet:-1","max-image-preview":"max-image-preview:large","max-video-preview":"max-video-preview:-1"},"canonical":"http:\/\/jourdainkobycheva.com\/en\/product\/photo-etude-n34\/","og_locale":"en_US","og_type":"article","og_title":"Photo Etude n\u00b034 - Polina Jourdain Kobycheva - Photographe","og_description":"L'\u0153uvre de la s\u00e9rie \u00ab Peinture de lumi\u00e8re sur le fond noir \u00bb. Photographie artistique nu f\u00e9minin. Photo noir et blanc pour la d\u00e9coration d'int\u00e9rieur.","og_url":"http:\/\/jourdainkobycheva.com\/en\/product\/photo-etude-n34\/","og_site_name":"Polina Jourdain Kobycheva - Photographe","article_modified_time":"2023-01-17T22:59:34+00:00","og_image":[{"width":2510,"height":2510,"url":"http:\/\/jourdainkobycheva.com\/wp-content\/uploads\/2022\/10\/Etude-\u2116-34-cat.jpg","type":"image\/jpeg"}],"twitter_card":"summary_large_image","twitter_misc":{"Est. reading time":"1 minute"},"schema":{"@context":"https:\/\/schema.org","@graph":[{"@type":"WebPage","@id":"http:\/\/jourdainkobycheva.com\/produit\/photo-etude-n34\/","url":"http:\/\/jourdainkobycheva.com\/produit\/photo-etude-n34\/","name":"Photo Etude n\u00b034 - Polina Jourdain Kobycheva - Photographe","isPartOf":{"@id":"https:\/\/jourdainkobycheva.com\/#website"},"primaryImageOfPage":{"@id":"http:\/\/jourdainkobycheva.com\/produit\/photo-etude-n34\/#primaryimage"},"image":{"@id":"http:\/\/jourdainkobycheva.com\/produit\/photo-etude-n34\/#primaryimage"},"thumbnailUrl":"https:\/\/jourdainkobycheva.com\/wp-content\/uploads\/2022\/10\/Etude-\u2116-34-cat.jpg","datePublished":"2022-10-17T00:35:26+00:00","dateModified":"2023-01-17T22:59:34+00:00","description":"L'\u0153uvre de la s\u00e9rie \u00ab Peinture de lumi\u00e8re sur le fond noir \u00bb. Photographie artistique nu f\u00e9minin. Photo noir et blanc pour la d\u00e9coration d'int\u00e9rieur.","breadcrumb":{"@id":"http:\/\/jourdainkobycheva.com\/produit\/photo-etude-n34\/#breadcrumb"},"inLanguage":"en-US","potentialAction":[{"@type":"ReadAction","target":["http:\/\/jourdainkobycheva.com\/produit\/photo-etude-n34\/"]}]},{"@type":"ImageObject","inLanguage":"en-US","@id":"http:\/\/jourdainkobycheva.com\/produit\/photo-etude-n34\/#primaryimage","url":"https:\/\/jourdainkobycheva.com\/wp-content\/uploads\/2022\/10\/Etude-\u2116-34-cat.jpg","contentUrl":"https:\/\/jourdainkobycheva.com\/wp-content\/uploads\/2022\/10\/Etude-\u2116-34-cat.jpg","width":2510,"height":2510,"caption":"photo nu f\u00e9minin noir et blanc"},{"@type":"BreadcrumbList","@id":"http:\/\/jourdainkobycheva.com\/produit\/photo-etude-n34\/#breadcrumb","itemListElement":[{"@type":"ListItem","position":1,"name":"Accueil","item":"https:\/\/jourdainkobycheva.com\/"},{"@type":"ListItem","position":2,"name":"Boutique","item":"http:\/\/jourdainkobycheva.com\/es\/boutique\/"},{"@type":"ListItem","position":3,"name":"Photo Etude n\u00b034"}]},{"@type":"WebSite","@id":"https:\/\/jourdainkobycheva.com\/#website","url":"https:\/\/jourdainkobycheva.com\/","name":"Polina Jourdain Kobycheva - Photographer","description":"Photos pelote basque - Danse - Pays basque","publisher":{"@id":"https:\/\/jourdainkobycheva.com\/#organization"},"potentialAction":[{"@type":"SearchAction","target":{"@type":"EntryPoint","urlTemplate":"https:\/\/jourdainkobycheva.com\/?s={search_term_string}"},"query-input":{"@type":"PropertyValueSpecification","valueRequired":true,"valueName":"search_term_string"}}],"inLanguage":"en-US"},{"@type":"Organization","@id":"https:\/\/jourdainkobycheva.com\/#organization","name":"Polina Jourdain Kobycheva - Photographer","url":"https:\/\/jourdainkobycheva.com\/","logo":{"@type":"ImageObject","inLanguage":"en-US","@id":"https:\/\/jourdainkobycheva.com\/#\/schema\/logo\/image\/","url":"https:\/\/jourdainkobycheva.com\/wp-content\/uploads\/2022\/10\/cropped-logo-polina-1-e1665473695267.png","contentUrl":"https:\/\/jourdainkobycheva.com\/wp-content\/uploads\/2022\/10\/cropped-logo-polina-1-e1665473695267.png","width":363,"height":363,"caption":"Polina Jourdain Kobycheva - Photographe"},"image":{"@id":"https:\/\/jourdainkobycheva.com\/#\/schema\/logo\/image\/"}}]}},"jetpack_sharing_enabled":true,"_links":{"self":[{"href":"https:\/\/jourdainkobycheva.com\/en\/wp-json\/wp\/v2\/product\/503","targetHints":{"allow":["GET"]}}],"collection":[{"href":"https:\/\/jourdainkobycheva.com\/en\/wp-json\/wp\/v2\/product"}],"about":[{"href":"https:\/\/jourdainkobycheva.com\/en\/wp-json\/wp\/v2\/types\/product"}],"wp:featuredmedia":[{"embeddable":true,"href":"https:\/\/jourdainkobycheva.com\/en\/wp-json\/wp\/v2\/media\/504"}],"wp:attachment":[{"href":"https:\/\/jourdainkobycheva.com\/en\/wp-json\/wp\/v2\/media?parent=503"}],"wp:term":[{"taxonomy":"product_brand","embeddable":true,"href":"https:\/\/jourdainkobycheva.com\/en\/wp-json\/wp\/v2\/product_brand?post=503"},{"taxonomy":"product_cat","embeddable":true,"href":"https:\/\/jourdainkobycheva.com\/en\/wp-json\/wp\/v2\/product_cat?post=503"},{"taxonomy":"product_tag","embeddable":true,"href":"https:\/\/jourdainkobycheva.com\/en\/wp-json\/wp\/v2\/product_tag?post=503"}],"curies":[{"name":"wp","href":"https:\/\/api.w.org\/{rel}","templated":true}]}}