{"id":181,"date":"2022-10-10T23:20:27","date_gmt":"2022-10-10T21:20:27","guid":{"rendered":"http:\/\/jourdaa.cluster028.hosting.ovh.net\/?post_type=product&#038;p=181"},"modified":"2022-10-10T23:20:28","modified_gmt":"2022-10-10T21:20:28","slug":"photo-la-main-nue-n1","status":"publish","type":"product","link":"https:\/\/jourdainkobycheva.com\/en\/product\/photo-la-main-nue-n1\/","title":{"rendered":"Photo The Bare Hand n\u00b01"},"content":{"rendered":"<ul>\n<li><strong>Dimensions<\/strong> 60\u00d745 cm. Signed, numbered.<\/li>\n<li>Digital printing on white aluminum (Dibond)<\/li>\n<\/ul>","protected":false},"excerpt":{"rendered":"<p class=\"_28cEs\" data-hook=\"description\">Photo La Main Nue n\u00b01 from the Basque Pelota collection.<br \/>\nMade during the competitions at the trinquet Xilar de Soura\u00efde in 2020.<\/p>","protected":false},"featured_media":182,"template":"","meta":{"_et_pb_use_builder":"","_et_pb_old_content":"","_et_gb_content_width":""},"product_brand":[],"product_cat":[21],"product_tag":[],"class_list":{"0":"post-181","1":"product","2":"type-product","3":"status-publish","4":"has-post-thumbnail","6":"product_cat-pelote-basque","8":"first","9":"instock","10":"shipping-taxable","11":"purchasable","12":"product-type-simple"},"yoast_head":"<!-- This site is optimized with the Yoast SEO plugin v27.4 - https:\/\/yoast.com\/product\/yoast-seo-wordpress\/ -->\n<title>Photo La Main nue n\u00b01 - Polina Jourdain Kobycheva - Photographe<\/title>\n<meta name=\"robots\" content=\"index, follow, max-snippet:-1, max-image-preview:large, max-video-preview:-1\" \/>\n<link rel=\"canonical\" href=\"http:\/\/jourdainkobycheva.com\/en\/producto\/photo-la-main-nue-n1\/\" \/>\n<meta property=\"og:locale\" content=\"en_US\" \/>\n<meta property=\"og:type\" content=\"article\" \/>\n<meta property=\"og:title\" content=\"Photo La Main nue n\u00b01 - Polina Jourdain Kobycheva - Photographe\" \/>\n<meta property=\"og:description\" content=\"Photo La Main Nue n\u00b01 de la collection Pelote basque. R\u00e9alis\u00e9e pendant les competitions au trinquet Xilar de Soura\u00efde en 2020.\" \/>\n<meta property=\"og:url\" content=\"http:\/\/jourdainkobycheva.com\/en\/producto\/photo-la-main-nue-n1\/\" \/>\n<meta property=\"og:site_name\" content=\"Polina Jourdain Kobycheva - Photographe\" \/>\n<meta property=\"article:modified_time\" content=\"2022-10-10T21:20:28+00:00\" \/>\n<meta property=\"og:image\" content=\"http:\/\/jourdainkobycheva.com\/wp-content\/uploads\/2022\/10\/La-main-nue-N1-scaled.jpg\" \/>\n\t<meta property=\"og:image:width\" content=\"2560\" \/>\n\t<meta property=\"og:image:height\" content=\"2048\" \/>\n\t<meta property=\"og:image:type\" content=\"image\/jpeg\" \/>\n<meta name=\"twitter:card\" content=\"summary_large_image\" \/>\n<script type=\"application\/ld+json\" class=\"yoast-schema-graph\">{\"@context\":\"https:\\\/\\\/schema.org\",\"@graph\":[{\"@type\":\"WebPage\",\"@id\":\"http:\\\/\\\/jourdainkobycheva.com\\\/es\\\/producto\\\/photo-la-main-nue-n1\\\/\",\"url\":\"http:\\\/\\\/jourdainkobycheva.com\\\/es\\\/producto\\\/photo-la-main-nue-n1\\\/\",\"name\":\"Photo La Main nue n\u00b01 - Polina Jourdain Kobycheva - Photographe\",\"isPartOf\":{\"@id\":\"https:\\\/\\\/jourdainkobycheva.com\\\/en\\\/#website\"},\"primaryImageOfPage\":{\"@id\":\"http:\\\/\\\/jourdainkobycheva.com\\\/es\\\/producto\\\/photo-la-main-nue-n1\\\/#primaryimage\"},\"image\":{\"@id\":\"http:\\\/\\\/jourdainkobycheva.com\\\/es\\\/producto\\\/photo-la-main-nue-n1\\\/#primaryimage\"},\"thumbnailUrl\":\"https:\\\/\\\/jourdainkobycheva.com\\\/wp-content\\\/uploads\\\/2022\\\/10\\\/La-main-nue-N1-scaled.jpg\",\"datePublished\":\"2022-10-10T21:20:27+00:00\",\"dateModified\":\"2022-10-10T21:20:28+00:00\",\"breadcrumb\":{\"@id\":\"http:\\\/\\\/jourdainkobycheva.com\\\/es\\\/producto\\\/photo-la-main-nue-n1\\\/#breadcrumb\"},\"inLanguage\":\"en-US\",\"potentialAction\":[{\"@type\":\"ReadAction\",\"target\":[\"http:\\\/\\\/jourdainkobycheva.com\\\/es\\\/producto\\\/photo-la-main-nue-n1\\\/\"]}]},{\"@type\":\"ImageObject\",\"inLanguage\":\"en-US\",\"@id\":\"http:\\\/\\\/jourdainkobycheva.com\\\/es\\\/producto\\\/photo-la-main-nue-n1\\\/#primaryimage\",\"url\":\"https:\\\/\\\/jourdainkobycheva.com\\\/wp-content\\\/uploads\\\/2022\\\/10\\\/La-main-nue-N1-scaled.jpg\",\"contentUrl\":\"https:\\\/\\\/jourdainkobycheva.com\\\/wp-content\\\/uploads\\\/2022\\\/10\\\/La-main-nue-N1-scaled.jpg\",\"width\":2560,\"height\":2048},{\"@type\":\"BreadcrumbList\",\"@id\":\"http:\\\/\\\/jourdainkobycheva.com\\\/es\\\/producto\\\/photo-la-main-nue-n1\\\/#breadcrumb\",\"itemListElement\":[{\"@type\":\"ListItem\",\"position\":1,\"name\":\"Accueil\",\"item\":\"https:\\\/\\\/jourdainkobycheva.com\\\/en\\\/\"},{\"@type\":\"ListItem\",\"position\":2,\"name\":\"Boutique\",\"item\":\"https:\\\/\\\/jourdainkobycheva.com\\\/en\\\/boutique\\\/\"},{\"@type\":\"ListItem\",\"position\":3,\"name\":\"Photo La Main nue n\u00b01\"}]},{\"@type\":\"WebSite\",\"@id\":\"https:\\\/\\\/jourdainkobycheva.com\\\/en\\\/#website\",\"url\":\"https:\\\/\\\/jourdainkobycheva.com\\\/en\\\/\",\"name\":\"Polina Jourdain Kobycheva - Photographe\",\"description\":\"Photos pelote basque - Danse - Pays basque\",\"publisher\":{\"@id\":\"https:\\\/\\\/jourdainkobycheva.com\\\/en\\\/#organization\"},\"potentialAction\":[{\"@type\":\"SearchAction\",\"target\":{\"@type\":\"EntryPoint\",\"urlTemplate\":\"https:\\\/\\\/jourdainkobycheva.com\\\/en\\\/?s={search_term_string}\"},\"query-input\":{\"@type\":\"PropertyValueSpecification\",\"valueRequired\":true,\"valueName\":\"search_term_string\"}}],\"inLanguage\":\"en-US\"},{\"@type\":\"Organization\",\"@id\":\"https:\\\/\\\/jourdainkobycheva.com\\\/en\\\/#organization\",\"name\":\"Polina Jourdain Kobycheva - Photographe\",\"url\":\"https:\\\/\\\/jourdainkobycheva.com\\\/en\\\/\",\"logo\":{\"@type\":\"ImageObject\",\"inLanguage\":\"en-US\",\"@id\":\"https:\\\/\\\/jourdainkobycheva.com\\\/en\\\/#\\\/schema\\\/logo\\\/image\\\/\",\"url\":\"https:\\\/\\\/jourdainkobycheva.com\\\/wp-content\\\/uploads\\\/2022\\\/10\\\/cropped-logo-polina-1-e1665473695267.png\",\"contentUrl\":\"https:\\\/\\\/jourdainkobycheva.com\\\/wp-content\\\/uploads\\\/2022\\\/10\\\/cropped-logo-polina-1-e1665473695267.png\",\"width\":363,\"height\":363,\"caption\":\"Polina Jourdain Kobycheva - Photographe\"},\"image\":{\"@id\":\"https:\\\/\\\/jourdainkobycheva.com\\\/en\\\/#\\\/schema\\\/logo\\\/image\\\/\"}}]}<\/script>\n<!-- \/ Yoast SEO plugin. -->","yoast_head_json":{"title":"Photo La Main nue n\u00b01 - Polina Jourdain Kobycheva - Photographe","robots":{"index":"index","follow":"follow","max-snippet":"max-snippet:-1","max-image-preview":"max-image-preview:large","max-video-preview":"max-video-preview:-1"},"canonical":"http:\/\/jourdainkobycheva.com\/en\/producto\/photo-la-main-nue-n1\/","og_locale":"en_US","og_type":"article","og_title":"Photo La Main nue n\u00b01 - Polina Jourdain Kobycheva - Photographe","og_description":"Photo La Main Nue n\u00b01 de la collection Pelote basque. R\u00e9alis\u00e9e pendant les competitions au trinquet Xilar de Soura\u00efde en 2020.","og_url":"http:\/\/jourdainkobycheva.com\/en\/producto\/photo-la-main-nue-n1\/","og_site_name":"Polina Jourdain Kobycheva - Photographe","article_modified_time":"2022-10-10T21:20:28+00:00","og_image":[{"width":2560,"height":2048,"url":"http:\/\/jourdainkobycheva.com\/wp-content\/uploads\/2022\/10\/La-main-nue-N1-scaled.jpg","type":"image\/jpeg"}],"twitter_card":"summary_large_image","schema":{"@context":"https:\/\/schema.org","@graph":[{"@type":"WebPage","@id":"http:\/\/jourdainkobycheva.com\/es\/producto\/photo-la-main-nue-n1\/","url":"http:\/\/jourdainkobycheva.com\/es\/producto\/photo-la-main-nue-n1\/","name":"Photo La Main nue n\u00b01 - Polina Jourdain Kobycheva - Photographe","isPartOf":{"@id":"https:\/\/jourdainkobycheva.com\/en\/#website"},"primaryImageOfPage":{"@id":"http:\/\/jourdainkobycheva.com\/es\/producto\/photo-la-main-nue-n1\/#primaryimage"},"image":{"@id":"http:\/\/jourdainkobycheva.com\/es\/producto\/photo-la-main-nue-n1\/#primaryimage"},"thumbnailUrl":"https:\/\/jourdainkobycheva.com\/wp-content\/uploads\/2022\/10\/La-main-nue-N1-scaled.jpg","datePublished":"2022-10-10T21:20:27+00:00","dateModified":"2022-10-10T21:20:28+00:00","breadcrumb":{"@id":"http:\/\/jourdainkobycheva.com\/es\/producto\/photo-la-main-nue-n1\/#breadcrumb"},"inLanguage":"en-US","potentialAction":[{"@type":"ReadAction","target":["http:\/\/jourdainkobycheva.com\/es\/producto\/photo-la-main-nue-n1\/"]}]},{"@type":"ImageObject","inLanguage":"en-US","@id":"http:\/\/jourdainkobycheva.com\/es\/producto\/photo-la-main-nue-n1\/#primaryimage","url":"https:\/\/jourdainkobycheva.com\/wp-content\/uploads\/2022\/10\/La-main-nue-N1-scaled.jpg","contentUrl":"https:\/\/jourdainkobycheva.com\/wp-content\/uploads\/2022\/10\/La-main-nue-N1-scaled.jpg","width":2560,"height":2048},{"@type":"BreadcrumbList","@id":"http:\/\/jourdainkobycheva.com\/es\/producto\/photo-la-main-nue-n1\/#breadcrumb","itemListElement":[{"@type":"ListItem","position":1,"name":"Accueil","item":"https:\/\/jourdainkobycheva.com\/en\/"},{"@type":"ListItem","position":2,"name":"Boutique","item":"https:\/\/jourdainkobycheva.com\/en\/boutique\/"},{"@type":"ListItem","position":3,"name":"Photo La Main nue n\u00b01"}]},{"@type":"WebSite","@id":"https:\/\/jourdainkobycheva.com\/en\/#website","url":"https:\/\/jourdainkobycheva.com\/en\/","name":"Polina Jourdain Kobycheva - Photographer","description":"Photos pelote basque - Danse - Pays basque","publisher":{"@id":"https:\/\/jourdainkobycheva.com\/en\/#organization"},"potentialAction":[{"@type":"SearchAction","target":{"@type":"EntryPoint","urlTemplate":"https:\/\/jourdainkobycheva.com\/en\/?s={search_term_string}"},"query-input":{"@type":"PropertyValueSpecification","valueRequired":true,"valueName":"search_term_string"}}],"inLanguage":"en-US"},{"@type":"Organization","@id":"https:\/\/jourdainkobycheva.com\/en\/#organization","name":"Polina Jourdain Kobycheva - Photographer","url":"https:\/\/jourdainkobycheva.com\/en\/","logo":{"@type":"ImageObject","inLanguage":"en-US","@id":"https:\/\/jourdainkobycheva.com\/en\/#\/schema\/logo\/image\/","url":"https:\/\/jourdainkobycheva.com\/wp-content\/uploads\/2022\/10\/cropped-logo-polina-1-e1665473695267.png","contentUrl":"https:\/\/jourdainkobycheva.com\/wp-content\/uploads\/2022\/10\/cropped-logo-polina-1-e1665473695267.png","width":363,"height":363,"caption":"Polina Jourdain Kobycheva - Photographe"},"image":{"@id":"https:\/\/jourdainkobycheva.com\/en\/#\/schema\/logo\/image\/"}}]}},"jetpack_sharing_enabled":true,"_links":{"self":[{"href":"https:\/\/jourdainkobycheva.com\/en\/wp-json\/wp\/v2\/product\/181","targetHints":{"allow":["GET"]}}],"collection":[{"href":"https:\/\/jourdainkobycheva.com\/en\/wp-json\/wp\/v2\/product"}],"about":[{"href":"https:\/\/jourdainkobycheva.com\/en\/wp-json\/wp\/v2\/types\/product"}],"wp:featuredmedia":[{"embeddable":true,"href":"https:\/\/jourdainkobycheva.com\/en\/wp-json\/wp\/v2\/media\/182"}],"wp:attachment":[{"href":"https:\/\/jourdainkobycheva.com\/en\/wp-json\/wp\/v2\/media?parent=181"}],"wp:term":[{"taxonomy":"product_brand","embeddable":true,"href":"https:\/\/jourdainkobycheva.com\/en\/wp-json\/wp\/v2\/product_brand?post=181"},{"taxonomy":"product_cat","embeddable":true,"href":"https:\/\/jourdainkobycheva.com\/en\/wp-json\/wp\/v2\/product_cat?post=181"},{"taxonomy":"product_tag","embeddable":true,"href":"https:\/\/jourdainkobycheva.com\/en\/wp-json\/wp\/v2\/product_tag?post=181"}],"curies":[{"name":"wp","href":"https:\/\/api.w.org\/{rel}","templated":true}]}}