{"id":157,"date":"2022-10-07T15:49:43","date_gmt":"2022-10-07T13:49:43","guid":{"rendered":"http:\/\/jourdaa.cluster028.hosting.ovh.net\/?post_type=product&#038;p=157"},"modified":"2022-10-19T10:23:10","modified_gmt":"2022-10-19T08:23:10","slug":"pilota-arimak","status":"publish","type":"product","link":"https:\/\/jourdainkobycheva.com\/en\/product\/pilota-arimak\/","title":{"rendered":"Pilota arimak"},"content":{"rendered":"<p>The souls of pelota (pilota arimak) are the objects that allow this sport to exist: pala, chistera, xare, leather gloves and the most emblematic of all, the ball, pilota, which gave its name in signature. The souls of pelota are also these artisans who create and allow this centuries-old activity to continue. Photographer Polina Jourdain-Kobycheva entered the intimacy of the workshops to tell us the story of these men and these materials. Texts by Yves Carlier, bilingual French \u2013 Basque edition<\/p>","protected":false},"excerpt":{"rendered":"<ul>\n<li class=\"font_8\">ISBN 979-10-90257-38-2<\/li>\n<li class=\"font_8\">Arteaz Editions, 2021<\/li>\n<li class=\"font_8\">photography, art, Basque pelota, history, crafts.<\/li>\n<li class=\"font_8\">84 pages.<\/li>\n<li class=\"font_8\">27 width x 22 height.<\/li>\n<li class=\"font_8\">Cover on 2.5mm cardboard<\/li>\n<\/ul>","protected":false},"featured_media":159,"template":"","meta":{"_et_pb_use_builder":"off","_et_pb_old_content":"Les \u00e2mes de la pelote (pilota arimak), ce sont les objets qui permettent \u00e0 ce sport d\u2019exister : pala, chistera, xare, gants de cuir et le plus embl\u00e9matique d\u2019entre tous, la balle, pilota, qui a donn\u00e9 son nom en signature.\r\n\r\nLes \u00e2mes de la pelote, ce sont aussi ces artisans qui cr\u00e9ent et permettent \u00e0 cette activit\u00e9 multi-s\u00e9culaire de se perp\u00e9tuer.\r\n\r\nLa photographe Polina Jourdain-Kobycheva est entr\u00e9e dans l\u2019intimit\u00e9 des ateliers pour nous raconter l\u2019histoire de ces hommes et de ces mat\u00e9riaux.\r\n\r\nTextes d\u2019Yves Carlier, \u00e9dition bilingue fran\u00e7ais \u2013 basque","_et_gb_content_width":""},"product_brand":[],"product_cat":[22],"product_tag":[],"class_list":{"0":"post-157","1":"product","2":"type-product","3":"status-publish","4":"has-post-thumbnail","6":"product_cat-editions","8":"first","9":"instock","10":"shipping-taxable","11":"purchasable","12":"product-type-simple"},"yoast_head":"<!-- This site is optimized with the Yoast SEO plugin v27.3 - https:\/\/yoast.com\/product\/yoast-seo-wordpress\/ -->\n<title>Pilota arimak - Polina Jourdain Kobycheva - Photographe<\/title>\n<meta name=\"robots\" content=\"index, follow, max-snippet:-1, max-image-preview:large, max-video-preview:-1\" \/>\n<link rel=\"canonical\" href=\"https:\/\/jourdainkobycheva.com\/en\/product\/pilota-arimak\/\" \/>\n<meta property=\"og:locale\" content=\"en_US\" \/>\n<meta property=\"og:type\" content=\"article\" \/>\n<meta property=\"og:title\" content=\"Pilota arimak - Polina Jourdain Kobycheva - Photographe\" \/>\n<meta property=\"og:description\" content=\"ISBN 979-10-90257-38-2  \u00c9ditions Arteaz, 2021  photographie, art, pelote basque, histoire,\u00a0artisanat.  84 pages.  27 largeur \u00a0x 22 hauteur.  Couverture sur carton 2,5mm\" \/>\n<meta property=\"og:url\" content=\"https:\/\/jourdainkobycheva.com\/en\/product\/pilota-arimak\/\" \/>\n<meta property=\"og:site_name\" content=\"Polina Jourdain Kobycheva - Photographe\" \/>\n<meta property=\"article:modified_time\" content=\"2022-10-19T08:23:10+00:00\" \/>\n<meta property=\"og:image\" content=\"https:\/\/jourdainkobycheva.com\/wp-content\/uploads\/2022\/10\/Pilota-Arimak-e1665479997580.jpg\" \/>\n\t<meta property=\"og:image:width\" content=\"886\" \/>\n\t<meta property=\"og:image:height\" content=\"682\" \/>\n\t<meta property=\"og:image:type\" content=\"image\/jpeg\" \/>\n<meta name=\"twitter:card\" content=\"summary_large_image\" \/>\n<script type=\"application\/ld+json\" class=\"yoast-schema-graph\">{\"@context\":\"https:\\\/\\\/schema.org\",\"@graph\":[{\"@type\":\"WebPage\",\"@id\":\"https:\\\/\\\/jourdainkobycheva.com\\\/en\\\/product\\\/pilota-arimak\\\/\",\"url\":\"https:\\\/\\\/jourdainkobycheva.com\\\/en\\\/product\\\/pilota-arimak\\\/\",\"name\":\"Pilota arimak - Polina Jourdain Kobycheva - Photographe\",\"isPartOf\":{\"@id\":\"https:\\\/\\\/jourdainkobycheva.com\\\/#website\"},\"primaryImageOfPage\":{\"@id\":\"https:\\\/\\\/jourdainkobycheva.com\\\/en\\\/product\\\/pilota-arimak\\\/#primaryimage\"},\"image\":{\"@id\":\"https:\\\/\\\/jourdainkobycheva.com\\\/en\\\/product\\\/pilota-arimak\\\/#primaryimage\"},\"thumbnailUrl\":\"https:\\\/\\\/jourdainkobycheva.com\\\/wp-content\\\/uploads\\\/2022\\\/10\\\/Pilota-Arimak-e1665479997580.jpg\",\"datePublished\":\"2022-10-07T13:49:43+00:00\",\"dateModified\":\"2022-10-19T08:23:10+00:00\",\"breadcrumb\":{\"@id\":\"https:\\\/\\\/jourdainkobycheva.com\\\/en\\\/product\\\/pilota-arimak\\\/#breadcrumb\"},\"inLanguage\":\"en-US\",\"potentialAction\":[{\"@type\":\"ReadAction\",\"target\":[\"https:\\\/\\\/jourdainkobycheva.com\\\/en\\\/product\\\/pilota-arimak\\\/\"]}]},{\"@type\":\"ImageObject\",\"inLanguage\":\"en-US\",\"@id\":\"https:\\\/\\\/jourdainkobycheva.com\\\/en\\\/product\\\/pilota-arimak\\\/#primaryimage\",\"url\":\"https:\\\/\\\/jourdainkobycheva.com\\\/wp-content\\\/uploads\\\/2022\\\/10\\\/Pilota-Arimak-e1665479997580.jpg\",\"contentUrl\":\"https:\\\/\\\/jourdainkobycheva.com\\\/wp-content\\\/uploads\\\/2022\\\/10\\\/Pilota-Arimak-e1665479997580.jpg\",\"width\":886,\"height\":682,\"caption\":\"Pilota arimak\"},{\"@type\":\"BreadcrumbList\",\"@id\":\"https:\\\/\\\/jourdainkobycheva.com\\\/en\\\/product\\\/pilota-arimak\\\/#breadcrumb\",\"itemListElement\":[{\"@type\":\"ListItem\",\"position\":1,\"name\":\"Accueil\",\"item\":\"https:\\\/\\\/jourdainkobycheva.com\\\/\"},{\"@type\":\"ListItem\",\"position\":2,\"name\":\"Boutique\",\"item\":\"http:\\\/\\\/jourdainkobycheva.com\\\/es\\\/boutique\\\/\"},{\"@type\":\"ListItem\",\"position\":3,\"name\":\"Pilota arimak\"}]},{\"@type\":\"WebSite\",\"@id\":\"https:\\\/\\\/jourdainkobycheva.com\\\/#website\",\"url\":\"https:\\\/\\\/jourdainkobycheva.com\\\/\",\"name\":\"Polina Jourdain Kobycheva - Photographe\",\"description\":\"Photos pelote basque - Danse - Pays basque\",\"publisher\":{\"@id\":\"https:\\\/\\\/jourdainkobycheva.com\\\/#organization\"},\"potentialAction\":[{\"@type\":\"SearchAction\",\"target\":{\"@type\":\"EntryPoint\",\"urlTemplate\":\"https:\\\/\\\/jourdainkobycheva.com\\\/?s={search_term_string}\"},\"query-input\":{\"@type\":\"PropertyValueSpecification\",\"valueRequired\":true,\"valueName\":\"search_term_string\"}}],\"inLanguage\":\"en-US\"},{\"@type\":\"Organization\",\"@id\":\"https:\\\/\\\/jourdainkobycheva.com\\\/#organization\",\"name\":\"Polina Jourdain Kobycheva - Photographe\",\"url\":\"https:\\\/\\\/jourdainkobycheva.com\\\/\",\"logo\":{\"@type\":\"ImageObject\",\"inLanguage\":\"en-US\",\"@id\":\"https:\\\/\\\/jourdainkobycheva.com\\\/#\\\/schema\\\/logo\\\/image\\\/\",\"url\":\"https:\\\/\\\/jourdainkobycheva.com\\\/wp-content\\\/uploads\\\/2022\\\/10\\\/cropped-logo-polina-1-e1665473695267.png\",\"contentUrl\":\"https:\\\/\\\/jourdainkobycheva.com\\\/wp-content\\\/uploads\\\/2022\\\/10\\\/cropped-logo-polina-1-e1665473695267.png\",\"width\":363,\"height\":363,\"caption\":\"Polina Jourdain Kobycheva - Photographe\"},\"image\":{\"@id\":\"https:\\\/\\\/jourdainkobycheva.com\\\/#\\\/schema\\\/logo\\\/image\\\/\"}}]}<\/script>\n<!-- \/ Yoast SEO plugin. -->","yoast_head_json":{"title":"Pilota arimak - Polina Jourdain Kobycheva - Photographe","robots":{"index":"index","follow":"follow","max-snippet":"max-snippet:-1","max-image-preview":"max-image-preview:large","max-video-preview":"max-video-preview:-1"},"canonical":"https:\/\/jourdainkobycheva.com\/en\/product\/pilota-arimak\/","og_locale":"en_US","og_type":"article","og_title":"Pilota arimak - Polina Jourdain Kobycheva - Photographe","og_description":"ISBN 979-10-90257-38-2  \u00c9ditions Arteaz, 2021  photographie, art, pelote basque, histoire,\u00a0artisanat.  84 pages.  27 largeur \u00a0x 22 hauteur.  Couverture sur carton 2,5mm","og_url":"https:\/\/jourdainkobycheva.com\/en\/product\/pilota-arimak\/","og_site_name":"Polina Jourdain Kobycheva - Photographe","article_modified_time":"2022-10-19T08:23:10+00:00","og_image":[{"width":886,"height":682,"url":"https:\/\/jourdainkobycheva.com\/wp-content\/uploads\/2022\/10\/Pilota-Arimak-e1665479997580.jpg","type":"image\/jpeg"}],"twitter_card":"summary_large_image","schema":{"@context":"https:\/\/schema.org","@graph":[{"@type":"WebPage","@id":"https:\/\/jourdainkobycheva.com\/en\/product\/pilota-arimak\/","url":"https:\/\/jourdainkobycheva.com\/en\/product\/pilota-arimak\/","name":"Pilota arimak - Polina Jourdain Kobycheva - Photographe","isPartOf":{"@id":"https:\/\/jourdainkobycheva.com\/#website"},"primaryImageOfPage":{"@id":"https:\/\/jourdainkobycheva.com\/en\/product\/pilota-arimak\/#primaryimage"},"image":{"@id":"https:\/\/jourdainkobycheva.com\/en\/product\/pilota-arimak\/#primaryimage"},"thumbnailUrl":"https:\/\/jourdainkobycheva.com\/wp-content\/uploads\/2022\/10\/Pilota-Arimak-e1665479997580.jpg","datePublished":"2022-10-07T13:49:43+00:00","dateModified":"2022-10-19T08:23:10+00:00","breadcrumb":{"@id":"https:\/\/jourdainkobycheva.com\/en\/product\/pilota-arimak\/#breadcrumb"},"inLanguage":"en-US","potentialAction":[{"@type":"ReadAction","target":["https:\/\/jourdainkobycheva.com\/en\/product\/pilota-arimak\/"]}]},{"@type":"ImageObject","inLanguage":"en-US","@id":"https:\/\/jourdainkobycheva.com\/en\/product\/pilota-arimak\/#primaryimage","url":"https:\/\/jourdainkobycheva.com\/wp-content\/uploads\/2022\/10\/Pilota-Arimak-e1665479997580.jpg","contentUrl":"https:\/\/jourdainkobycheva.com\/wp-content\/uploads\/2022\/10\/Pilota-Arimak-e1665479997580.jpg","width":886,"height":682,"caption":"Pilota arimak"},{"@type":"BreadcrumbList","@id":"https:\/\/jourdainkobycheva.com\/en\/product\/pilota-arimak\/#breadcrumb","itemListElement":[{"@type":"ListItem","position":1,"name":"Accueil","item":"https:\/\/jourdainkobycheva.com\/"},{"@type":"ListItem","position":2,"name":"Boutique","item":"http:\/\/jourdainkobycheva.com\/es\/boutique\/"},{"@type":"ListItem","position":3,"name":"Pilota arimak"}]},{"@type":"WebSite","@id":"https:\/\/jourdainkobycheva.com\/#website","url":"https:\/\/jourdainkobycheva.com\/","name":"Polina Jourdain Kobycheva - Photographer","description":"Photos pelote basque - Danse - Pays basque","publisher":{"@id":"https:\/\/jourdainkobycheva.com\/#organization"},"potentialAction":[{"@type":"SearchAction","target":{"@type":"EntryPoint","urlTemplate":"https:\/\/jourdainkobycheva.com\/?s={search_term_string}"},"query-input":{"@type":"PropertyValueSpecification","valueRequired":true,"valueName":"search_term_string"}}],"inLanguage":"en-US"},{"@type":"Organization","@id":"https:\/\/jourdainkobycheva.com\/#organization","name":"Polina Jourdain Kobycheva - Photographer","url":"https:\/\/jourdainkobycheva.com\/","logo":{"@type":"ImageObject","inLanguage":"en-US","@id":"https:\/\/jourdainkobycheva.com\/#\/schema\/logo\/image\/","url":"https:\/\/jourdainkobycheva.com\/wp-content\/uploads\/2022\/10\/cropped-logo-polina-1-e1665473695267.png","contentUrl":"https:\/\/jourdainkobycheva.com\/wp-content\/uploads\/2022\/10\/cropped-logo-polina-1-e1665473695267.png","width":363,"height":363,"caption":"Polina Jourdain Kobycheva - Photographe"},"image":{"@id":"https:\/\/jourdainkobycheva.com\/#\/schema\/logo\/image\/"}}]}},"jetpack_sharing_enabled":true,"_links":{"self":[{"href":"https:\/\/jourdainkobycheva.com\/en\/wp-json\/wp\/v2\/product\/157","targetHints":{"allow":["GET"]}}],"collection":[{"href":"https:\/\/jourdainkobycheva.com\/en\/wp-json\/wp\/v2\/product"}],"about":[{"href":"https:\/\/jourdainkobycheva.com\/en\/wp-json\/wp\/v2\/types\/product"}],"wp:featuredmedia":[{"embeddable":true,"href":"https:\/\/jourdainkobycheva.com\/en\/wp-json\/wp\/v2\/media\/159"}],"wp:attachment":[{"href":"https:\/\/jourdainkobycheva.com\/en\/wp-json\/wp\/v2\/media?parent=157"}],"wp:term":[{"taxonomy":"product_brand","embeddable":true,"href":"https:\/\/jourdainkobycheva.com\/en\/wp-json\/wp\/v2\/product_brand?post=157"},{"taxonomy":"product_cat","embeddable":true,"href":"https:\/\/jourdainkobycheva.com\/en\/wp-json\/wp\/v2\/product_cat?post=157"},{"taxonomy":"product_tag","embeddable":true,"href":"https:\/\/jourdainkobycheva.com\/en\/wp-json\/wp\/v2\/product_tag?post=157"}],"curies":[{"name":"wp","href":"https:\/\/api.w.org\/{rel}","templated":true}]}}