{"id":358,"date":"2022-10-14T09:53:35","date_gmt":"2022-10-14T07:53:35","guid":{"rendered":"http:\/\/jourdaa.cluster028.hosting.ovh.net\/?page_id=358"},"modified":"2026-01-05T13:55:38","modified_gmt":"2026-01-05T12:55:38","slug":"mentions-legales","status":"publish","type":"page","link":"https:\/\/jourdainkobycheva.com\/en\/mentions-legales\/","title":{"rendered":"Legal Notice"},"content":{"rendered":"[et_pb_section admin_label=\u00a0\u00bbsection\u00a0\u00bb]\n\t\t\t[et_pb_row admin_label=\u00a0\u00bbrow\u00a0\u00bb]\n\t\t\t\t[et_pb_column type=\u00a0\u00bb4_4&Prime;][et_pb_text admin_label=\u00a0\u00bbText\u00a0\u00bb]\n<p><\/p>\n\n\n\n<p><strong>Informations \u00e9diteur<\/strong><\/p>\n\n\n\n<p> Polina Jourdain-Kobycheva<\/p>\n\n\n\n<p>Si\u00e8ge social, 57 avenue du Pr\u00e9sident Kennedy \u2013 64200 BIARRITZ<\/p>\n\n\n\n<p>SIRET : 82391430400014<\/p>\n\n\n\n<p>Direction de la publication : Polina Jourdain-Kobycheva<\/p>\n\n\n\n<p><strong>Responsabilit\u00e9s<\/strong><\/p>\n\n\n\n<p>L\u2019utilisateur est seul responsable de l\u2019utilisation des informations accessibles via ce site. Polina Jourdain-Kobycheva se r\u00e9serve le droit de modifier \u00e0 tout moment les pr\u00e9sentes notamment en actualisant ce site.<\/p>\n\n\n\n<p><strong>H\u00e9bergeur du site<\/strong><\/p>\n\n\n\n<p>OVH \u2013 140 Quai du Sartel<\/p>\n\n\n\n<p>59100 Roubaix \u2013 France<\/p>\n\n\n\n<p><strong>Liens hypertextes<\/strong><\/p>\n\n\n\n<p>Les sites ext\u00e9rieurs au site de Polina Jourdain-Kobycheva ayant un lien hypertexte avec le pr\u00e9sent site ne sont pas sous le contr\u00f4le de Polina Jourdain-Kobycheva, qui d\u00e9cline par cons\u00e9quent toute responsabilit\u00e9 quant \u00e0 leur contenu. L\u2019utilisateur est seul responsable de leur utilisation.<\/p>\n\n\n\n<p>La cr\u00e9ation de liens hypertextes vers le site de Polina Jourdain-Kobycheva est soumise \u00e0 l\u2019accord pr\u00e9alable de Polina Jourdain-Kobycheva. Pour toute demande, vous pouvez envoyer un message via le site et son formulaire de contact.<\/p>\n\n\n\n<p><strong>Droits d\u2019auteur \/ Copyright<\/strong><\/p>\n\n\n\n<p>Polina Jourdain-Kobycheva a ouvert ce site pour l\u2019information personnelle de ses utilisateurs. Aucune exploitation commerciale m\u00eame partielle des donn\u00e9es qui y sont pr\u00e9sent\u00e9es ne pourra \u00eatre effectu\u00e9e sans l\u2019accord pr\u00e9alable et \u00e9crit de Polina Jourdain-Kobycheva.<\/p>\n\n\n\n<p>La pr\u00e9sentation et le contenu du pr\u00e9sent site, constituent ensemble, une \u0153uvre prot\u00e9g\u00e9e par les lois en vigueur sur la propri\u00e9t\u00e9 intellectuelle, dont Polina Jourdain-Kobycheva est titulaire. Aucune reproduction et\/ou repr\u00e9sentation, partielle ou int\u00e9grale, ne pourra en \u00eatre faite sans l\u2019accord pr\u00e9alable et \u00e9crit de Polina Jourdain-Kobycheva.<\/p>\n\n\n\n<p>Les dessins, photographies, images, textes, s\u00e9quences anim\u00e9es sonores ou non, et autres documentations repr\u00e9sent\u00e9s sur le pr\u00e9sent site Internet sont objets de droits de propri\u00e9t\u00e9 industrielle et\/ou intellectuelle et sont selon les cas, propri\u00e9t\u00e9 de Polina Jourdain-Kobycheva ou de tiers ayant autoris\u00e9 limitativement Polina Jourdain-Kobycheva \u00e0 les utiliser.<\/p>\n\n\n\n<p>A ce titre, toute reproduction, repr\u00e9sentation, adaptation, traduction, et\/ou transformation, partielles ou int\u00e9grales, ou transfert sur un autre site sont interdites. La copie \u00e0 usage priv\u00e9 de ces diff\u00e9rents objets de droits est autoris\u00e9e. Leur reproduction partielle ou int\u00e9grale, sans l\u2019accord pr\u00e9alable et \u00e9crit de Polina Jourdain-Kobycheva, est strictement interdite, \u00e0 l\u2019exception de celle r\u00e9alis\u00e9e pour les besoins de la presse.<\/p>\n\n\n\n<p>Les informations contenues dans ce site ne lient pas contractuellement la soci\u00e9t\u00e9 Polina Jourdain-Kobycheva<\/p>\n[\/et_pb_text][\/et_pb_column]\n\t\t\t[\/et_pb_row]\n\t\t[\/et_pb_section]","protected":false},"excerpt":{"rendered":"<p>Informations \u00e9diteur Polina Jourdain-Kobycheva Si\u00e8ge social, 57 avenue du Pr\u00e9sident Kennedy \u2013 64200 BIARRITZ SIRET : 82391430400014 Direction de la publication : Polina Jourdain-Kobycheva Responsabilit\u00e9s L\u2019utilisateur est seul responsable de l\u2019utilisation des informations accessibles via ce site. Polina Jourdain-Kobycheva se r\u00e9serve le droit de modifier \u00e0 tout moment les pr\u00e9sentes notamment en actualisant ce site. [&hellip;]<\/p>\n","protected":false},"author":2,"featured_media":0,"parent":0,"menu_order":0,"comment_status":"closed","ping_status":"closed","template":"","meta":{"_et_pb_use_builder":"on","_et_pb_old_content":"<!-- wp:paragraph -->\n<p><\/p>\n<!-- \/wp:paragraph -->\n\n<!-- wp:paragraph -->\n<p><strong>Informations \u00e9diteur<\/strong><\/p>\n<!-- \/wp:paragraph -->\n\n<!-- wp:paragraph -->\n<p> Polina Jourdain-Kobycheva<\/p>\n<!-- \/wp:paragraph -->\n\n<!-- wp:paragraph -->\n<p>Si\u00e8ge social, 57 avenue du Pr\u00e9sident Kennedy \u2013 64200 BIARRITZ<\/p>\n<!-- \/wp:paragraph -->\n\n<!-- wp:paragraph -->\n<p>SIRET : 82391430400014<\/p>\n<!-- \/wp:paragraph -->\n\n<!-- wp:paragraph -->\n<p>Direction de la publication : Polina Jourdain-Kobycheva<\/p>\n<!-- \/wp:paragraph -->\n\n<!-- wp:paragraph -->\n<p><strong>Responsabilit\u00e9s<\/strong><\/p>\n<!-- \/wp:paragraph -->\n\n<!-- wp:paragraph -->\n<p>L\u2019utilisateur est seul responsable de l\u2019utilisation des informations accessibles via ce site. Polina Jourdain-Kobycheva se r\u00e9serve le droit de modifier \u00e0 tout moment les pr\u00e9sentes notamment en actualisant ce site.<\/p>\n<!-- \/wp:paragraph -->\n\n<!-- wp:paragraph -->\n<p><strong>H\u00e9bergeur du site<\/strong><\/p>\n<!-- \/wp:paragraph -->\n\n<!-- wp:paragraph -->\n<p>OVH \u2013 140 Quai du Sartel<\/p>\n<!-- \/wp:paragraph -->\n\n<!-- wp:paragraph -->\n<p>59100 Roubaix \u2013 France<\/p>\n<!-- \/wp:paragraph -->\n\n<!-- wp:paragraph -->\n<p><strong>Liens hypertextes<\/strong><\/p>\n<!-- \/wp:paragraph -->\n\n<!-- wp:paragraph -->\n<p>Les sites ext\u00e9rieurs au site de Polina Jourdain-Kobycheva ayant un lien hypertexte avec le pr\u00e9sent site ne sont pas sous le contr\u00f4le de Polina Jourdain-Kobycheva, qui d\u00e9cline par cons\u00e9quent toute responsabilit\u00e9 quant \u00e0 leur contenu. L\u2019utilisateur est seul responsable de leur utilisation.<\/p>\n<!-- \/wp:paragraph -->\n\n<!-- wp:paragraph -->\n<p>La cr\u00e9ation de liens hypertextes vers le site de Polina Jourdain-Kobycheva est soumise \u00e0 l\u2019accord pr\u00e9alable de Polina Jourdain-Kobycheva. Pour toute demande, vous pouvez envoyer un message via le site et son formulaire de contact.<\/p>\n<!-- \/wp:paragraph -->\n\n<!-- wp:paragraph -->\n<p><strong>Droits d\u2019auteur \/ Copyright<\/strong><\/p>\n<!-- \/wp:paragraph -->\n\n<!-- wp:paragraph -->\n<p>Polina Jourdain-Kobycheva a ouvert ce site pour l\u2019information personnelle de ses utilisateurs. Aucune exploitation commerciale m\u00eame partielle des donn\u00e9es qui y sont pr\u00e9sent\u00e9es ne pourra \u00eatre effectu\u00e9e sans l\u2019accord pr\u00e9alable et \u00e9crit de Polina Jourdain-Kobycheva.<\/p>\n<!-- \/wp:paragraph -->\n\n<!-- wp:paragraph -->\n<p>La pr\u00e9sentation et le contenu du pr\u00e9sent site, constituent ensemble, une \u0153uvre prot\u00e9g\u00e9e par les lois en vigueur sur la propri\u00e9t\u00e9 intellectuelle, dont Polina Jourdain-Kobycheva est titulaire. Aucune reproduction et\/ou repr\u00e9sentation, partielle ou int\u00e9grale, ne pourra en \u00eatre faite sans l\u2019accord pr\u00e9alable et \u00e9crit de Polina Jourdain-Kobycheva.<\/p>\n<!-- \/wp:paragraph -->\n\n<!-- wp:paragraph -->\n<p>Les dessins, photographies, images, textes, s\u00e9quences anim\u00e9es sonores ou non, et autres documentations repr\u00e9sent\u00e9s sur le pr\u00e9sent site Internet sont objets de droits de propri\u00e9t\u00e9 industrielle et\/ou intellectuelle et sont selon les cas, propri\u00e9t\u00e9 de Polina Jourdain-Kobycheva ou de tiers ayant autoris\u00e9 limitativement Polina Jourdain-Kobycheva \u00e0 les utiliser.<\/p>\n<!-- \/wp:paragraph -->\n\n<!-- wp:paragraph -->\n<p>A ce titre, toute reproduction, repr\u00e9sentation, adaptation, traduction, et\/ou transformation, partielles ou int\u00e9grales, ou transfert sur un autre site sont interdites. La copie \u00e0 usage priv\u00e9 de ces diff\u00e9rents objets de droits est autoris\u00e9e. Leur reproduction partielle ou int\u00e9grale, sans l\u2019accord pr\u00e9alable et \u00e9crit de Polina Jourdain-Kobycheva, est strictement interdite, \u00e0 l\u2019exception de celle r\u00e9alis\u00e9e pour les besoins de la presse.<\/p>\n<!-- \/wp:paragraph -->\n\n<!-- wp:paragraph -->\n<p>Les informations contenues dans ce site ne lient pas contractuellement la soci\u00e9t\u00e9 Polina Jourdain-Kobycheva<\/p>\n<!-- \/wp:paragraph -->","_et_gb_content_width":"1080","footnotes":""},"class_list":["post-358","page","type-page","status-publish","hentry"],"yoast_head":"<!-- This site is optimized with the Yoast SEO plugin v27.4 - https:\/\/yoast.com\/product\/yoast-seo-wordpress\/ -->\n<title>Mentions l\u00e9gales - Polina Jourdain Kobycheva - Photographe<\/title>\n<meta name=\"robots\" content=\"index, follow, max-snippet:-1, max-image-preview:large, max-video-preview:-1\" \/>\n<link rel=\"canonical\" href=\"https:\/\/jourdainkobycheva.com\/en\/mentions-legales\/\" \/>\n<meta property=\"og:locale\" content=\"en_US\" \/>\n<meta property=\"og:type\" content=\"article\" \/>\n<meta property=\"og:title\" content=\"Mentions l\u00e9gales - Polina Jourdain Kobycheva - Photographe\" \/>\n<meta property=\"og:description\" content=\"Informations \u00e9diteur Polina Jourdain-Kobycheva Si\u00e8ge social, 57 avenue du Pr\u00e9sident Kennedy \u2013 64200 BIARRITZ SIRET : 82391430400014 Direction de la publication : Polina Jourdain-Kobycheva Responsabilit\u00e9s L\u2019utilisateur est seul responsable de l\u2019utilisation des informations accessibles via ce site. Polina Jourdain-Kobycheva se r\u00e9serve le droit de modifier \u00e0 tout moment les pr\u00e9sentes notamment en actualisant ce site. [&hellip;]\" \/>\n<meta property=\"og:url\" content=\"https:\/\/jourdainkobycheva.com\/en\/mentions-legales\/\" \/>\n<meta property=\"og:site_name\" content=\"Polina Jourdain Kobycheva - Photographe\" \/>\n<meta property=\"article:modified_time\" content=\"2026-01-05T12:55:38+00:00\" \/>\n<meta name=\"twitter:card\" content=\"summary_large_image\" \/>\n<meta name=\"twitter:label1\" content=\"Est. reading time\" \/>\n\t<meta name=\"twitter:data1\" content=\"2 minutes\" \/>\n<script type=\"application\/ld+json\" class=\"yoast-schema-graph\">{\"@context\":\"https:\\\/\\\/schema.org\",\"@graph\":[{\"@type\":\"WebPage\",\"@id\":\"https:\\\/\\\/jourdainkobycheva.com\\\/mentions-legales\\\/\",\"url\":\"https:\\\/\\\/jourdainkobycheva.com\\\/mentions-legales\\\/\",\"name\":\"Mentions l\u00e9gales - Polina Jourdain Kobycheva - Photographe\",\"isPartOf\":{\"@id\":\"http:\\\/\\\/jourdainkobycheva.com\\\/#website\"},\"datePublished\":\"2022-10-14T07:53:35+00:00\",\"dateModified\":\"2026-01-05T12:55:38+00:00\",\"breadcrumb\":{\"@id\":\"https:\\\/\\\/jourdainkobycheva.com\\\/mentions-legales\\\/#breadcrumb\"},\"inLanguage\":\"en-US\",\"potentialAction\":[{\"@type\":\"ReadAction\",\"target\":[\"https:\\\/\\\/jourdainkobycheva.com\\\/mentions-legales\\\/\"]}]},{\"@type\":\"BreadcrumbList\",\"@id\":\"https:\\\/\\\/jourdainkobycheva.com\\\/mentions-legales\\\/#breadcrumb\",\"itemListElement\":[{\"@type\":\"ListItem\",\"position\":1,\"name\":\"Accueil\",\"item\":\"http:\\\/\\\/jourdainkobycheva.com\\\/\"},{\"@type\":\"ListItem\",\"position\":2,\"name\":\"Mentions l\u00e9gales\"}]},{\"@type\":\"WebSite\",\"@id\":\"http:\\\/\\\/jourdainkobycheva.com\\\/#website\",\"url\":\"http:\\\/\\\/jourdainkobycheva.com\\\/\",\"name\":\"Polina Jourdain Kobycheva - Photographe\",\"description\":\"Photos pelote basque - Danse - Pays basque\",\"publisher\":{\"@id\":\"http:\\\/\\\/jourdainkobycheva.com\\\/#organization\"},\"potentialAction\":[{\"@type\":\"SearchAction\",\"target\":{\"@type\":\"EntryPoint\",\"urlTemplate\":\"http:\\\/\\\/jourdainkobycheva.com\\\/?s={search_term_string}\"},\"query-input\":{\"@type\":\"PropertyValueSpecification\",\"valueRequired\":true,\"valueName\":\"search_term_string\"}}],\"inLanguage\":\"en-US\"},{\"@type\":\"Organization\",\"@id\":\"http:\\\/\\\/jourdainkobycheva.com\\\/#organization\",\"name\":\"Polina Jourdain Kobycheva - Photographe\",\"url\":\"http:\\\/\\\/jourdainkobycheva.com\\\/\",\"logo\":{\"@type\":\"ImageObject\",\"inLanguage\":\"en-US\",\"@id\":\"http:\\\/\\\/jourdainkobycheva.com\\\/#\\\/schema\\\/logo\\\/image\\\/\",\"url\":\"https:\\\/\\\/jourdainkobycheva.com\\\/wp-content\\\/uploads\\\/2022\\\/10\\\/cropped-logo-polina-1-e1665473695267.png\",\"contentUrl\":\"https:\\\/\\\/jourdainkobycheva.com\\\/wp-content\\\/uploads\\\/2022\\\/10\\\/cropped-logo-polina-1-e1665473695267.png\",\"width\":363,\"height\":363,\"caption\":\"Polina Jourdain Kobycheva - Photographe\"},\"image\":{\"@id\":\"http:\\\/\\\/jourdainkobycheva.com\\\/#\\\/schema\\\/logo\\\/image\\\/\"}}]}<\/script>\n<!-- \/ Yoast SEO plugin. -->","yoast_head_json":{"title":"Mentions l\u00e9gales - Polina Jourdain Kobycheva - Photographe","robots":{"index":"index","follow":"follow","max-snippet":"max-snippet:-1","max-image-preview":"max-image-preview:large","max-video-preview":"max-video-preview:-1"},"canonical":"https:\/\/jourdainkobycheva.com\/en\/mentions-legales\/","og_locale":"en_US","og_type":"article","og_title":"Mentions l\u00e9gales - Polina Jourdain Kobycheva - Photographe","og_description":"Informations \u00e9diteur Polina Jourdain-Kobycheva Si\u00e8ge social, 57 avenue du Pr\u00e9sident Kennedy \u2013 64200 BIARRITZ SIRET : 82391430400014 Direction de la publication : Polina Jourdain-Kobycheva Responsabilit\u00e9s L\u2019utilisateur est seul responsable de l\u2019utilisation des informations accessibles via ce site. Polina Jourdain-Kobycheva se r\u00e9serve le droit de modifier \u00e0 tout moment les pr\u00e9sentes notamment en actualisant ce site. [&hellip;]","og_url":"https:\/\/jourdainkobycheva.com\/en\/mentions-legales\/","og_site_name":"Polina Jourdain Kobycheva - Photographe","article_modified_time":"2026-01-05T12:55:38+00:00","twitter_card":"summary_large_image","twitter_misc":{"Est. reading time":"2 minutes"},"schema":{"@context":"https:\/\/schema.org","@graph":[{"@type":"WebPage","@id":"https:\/\/jourdainkobycheva.com\/mentions-legales\/","url":"https:\/\/jourdainkobycheva.com\/mentions-legales\/","name":"Mentions l\u00e9gales - Polina Jourdain Kobycheva - Photographe","isPartOf":{"@id":"http:\/\/jourdainkobycheva.com\/#website"},"datePublished":"2022-10-14T07:53:35+00:00","dateModified":"2026-01-05T12:55:38+00:00","breadcrumb":{"@id":"https:\/\/jourdainkobycheva.com\/mentions-legales\/#breadcrumb"},"inLanguage":"en-US","potentialAction":[{"@type":"ReadAction","target":["https:\/\/jourdainkobycheva.com\/mentions-legales\/"]}]},{"@type":"BreadcrumbList","@id":"https:\/\/jourdainkobycheva.com\/mentions-legales\/#breadcrumb","itemListElement":[{"@type":"ListItem","position":1,"name":"Accueil","item":"http:\/\/jourdainkobycheva.com\/"},{"@type":"ListItem","position":2,"name":"Mentions l\u00e9gales"}]},{"@type":"WebSite","@id":"http:\/\/jourdainkobycheva.com\/#website","url":"http:\/\/jourdainkobycheva.com\/","name":"Polina Jourdain Kobycheva - Photographer","description":"Photos pelote basque - Danse - Pays basque","publisher":{"@id":"http:\/\/jourdainkobycheva.com\/#organization"},"potentialAction":[{"@type":"SearchAction","target":{"@type":"EntryPoint","urlTemplate":"http:\/\/jourdainkobycheva.com\/?s={search_term_string}"},"query-input":{"@type":"PropertyValueSpecification","valueRequired":true,"valueName":"search_term_string"}}],"inLanguage":"en-US"},{"@type":"Organization","@id":"http:\/\/jourdainkobycheva.com\/#organization","name":"Polina Jourdain Kobycheva - Photographer","url":"http:\/\/jourdainkobycheva.com\/","logo":{"@type":"ImageObject","inLanguage":"en-US","@id":"http:\/\/jourdainkobycheva.com\/#\/schema\/logo\/image\/","url":"https:\/\/jourdainkobycheva.com\/wp-content\/uploads\/2022\/10\/cropped-logo-polina-1-e1665473695267.png","contentUrl":"https:\/\/jourdainkobycheva.com\/wp-content\/uploads\/2022\/10\/cropped-logo-polina-1-e1665473695267.png","width":363,"height":363,"caption":"Polina Jourdain Kobycheva - Photographe"},"image":{"@id":"http:\/\/jourdainkobycheva.com\/#\/schema\/logo\/image\/"}}]}},"jetpack_sharing_enabled":true,"_links":{"self":[{"href":"https:\/\/jourdainkobycheva.com\/en\/wp-json\/wp\/v2\/pages\/358","targetHints":{"allow":["GET"]}}],"collection":[{"href":"https:\/\/jourdainkobycheva.com\/en\/wp-json\/wp\/v2\/pages"}],"about":[{"href":"https:\/\/jourdainkobycheva.com\/en\/wp-json\/wp\/v2\/types\/page"}],"author":[{"embeddable":true,"href":"https:\/\/jourdainkobycheva.com\/en\/wp-json\/wp\/v2\/users\/2"}],"replies":[{"embeddable":true,"href":"https:\/\/jourdainkobycheva.com\/en\/wp-json\/wp\/v2\/comments?post=358"}],"version-history":[{"count":5,"href":"https:\/\/jourdainkobycheva.com\/en\/wp-json\/wp\/v2\/pages\/358\/revisions"}],"predecessor-version":[{"id":1528,"href":"https:\/\/jourdainkobycheva.com\/en\/wp-json\/wp\/v2\/pages\/358\/revisions\/1528"}],"wp:attachment":[{"href":"https:\/\/jourdainkobycheva.com\/en\/wp-json\/wp\/v2\/media?parent=358"}],"curies":[{"name":"wp","href":"https:\/\/api.w.org\/{rel}","templated":true}]}}