{"id":3,"date":"2022-09-29T12:26:21","date_gmt":"2022-09-29T10:26:21","guid":{"rendered":"http:\/\/jourdainkobycheva.com\/?page_id=3"},"modified":"2022-10-14T09:50:39","modified_gmt":"2022-10-14T07:50:39","slug":"politique-de-confidentialite","status":"publish","type":"page","link":"https:\/\/jourdainkobycheva.com\/en\/politique-de-confidentialite\/","title":{"rendered":"Privacy Policy"},"content":{"rendered":"<p><strong>1. Collection of information<\/strong><\/p>\n\n\n\n<p>We collect information when you register on our site, log into your account, make a purchase, enter a contest, and\/or log out. Information collected includes your name, email address, phone number, and\/or credit card.<\/p>\n\n\n\n<p>Additionally, we automatically receive and record information from your computer and browser, including your IP address, software and hardware, and the page you request.<\/p>\n\n\n\n<p><strong>2. Use of information<\/strong><\/p>\n\n\n\n<p>Any information we collect from you may be used to:<\/p>\n\n\n\n<ul class=\"wp-block-list\"><li>Personalize your experience and meet your individual needs<\/li><li>Provide personalized advertising content<\/li><li>Improve our website<\/li><li>Improve customer service and your support needs<\/li><li>Contact you by email<\/li><li>Administer a contest, promotion, or survey<\/li><\/ul>\n\n\n\n<p><strong>3. Online Commerce Privacy<\/strong><\/p>\n\n\n\n<p>We are the sole owners of the information collected on this site. Your personal information will not be sold, exchanged, transferred, or given to any other company for any reason, without your consent, other than as necessary to fulfill a request and\/or transaction, e.g. to ship an order.<\/p>\n\n\n\n<p><strong>4. Disclosure to third parties<\/strong><\/p>\n\n\n\n<p>We do not sell, trade, or otherwise transfer your personally identifiable information to outside parties. This does not include trusted third parties who assist us in operating our website or conducting our business, so long as those parties agree to keep this information confidential.<\/p>\n\n\n\n<p>We believe it is necessary to share information in order to investigate, prevent, or take action regarding illegal activities, suspected fraud, situations involving potential threats to the physical safety of any person, violations of our terms of use, or when the law requires us to do so.<\/p>\n\n\n\n<p>Non-private information, however, may be provided to other parties for marketing, advertising, or other uses.<\/p>\n\n\n\n<p><strong>5. Protection of information<\/strong><\/p>\n\n\n\n<p>We implement a variety of security measures to keep your personal information safe. We use state-of-the-art encryption to protect sensitive information transmitted online. We also protect your information offline. Computers and servers used to store personally identifiable information are kept in a secure environment.<\/p>\n\n\n\n<p>Do we use cookies?<\/p>\n\n\n\n<p>Yes. Our cookies improve access to our site and identify repeat visitors. Additionally, our cookies improve the user experience by tracking and targeting their interests. However, this use of cookies is in no way linked to any personally identifiable information on our site.<\/p>\n\n\n\n<p><strong>6. Unsubscribe<\/strong><\/p>\n\n\n\n<p>We use the email address you provide to send you information and updates relating to your order, occasional company news, related product information, etc. If at any time you would like to unsubscribe from receiving emails, detailed unsubscribe instructions are included at the bottom of each email.<\/p>\n\n\n\n<p><strong>7. Consent<\/strong><br>By using our site, you agree to our privacy policy.<\/p>","protected":false},"excerpt":{"rendered":"<p>1. Collecte de l\u2019information Nous recueillons des informations lorsque vous vous inscrivez sur notre site, lorsque vous vous connectez \u00e0 votre compte, faites un achat, participez \u00e0 un concours, et \/ ou lorsque vous vous d\u00e9connectez. Les informations recueillies incluent votre nom, votre adresse e-mail, num\u00e9ro de t\u00e9l\u00e9phone, et \/ ou carte de cr\u00e9dit. En [&hellip;]<\/p>\n","protected":false},"author":1,"featured_media":0,"parent":0,"menu_order":0,"comment_status":"closed","ping_status":"open","template":"","meta":{"_et_pb_use_builder":"","_et_pb_old_content":"","_et_gb_content_width":"1080","footnotes":""},"class_list":["post-3","page","type-page","status-publish","hentry"],"yoast_head":"<!-- This site is optimized with the Yoast SEO plugin v27.4 - https:\/\/yoast.com\/product\/yoast-seo-wordpress\/ -->\n<title>Politique de confidentialit\u00e9 - Polina Jourdain Kobycheva - Photographe<\/title>\n<meta name=\"robots\" content=\"index, follow, max-snippet:-1, max-image-preview:large, max-video-preview:-1\" \/>\n<link rel=\"canonical\" href=\"http:\/\/jourdainkobycheva.com\/en\/politique-de-confidentialite\/\" \/>\n<meta property=\"og:locale\" content=\"en_US\" \/>\n<meta property=\"og:type\" content=\"article\" \/>\n<meta property=\"og:title\" content=\"Politique de confidentialit\u00e9 - Polina Jourdain Kobycheva - Photographe\" \/>\n<meta property=\"og:description\" content=\"1. Collecte de l\u2019information Nous recueillons des informations lorsque vous vous inscrivez sur notre site, lorsque vous vous connectez \u00e0 votre compte, faites un achat, participez \u00e0 un concours, et \/ ou lorsque vous vous d\u00e9connectez. Les informations recueillies incluent votre nom, votre adresse e-mail, num\u00e9ro de t\u00e9l\u00e9phone, et \/ ou carte de cr\u00e9dit. En [&hellip;]\" \/>\n<meta property=\"og:url\" content=\"http:\/\/jourdainkobycheva.com\/en\/politique-de-confidentialite\/\" \/>\n<meta property=\"og:site_name\" content=\"Polina Jourdain Kobycheva - Photographe\" \/>\n<meta property=\"article:modified_time\" content=\"2022-10-14T07:50:39+00:00\" \/>\n<meta name=\"twitter:card\" content=\"summary_large_image\" \/>\n<meta name=\"twitter:label1\" content=\"Est. reading time\" \/>\n\t<meta name=\"twitter:data1\" content=\"3 minutes\" \/>\n<script type=\"application\/ld+json\" class=\"yoast-schema-graph\">{\"@context\":\"https:\\\/\\\/schema.org\",\"@graph\":[{\"@type\":\"WebPage\",\"@id\":\"http:\\\/\\\/jourdainkobycheva.com\\\/en\\\/politique-de-confidentialite\\\/\",\"url\":\"http:\\\/\\\/jourdainkobycheva.com\\\/en\\\/politique-de-confidentialite\\\/\",\"name\":\"Politique de confidentialit\u00e9 - Polina Jourdain Kobycheva - Photographe\",\"isPartOf\":{\"@id\":\"https:\\\/\\\/jourdainkobycheva.com\\\/en\\\/#website\"},\"datePublished\":\"2022-09-29T10:26:21+00:00\",\"dateModified\":\"2022-10-14T07:50:39+00:00\",\"breadcrumb\":{\"@id\":\"http:\\\/\\\/jourdainkobycheva.com\\\/en\\\/politique-de-confidentialite\\\/#breadcrumb\"},\"inLanguage\":\"en-US\",\"potentialAction\":[{\"@type\":\"ReadAction\",\"target\":[\"http:\\\/\\\/jourdainkobycheva.com\\\/en\\\/politique-de-confidentialite\\\/\"]}]},{\"@type\":\"BreadcrumbList\",\"@id\":\"http:\\\/\\\/jourdainkobycheva.com\\\/en\\\/politique-de-confidentialite\\\/#breadcrumb\",\"itemListElement\":[{\"@type\":\"ListItem\",\"position\":1,\"name\":\"Accueil\",\"item\":\"https:\\\/\\\/jourdainkobycheva.com\\\/en\\\/\"},{\"@type\":\"ListItem\",\"position\":2,\"name\":\"Politique de confidentialit\u00e9\"}]},{\"@type\":\"WebSite\",\"@id\":\"https:\\\/\\\/jourdainkobycheva.com\\\/en\\\/#website\",\"url\":\"https:\\\/\\\/jourdainkobycheva.com\\\/en\\\/\",\"name\":\"Polina Jourdain Kobycheva - Photographe\",\"description\":\"Photos pelote basque - Danse - Pays basque\",\"publisher\":{\"@id\":\"https:\\\/\\\/jourdainkobycheva.com\\\/en\\\/#organization\"},\"potentialAction\":[{\"@type\":\"SearchAction\",\"target\":{\"@type\":\"EntryPoint\",\"urlTemplate\":\"https:\\\/\\\/jourdainkobycheva.com\\\/en\\\/?s={search_term_string}\"},\"query-input\":{\"@type\":\"PropertyValueSpecification\",\"valueRequired\":true,\"valueName\":\"search_term_string\"}}],\"inLanguage\":\"en-US\"},{\"@type\":\"Organization\",\"@id\":\"https:\\\/\\\/jourdainkobycheva.com\\\/en\\\/#organization\",\"name\":\"Polina Jourdain Kobycheva - Photographe\",\"url\":\"https:\\\/\\\/jourdainkobycheva.com\\\/en\\\/\",\"logo\":{\"@type\":\"ImageObject\",\"inLanguage\":\"en-US\",\"@id\":\"https:\\\/\\\/jourdainkobycheva.com\\\/en\\\/#\\\/schema\\\/logo\\\/image\\\/\",\"url\":\"https:\\\/\\\/jourdainkobycheva.com\\\/wp-content\\\/uploads\\\/2022\\\/10\\\/cropped-logo-polina-1-e1665473695267.png\",\"contentUrl\":\"https:\\\/\\\/jourdainkobycheva.com\\\/wp-content\\\/uploads\\\/2022\\\/10\\\/cropped-logo-polina-1-e1665473695267.png\",\"width\":363,\"height\":363,\"caption\":\"Polina Jourdain Kobycheva - Photographe\"},\"image\":{\"@id\":\"https:\\\/\\\/jourdainkobycheva.com\\\/en\\\/#\\\/schema\\\/logo\\\/image\\\/\"}}]}<\/script>\n<!-- \/ Yoast SEO plugin. -->","yoast_head_json":{"title":"Politique de confidentialit\u00e9 - Polina Jourdain Kobycheva - Photographe","robots":{"index":"index","follow":"follow","max-snippet":"max-snippet:-1","max-image-preview":"max-image-preview:large","max-video-preview":"max-video-preview:-1"},"canonical":"http:\/\/jourdainkobycheva.com\/en\/politique-de-confidentialite\/","og_locale":"en_US","og_type":"article","og_title":"Politique de confidentialit\u00e9 - Polina Jourdain Kobycheva - Photographe","og_description":"1. Collecte de l\u2019information Nous recueillons des informations lorsque vous vous inscrivez sur notre site, lorsque vous vous connectez \u00e0 votre compte, faites un achat, participez \u00e0 un concours, et \/ ou lorsque vous vous d\u00e9connectez. Les informations recueillies incluent votre nom, votre adresse e-mail, num\u00e9ro de t\u00e9l\u00e9phone, et \/ ou carte de cr\u00e9dit. En [&hellip;]","og_url":"http:\/\/jourdainkobycheva.com\/en\/politique-de-confidentialite\/","og_site_name":"Polina Jourdain Kobycheva - Photographe","article_modified_time":"2022-10-14T07:50:39+00:00","twitter_card":"summary_large_image","twitter_misc":{"Est. reading time":"3 minutes"},"schema":{"@context":"https:\/\/schema.org","@graph":[{"@type":"WebPage","@id":"http:\/\/jourdainkobycheva.com\/en\/politique-de-confidentialite\/","url":"http:\/\/jourdainkobycheva.com\/en\/politique-de-confidentialite\/","name":"Politique de confidentialit\u00e9 - Polina Jourdain Kobycheva - Photographe","isPartOf":{"@id":"https:\/\/jourdainkobycheva.com\/en\/#website"},"datePublished":"2022-09-29T10:26:21+00:00","dateModified":"2022-10-14T07:50:39+00:00","breadcrumb":{"@id":"http:\/\/jourdainkobycheva.com\/en\/politique-de-confidentialite\/#breadcrumb"},"inLanguage":"en-US","potentialAction":[{"@type":"ReadAction","target":["http:\/\/jourdainkobycheva.com\/en\/politique-de-confidentialite\/"]}]},{"@type":"BreadcrumbList","@id":"http:\/\/jourdainkobycheva.com\/en\/politique-de-confidentialite\/#breadcrumb","itemListElement":[{"@type":"ListItem","position":1,"name":"Accueil","item":"https:\/\/jourdainkobycheva.com\/en\/"},{"@type":"ListItem","position":2,"name":"Politique de confidentialit\u00e9"}]},{"@type":"WebSite","@id":"https:\/\/jourdainkobycheva.com\/en\/#website","url":"https:\/\/jourdainkobycheva.com\/en\/","name":"Polina Jourdain Kobycheva - Photographer","description":"Photos pelote basque - Danse - Pays basque","publisher":{"@id":"https:\/\/jourdainkobycheva.com\/en\/#organization"},"potentialAction":[{"@type":"SearchAction","target":{"@type":"EntryPoint","urlTemplate":"https:\/\/jourdainkobycheva.com\/en\/?s={search_term_string}"},"query-input":{"@type":"PropertyValueSpecification","valueRequired":true,"valueName":"search_term_string"}}],"inLanguage":"en-US"},{"@type":"Organization","@id":"https:\/\/jourdainkobycheva.com\/en\/#organization","name":"Polina Jourdain Kobycheva - Photographer","url":"https:\/\/jourdainkobycheva.com\/en\/","logo":{"@type":"ImageObject","inLanguage":"en-US","@id":"https:\/\/jourdainkobycheva.com\/en\/#\/schema\/logo\/image\/","url":"https:\/\/jourdainkobycheva.com\/wp-content\/uploads\/2022\/10\/cropped-logo-polina-1-e1665473695267.png","contentUrl":"https:\/\/jourdainkobycheva.com\/wp-content\/uploads\/2022\/10\/cropped-logo-polina-1-e1665473695267.png","width":363,"height":363,"caption":"Polina Jourdain Kobycheva - Photographe"},"image":{"@id":"https:\/\/jourdainkobycheva.com\/en\/#\/schema\/logo\/image\/"}}]}},"jetpack_sharing_enabled":true,"_links":{"self":[{"href":"https:\/\/jourdainkobycheva.com\/en\/wp-json\/wp\/v2\/pages\/3","targetHints":{"allow":["GET"]}}],"collection":[{"href":"https:\/\/jourdainkobycheva.com\/en\/wp-json\/wp\/v2\/pages"}],"about":[{"href":"https:\/\/jourdainkobycheva.com\/en\/wp-json\/wp\/v2\/types\/page"}],"author":[{"embeddable":true,"href":"https:\/\/jourdainkobycheva.com\/en\/wp-json\/wp\/v2\/users\/1"}],"replies":[{"embeddable":true,"href":"https:\/\/jourdainkobycheva.com\/en\/wp-json\/wp\/v2\/comments?post=3"}],"version-history":[{"count":1,"href":"https:\/\/jourdainkobycheva.com\/en\/wp-json\/wp\/v2\/pages\/3\/revisions"}],"predecessor-version":[{"id":357,"href":"https:\/\/jourdainkobycheva.com\/en\/wp-json\/wp\/v2\/pages\/3\/revisions\/357"}],"wp:attachment":[{"href":"https:\/\/jourdainkobycheva.com\/en\/wp-json\/wp\/v2\/media?parent=3"}],"curies":[{"name":"wp","href":"https:\/\/api.w.org\/{rel}","templated":true}]}}